{"id":9315,"date":"2024-09-17T16:13:12","date_gmt":"2024-09-17T14:13:12","guid":{"rendered":"https:\/\/antcube.shop\/en\/product\/ameisen-ausbruchsschutz-pulver-10ml\/"},"modified":"2026-04-13T09:34:21","modified_gmt":"2026-04-13T07:34:21","slug":"pudra-de-protectie-impotriva-evadarii-furnicilor-10ml","status":"publish","type":"product","link":"https:\/\/antcube.shop\/ro\/produs\/pudra-de-protectie-impotriva-evadarii-furnicilor-10ml\/","title":{"rendered":"Pudr\u0103 de protec\u021bie \u00eempotriva evad\u0103rii furnicilor 10ml"},"content":{"rendered":"<p><strong>Con\u021binut:<\/strong> 8g\/10ml (suficient pentru aproximativ un metru dintr-o band\u0103 de 2 cm l\u0103\u021bime)<\/p>\n<p><strong>Culoare:<\/strong> alb, mat<\/p>\n<p><strong>Material:<\/strong> pe baz\u0103 de talc<\/p>\n<p><strong>Descriere:<\/strong> Pulberea previne apari\u021bia furnicilor prin amestecarea pudrei cu ap\u0103 \u0219i aplicarea ei cu o pensul\u0103 la aproximativ 1 cm sub marginea interioar\u0103 a formicariului. Apa se evapor\u0103 \u0219i r\u0103m\u00e2ne un strat fin de pudr\u0103 de talc.<\/p>\n<p><strong>Avantaj:<\/strong> foarte eficient, de lung\u0103 durat\u0103<\/p>\n<p><strong>Dezavantaj:<\/strong> Stratul de pulbere se poate desprinde dac\u0103 formicarul este scuturat. Este necesar\u0103 o cantitate relativ mare \u00een compara\u021bie cu uleiul sau lacul de protec\u021bie a focarelor<\/p>\n<p><strong>Cerere:<\/strong> Filmul trebuie aplicat pe margine de aproximativ 3 ori mai lat dec\u00e2t lungimea furnicilor.<\/p>","protected":false},"excerpt":{"rendered":"<p>Con\u021binut: 8 g\/l: 8g\/10ml (suficient pentru aprox. un metru dintr-o band\u0103 lat\u0103 de 2 cm) Culoare: alb, mat Material: pe baz\u0103 de talc Descriere: Pulberea previne apari\u021bia furnicilor prin amestecarea pulberii cu ap\u0103 \u0219i aplicarea ei cu o pensul\u0103 la aproximativ 1 cm sub marginea interioar\u0103 a formicarului. Apa se evapor\u0103 \u0219i se formeaz\u0103 un strat fin de","protected":false},"featured_media":9596,"comment_status":"open","ping_status":"closed","template":"","meta":{"_acf_changed":false,"content-type":"","_monsterinsights_skip_tracking":false,"_monsterinsights_sitenote_active":false,"_monsterinsights_sitenote_note":"","_monsterinsights_sitenote_category":0},"product_brand":[],"product_cat":[237],"product_tag":[],"class_list":{"0":"post-9315","1":"product","2":"type-product","3":"status-publish","4":"has-post-thumbnail","6":"product_cat-tools","8":"first","9":"instock","10":"taxable","11":"shipping-taxable","12":"purchasable","13":"product-type-simple"},"acf":[],"aioseo_notices":[],"jetpack_sharing_enabled":true,"_links":{"self":[{"href":"https:\/\/antcube.shop\/ro\/wp-json\/wp\/v2\/product\/9315","targetHints":{"allow":["GET"]}}],"collection":[{"href":"https:\/\/antcube.shop\/ro\/wp-json\/wp\/v2\/product"}],"about":[{"href":"https:\/\/antcube.shop\/ro\/wp-json\/wp\/v2\/types\/product"}],"replies":[{"embeddable":true,"href":"https:\/\/antcube.shop\/ro\/wp-json\/wp\/v2\/comments?post=9315"}],"wp:featuredmedia":[{"embeddable":true,"href":"https:\/\/antcube.shop\/ro\/wp-json\/wp\/v2\/media\/9596"}],"wp:attachment":[{"href":"https:\/\/antcube.shop\/ro\/wp-json\/wp\/v2\/media?parent=9315"}],"wp:term":[{"taxonomy":"product_brand","embeddable":true,"href":"https:\/\/antcube.shop\/ro\/wp-json\/wp\/v2\/product_brand?post=9315"},{"taxonomy":"product_cat","embeddable":true,"href":"https:\/\/antcube.shop\/ro\/wp-json\/wp\/v2\/product_cat?post=9315"},{"taxonomy":"product_tag","embeddable":true,"href":"https:\/\/antcube.shop\/ro\/wp-json\/wp\/v2\/product_tag?post=9315"}],"curies":[{"name":"wp","href":"https:\/\/api.w.org\/{rel}","templated":true}]}}