{"id":9314,"date":"2024-09-17T16:12:51","date_gmt":"2024-09-17T14:12:51","guid":{"rendered":"https:\/\/antcube.shop\/en\/product\/gitterkappe-fein-fur-gittereinsatz-acryl-50mm\/"},"modified":"2026-02-23T10:53:58","modified_gmt":"2026-02-23T09:53:58","slug":"capac-grila-fina-pentru-insertie-grila-acrilica-50mm","status":"publish","type":"product","link":"https:\/\/antcube.shop\/ro\/produs\/capac-grila-fina-pentru-insertie-grila-acrilica-50mm\/","title":{"rendered":"Capac gril\u0103 fin\u0103 - pentru inser\u021bie gril\u0103 acrilic\u0103 50mm"},"content":{"rendered":"<p><strong>Cantitate:<\/strong> 1 bucat\u0103<\/p>\n<p><strong>Dimensiuni:<\/strong> 51x12mm<\/p>\n<p><strong>Culoare:<\/strong> transparent<\/p>\n<p><strong>Material:<\/strong> plastic<\/p>\n<p><strong>Descriere:<\/strong> Acest capac cu o gril\u0103 foarte fin\u0103 (0,2-0,3 mm) pentru \"Inser\u021bie gril\u0103 acrilic\u0103 50 mm - transparent\u0103\" \u0219i \"Arena furnicilor - ventilator\" \u00eempiedic\u0103 furnicile mici s\u0103 scape prin fantele largi de ventila\u021bie ale inser\u021biei gril\u0103. Capacul se ata\u0219eaz\u0103 la inser\u021bie de jos.<\/p>\n<p><strong>Not\u0103:<\/strong> V\u0103 rug\u0103m s\u0103 re\u021bine\u021bi c\u0103 pute\u021bi utiliza acest articol numai \u00een combina\u021bie cu articolul: \"005044 Grid insert acrylic 50 mm - clear\" sau \"Ventilator Ant arena\"!<\/p>","protected":false},"excerpt":{"rendered":"<p>Cantitate: 1 buc: 1 bucat\u0103 Dimensiuni: 51x12mm 51x12mm Culoare: transparent Material: plastic Descriere: Acest capac cu o gril\u0103 foarte fin\u0103 (0,2-0,3 mm) pentru \"Grid insert acrylic 50 mm - transparent\" \u0219i \"Ant arena - ventilator\" \u00eempiedic\u0103 furnicile mici s\u0103 scape prin fantele largi de ventila\u021bie ale grid insert. Capacul se ata\u0219eaz\u0103 la inser\u021bia din","protected":false},"featured_media":9832,"comment_status":"open","ping_status":"closed","template":"","meta":{"_acf_changed":false,"content-type":"","_monsterinsights_skip_tracking":false,"_monsterinsights_sitenote_active":false,"_monsterinsights_sitenote_note":"","_monsterinsights_sitenote_category":0},"product_brand":[485],"product_cat":[119,238],"product_tag":[],"class_list":{"0":"post-9314","1":"product","2":"type-product","3":"status-publish","4":"has-post-thumbnail","6":"product_brand-antstore","7":"product_cat-formicarium-components","8":"product_cat-grid-caps-plugs-and-inserts","10":"first","11":"instock","12":"taxable","13":"shipping-taxable","14":"purchasable","15":"product-type-simple"},"acf":[],"aioseo_notices":[],"jetpack_sharing_enabled":true,"_links":{"self":[{"href":"https:\/\/antcube.shop\/ro\/wp-json\/wp\/v2\/product\/9314","targetHints":{"allow":["GET"]}}],"collection":[{"href":"https:\/\/antcube.shop\/ro\/wp-json\/wp\/v2\/product"}],"about":[{"href":"https:\/\/antcube.shop\/ro\/wp-json\/wp\/v2\/types\/product"}],"replies":[{"embeddable":true,"href":"https:\/\/antcube.shop\/ro\/wp-json\/wp\/v2\/comments?post=9314"}],"wp:featuredmedia":[{"embeddable":true,"href":"https:\/\/antcube.shop\/ro\/wp-json\/wp\/v2\/media\/9832"}],"wp:attachment":[{"href":"https:\/\/antcube.shop\/ro\/wp-json\/wp\/v2\/media?parent=9314"}],"wp:term":[{"taxonomy":"product_brand","embeddable":true,"href":"https:\/\/antcube.shop\/ro\/wp-json\/wp\/v2\/product_brand?post=9314"},{"taxonomy":"product_cat","embeddable":true,"href":"https:\/\/antcube.shop\/ro\/wp-json\/wp\/v2\/product_cat?post=9314"},{"taxonomy":"product_tag","embeddable":true,"href":"https:\/\/antcube.shop\/ro\/wp-json\/wp\/v2\/product_tag?post=9314"}],"curies":[{"name":"wp","href":"https:\/\/api.w.org\/{rel}","templated":true}]}}