{"id":9311,"date":"2024-09-17T16:11:32","date_gmt":"2024-09-17T14:11:32","guid":{"rendered":"https:\/\/antcube.shop\/en\/product\/gitterkappe-40mm-edelstahl\/"},"modified":"2026-03-16T10:38:12","modified_gmt":"2026-03-16T09:38:12","slug":"capac-grila-40mm-otel-inoxidabil","status":"publish","type":"product","link":"https:\/\/antcube.shop\/ro\/produs\/capac-grila-40mm-otel-inoxidabil\/","title":{"rendered":"Capac gril\u0103 - 40mm - o\u021bel inoxidabil"},"content":{"rendered":"<p><strong>Cantitate:<\/strong> 1 bucat\u0103<\/p>\n<p><strong>Dimensiuni:<\/strong> 40mm (diametru interior), 50x8mm (dimensiuni exterioare)<\/p>\n<p><strong>Culoare:<\/strong> transparent<\/p>\n<p><strong>Material:<\/strong> o\u021bel inoxidabil, sticl\u0103 acrilic\u0103<\/p>\n<p><strong>Descriere:<\/strong><br \/>\nAcest capac cu o gril\u0103 foarte fin\u0103 din o\u021bel inoxidabil (0,2 mm) poate fi ata\u0219at la o priz\u0103, un tub sau un cap\u0103t de furtun \u0219i asigur\u0103 o bun\u0103 ventila\u021bie a formicarului f\u0103r\u0103 ca furnicile s\u0103 poat\u0103 sc\u0103pa. At\u00e2t grila din o\u021bel inoxidabil, c\u00e2t \u0219i rama din sticl\u0103 acrilic\u0103 sunt transparente.<\/p>\n<p><strong>Not\u0103:<\/strong> De asemenea, potrivit pentru speciile foarte mu\u0219c\u0103toare, cum ar fi furnicile t\u0103ietoare de frunze!<\/p>","protected":false},"excerpt":{"rendered":"<p>Cantitate: 1 buc: 1 bucat\u0103 Dimensiuni: 40mm (diametru interior), 50x8mm (dimensiuni exterioare) Culoare: transparent Material: o\u021bel inoxidabil, sticl\u0103 acrilic\u0103 Descriere: Acest capac de gril\u0103 cu o gril\u0103 foarte fin\u0103 din o\u021bel inoxidabil (0,2 mm) poate fi ata\u0219at la o priz\u0103, un tub sau un cap\u0103t de furtun \u0219i asigur\u0103 o bun\u0103 ventila\u021bie a formicarului f\u0103r\u0103 ca furnicile s\u0103 poat\u0103 sc\u0103pa. At\u00e2t o\u021belul inoxidabil","protected":false},"featured_media":9598,"comment_status":"open","ping_status":"closed","template":"","meta":{"_acf_changed":false,"content-type":"","_monsterinsights_skip_tracking":false,"_monsterinsights_sitenote_active":false,"_monsterinsights_sitenote_note":"","_monsterinsights_sitenote_category":0},"product_brand":[485],"product_cat":[119,238],"product_tag":[],"class_list":{"0":"post-9311","1":"product","2":"type-product","3":"status-publish","4":"has-post-thumbnail","6":"product_brand-antstore","7":"product_cat-formicarium-components","8":"product_cat-grid-caps-plugs-and-inserts","10":"first","11":"instock","12":"taxable","13":"shipping-taxable","14":"purchasable","15":"product-type-simple"},"acf":[],"aioseo_notices":[],"jetpack_sharing_enabled":true,"_links":{"self":[{"href":"https:\/\/antcube.shop\/ro\/wp-json\/wp\/v2\/product\/9311","targetHints":{"allow":["GET"]}}],"collection":[{"href":"https:\/\/antcube.shop\/ro\/wp-json\/wp\/v2\/product"}],"about":[{"href":"https:\/\/antcube.shop\/ro\/wp-json\/wp\/v2\/types\/product"}],"replies":[{"embeddable":true,"href":"https:\/\/antcube.shop\/ro\/wp-json\/wp\/v2\/comments?post=9311"}],"wp:featuredmedia":[{"embeddable":true,"href":"https:\/\/antcube.shop\/ro\/wp-json\/wp\/v2\/media\/9598"}],"wp:attachment":[{"href":"https:\/\/antcube.shop\/ro\/wp-json\/wp\/v2\/media?parent=9311"}],"wp:term":[{"taxonomy":"product_brand","embeddable":true,"href":"https:\/\/antcube.shop\/ro\/wp-json\/wp\/v2\/product_brand?post=9311"},{"taxonomy":"product_cat","embeddable":true,"href":"https:\/\/antcube.shop\/ro\/wp-json\/wp\/v2\/product_cat?post=9311"},{"taxonomy":"product_tag","embeddable":true,"href":"https:\/\/antcube.shop\/ro\/wp-json\/wp\/v2\/product_tag?post=9311"}],"curies":[{"name":"wp","href":"https:\/\/api.w.org\/{rel}","templated":true}]}}