{"id":9309,"date":"2024-09-17T16:10:44","date_gmt":"2024-09-17T14:10:44","guid":{"rendered":"https:\/\/antcube.shop\/en\/product\/einsteckeinsatz-fein-fur-gittereinsatz-acryl-50-mm\/"},"modified":"2026-03-24T16:45:14","modified_gmt":"2026-03-24T15:45:14","slug":"einsteckeinsatz-fein-fur-gittereinsatz-acryl-50-mm","status":"publish","type":"product","link":"https:\/\/antcube.shop\/ro\/produs\/einsteckeinsatz-fein-fur-gittereinsatz-acryl-50-mm\/","title":{"rendered":"Inser\u021bie fin\u0103 - pentru inser\u021bie gril\u0103 acrilic\u0103 50 mm"},"content":{"rendered":"<p><strong>Cantitate:<\/strong> 1 bucat\u0103<\/p>\n<p><strong>Dimensiuni:<\/strong> 50x10mm<\/p>\n<p><strong>Culoare:<\/strong> transparent<\/p>\n<p><strong>Material:<\/strong> plastic<\/p>\n<p><strong>Descriere:<\/strong><br \/>\nAceast\u0103 inser\u021bie cu ochiuri foarte fine (0,2-0,3 mm) pentru \"inser\u021bia cu ochiuri acrilice 50 mm - transparent\u0103\" \u00eempiedic\u0103 furnicile mici s\u0103 scape prin fantele largi de ventila\u021bie ale inser\u021biei cu ochiuri. Inser\u021bia se introduce \u00een inser\u021bia cu plas\u0103 de jos.<\/p>\n<p>De asemenea, potrivit pentru speciile foarte mu\u0219c\u0103toare, cum ar fi furnicile t\u0103ietoare de frunze!<\/p>\n<p><strong>Not\u0103:<\/strong> V\u0103 rug\u0103m s\u0103 re\u021bine\u021bi c\u0103 pute\u021bi utiliza acest articol numai \u00een combina\u021bie cu articolul: \"005044 Inser\u021bie gril\u0103 acrilic\u0103 50 mm - transparent\u0103\"!<\/p>","protected":false},"excerpt":{"rendered":"<p>Cantitate: 1 buc: 1 bucat\u0103 Dimensiuni: 50 x 50 cm 50x10mm Culoare: transparent Material: plastic Descriere: Aceast\u0103 inser\u021bie cu ochiuri foarte fine (0,2-0,3 mm) pentru \"inser\u021bia cu ochiuri acrilice 50 mm - transparent\u0103\" \u00eempiedic\u0103 furnicile mici s\u0103 scape prin fantele largi de ventila\u021bie ale inser\u021biei cu ochiuri. Inser\u021bia se introduce \u00een inser\u021bia cu plas\u0103 din partea de jos. De asemenea, potrivit pentru foarte","protected":false},"featured_media":9842,"comment_status":"open","ping_status":"closed","template":"","meta":{"_acf_changed":false,"content-type":"","_monsterinsights_skip_tracking":false,"_monsterinsights_sitenote_active":false,"_monsterinsights_sitenote_note":"","_monsterinsights_sitenote_category":0},"product_brand":[],"product_cat":[119,238],"product_tag":[],"class_list":{"0":"post-9309","1":"product","2":"type-product","3":"status-publish","4":"has-post-thumbnail","6":"product_cat-formicarium-components","7":"product_cat-grid-caps-plugs-and-inserts","9":"first","10":"outofstock","11":"taxable","12":"shipping-taxable","13":"purchasable","14":"product-type-simple"},"acf":[],"aioseo_notices":[],"jetpack_sharing_enabled":true,"_links":{"self":[{"href":"https:\/\/antcube.shop\/ro\/wp-json\/wp\/v2\/product\/9309","targetHints":{"allow":["GET"]}}],"collection":[{"href":"https:\/\/antcube.shop\/ro\/wp-json\/wp\/v2\/product"}],"about":[{"href":"https:\/\/antcube.shop\/ro\/wp-json\/wp\/v2\/types\/product"}],"replies":[{"embeddable":true,"href":"https:\/\/antcube.shop\/ro\/wp-json\/wp\/v2\/comments?post=9309"}],"wp:featuredmedia":[{"embeddable":true,"href":"https:\/\/antcube.shop\/ro\/wp-json\/wp\/v2\/media\/9842"}],"wp:attachment":[{"href":"https:\/\/antcube.shop\/ro\/wp-json\/wp\/v2\/media?parent=9309"}],"wp:term":[{"taxonomy":"product_brand","embeddable":true,"href":"https:\/\/antcube.shop\/ro\/wp-json\/wp\/v2\/product_brand?post=9309"},{"taxonomy":"product_cat","embeddable":true,"href":"https:\/\/antcube.shop\/ro\/wp-json\/wp\/v2\/product_cat?post=9309"},{"taxonomy":"product_tag","embeddable":true,"href":"https:\/\/antcube.shop\/ro\/wp-json\/wp\/v2\/product_tag?post=9309"}],"curies":[{"name":"wp","href":"https:\/\/api.w.org\/{rel}","templated":true}]}}