{"id":9308,"date":"2024-09-17T16:10:24","date_gmt":"2024-09-17T14:10:24","guid":{"rendered":"https:\/\/antcube.shop\/en\/product\/dosierfilter-16mm\/"},"modified":"2026-04-13T09:32:28","modified_gmt":"2026-04-13T07:32:28","slug":"filtru-de-dozare-16mm","status":"publish","type":"product","link":"https:\/\/antcube.shop\/ro\/produs\/filtru-de-dozare-16mm\/","title":{"rendered":"Filtru de dozare 16mm"},"content":{"rendered":"<p><strong>Dimensiuni:<\/strong> 20 mm lungime, diametru 14 mm pentru tuburi de cuib de 16 mm<\/p>\n<p><strong>Cuprins:<\/strong><br \/>\n1x filtru de dozare<\/p>\n<p><strong>Material:<\/strong> Mediu filtrant<\/p>\n<p><strong>Descriere:<\/strong> Filtrul dozator separ\u0103 furnicile de rezervorul de ap\u0103 din tubul cuibului. Cu toate acestea, for\u021bele capilare permit trecerea prin filtru a unei cantit\u0103\u021bi suficiente de umiditate pentru aprovizionarea furnicilor.<\/p>\n<p><strong>Culori:<\/strong> alb<\/p>","protected":false},"excerpt":{"rendered":"<p>Dimensiuni: 20mm lungime, diametru 14mm pentru tuburi cuib de 16mm Con\u021binut: 1x filtru de dozare Material: Mediu filtrant Descriere: Filtrul dozator separ\u0103 furnicile de rezervorul de ap\u0103 din tubul cuib. Cu toate acestea, for\u021bele capilare permit ca suficient\u0103 umiditate s\u0103 treac\u0103 prin filtru pentru a alimenta furnicile. Culori: alb<\/p>","protected":false},"featured_media":9847,"comment_status":"open","ping_status":"closed","template":"","meta":{"_acf_changed":false,"content-type":"","_monsterinsights_skip_tracking":false,"_monsterinsights_sitenote_active":false,"_monsterinsights_sitenote_note":"","_monsterinsights_sitenote_category":0},"product_brand":[],"product_cat":[237],"product_tag":[],"class_list":{"0":"post-9308","1":"product","2":"type-product","3":"status-publish","4":"has-post-thumbnail","6":"product_cat-tools","8":"first","9":"instock","10":"taxable","11":"shipping-taxable","12":"purchasable","13":"product-type-simple"},"acf":[],"aioseo_notices":[],"jetpack_sharing_enabled":true,"_links":{"self":[{"href":"https:\/\/antcube.shop\/ro\/wp-json\/wp\/v2\/product\/9308","targetHints":{"allow":["GET"]}}],"collection":[{"href":"https:\/\/antcube.shop\/ro\/wp-json\/wp\/v2\/product"}],"about":[{"href":"https:\/\/antcube.shop\/ro\/wp-json\/wp\/v2\/types\/product"}],"replies":[{"embeddable":true,"href":"https:\/\/antcube.shop\/ro\/wp-json\/wp\/v2\/comments?post=9308"}],"wp:featuredmedia":[{"embeddable":true,"href":"https:\/\/antcube.shop\/ro\/wp-json\/wp\/v2\/media\/9847"}],"wp:attachment":[{"href":"https:\/\/antcube.shop\/ro\/wp-json\/wp\/v2\/media?parent=9308"}],"wp:term":[{"taxonomy":"product_brand","embeddable":true,"href":"https:\/\/antcube.shop\/ro\/wp-json\/wp\/v2\/product_brand?post=9308"},{"taxonomy":"product_cat","embeddable":true,"href":"https:\/\/antcube.shop\/ro\/wp-json\/wp\/v2\/product_cat?post=9308"},{"taxonomy":"product_tag","embeddable":true,"href":"https:\/\/antcube.shop\/ro\/wp-json\/wp\/v2\/product_tag?post=9308"}],"curies":[{"name":"wp","href":"https:\/\/api.w.org\/{rel}","templated":true}]}}