{"id":9293,"date":"2024-09-17T16:00:14","date_gmt":"2024-09-17T14:00:14","guid":{"rendered":"https:\/\/antcube.shop\/en\/product\/pilz-von-acromyrmex-octospinosus\/"},"modified":"2026-04-10T11:59:07","modified_gmt":"2026-04-10T09:59:07","slug":"ciuperca-de-acromyrmex-octospinosus","status":"publish","type":"product","link":"https:\/\/antcube.shop\/ro\/produs\/ciuperca-de-acromyrmex-octospinosus\/","title":{"rendered":"Ciuperca din Acromyrmex octospinosus"},"content":{"rendered":"<p><span data-text-color=\"alert\"><strong>Expediere posibil\u0103 numai \u00een Germania!<\/strong><\/span><\/p>\n<p><strong>Cantitate:<\/strong> (set)<br \/>\n1x tub de transport<br \/>\n1x dop permeabil la aer<br \/>\n1x ciuperc\u0103 proasp\u0103t\u0103 de cel pu\u021bin 1cm\u00b3<\/p>\n<p><strong>Descriere:<\/strong> Oferim o ciuperc\u0103 de \u00eenlocuire pentru situa\u021biile de urgen\u021b\u0103 \u00een care ciuperca furnicilor t\u0103ietoare de frunze scade sau moare din cauza temperaturii incorecte, a umidit\u0103\u021bii sau din alte motive.<br \/>\nO unitate de 1 cm\u00b3 este suficient\u0103 pentru repornirea unei colonii de 11-25 de animale.<br \/>\nCiuperca furnizat\u0103 poate con\u021bine mici \u00eengrijitori de ciuperci (mini lucr\u0103tori).<br \/>\nAce\u0219ti mici mini-lucr\u0103tori nu reprezint\u0103 o problem\u0103 pentru colonia existent\u0103, deoarece au grij\u0103 doar de ciuperc\u0103.<\/p>\n<p><strong>Utilizare:<\/strong><br \/>\nCiuperc\u0103 = pentru speciile de furnici m\u00e2nc\u0103toare de ciuperci<br \/>\nAceasta este o hran\u0103 complet\u0103 (hran\u0103 unic\u0103)<br \/>\nContainerul de transport trebuie deschis \u0219i plasat l\u00e2ng\u0103 colonia de furnici. Animalele vor transporta apoi singure buc\u0103\u021bile de ciuperc\u0103.<\/p>\n<p><strong>Depozitare:<\/strong> 25\u00b0C \u0219i umiditate 90%<\/p>\n<p><strong>Con\u021bine:<\/strong><br \/>\nbuc\u0103\u021bi de ciuperci proaspete \u0219i originale din speciile de furnici men\u021bionate.<\/p>\n<p><strong>Not\u0103:<\/strong><br \/>\nPentru informa\u021bii suplimentare, v\u0103 rug\u0103m s\u0103 consulta\u021bi prospectul.<\/p>\n<p>Linia telefonic\u0103 pentru informa\u021bii +49 30 439703870<\/p>\n<p><strong>Inspectoratul veterinar \u0219i alimentar responsabil:<\/strong><br \/>\nCabinet veterinar Steglitz<br \/>\nK\u00f6nigin-Luise-Str. 92<br \/>\n14195 Berlin<\/p>","protected":false},"excerpt":{"rendered":"<p>Hran\u0103 complet\u0103<\/p>","protected":false},"featured_media":9783,"comment_status":"open","ping_status":"closed","template":"","meta":{"_acf_changed":false,"content-type":"","_monsterinsights_skip_tracking":false,"_monsterinsights_sitenote_active":false,"_monsterinsights_sitenote_note":"","_monsterinsights_sitenote_category":0},"product_brand":[],"product_cat":[115,116],"product_tag":[],"class_list":{"0":"post-9293","1":"product","2":"type-product","3":"status-publish","4":"has-post-thumbnail","6":"product_cat-food-and-feeding","7":"product_cat-food","9":"first","10":"onbackorder","11":"taxable","12":"shipping-taxable","13":"purchasable","14":"product-type-simple"},"acf":[],"aioseo_notices":[],"jetpack_sharing_enabled":true,"_links":{"self":[{"href":"https:\/\/antcube.shop\/ro\/wp-json\/wp\/v2\/product\/9293","targetHints":{"allow":["GET"]}}],"collection":[{"href":"https:\/\/antcube.shop\/ro\/wp-json\/wp\/v2\/product"}],"about":[{"href":"https:\/\/antcube.shop\/ro\/wp-json\/wp\/v2\/types\/product"}],"replies":[{"embeddable":true,"href":"https:\/\/antcube.shop\/ro\/wp-json\/wp\/v2\/comments?post=9293"}],"wp:featuredmedia":[{"embeddable":true,"href":"https:\/\/antcube.shop\/ro\/wp-json\/wp\/v2\/media\/9783"}],"wp:attachment":[{"href":"https:\/\/antcube.shop\/ro\/wp-json\/wp\/v2\/media?parent=9293"}],"wp:term":[{"taxonomy":"product_brand","embeddable":true,"href":"https:\/\/antcube.shop\/ro\/wp-json\/wp\/v2\/product_brand?post=9293"},{"taxonomy":"product_cat","embeddable":true,"href":"https:\/\/antcube.shop\/ro\/wp-json\/wp\/v2\/product_cat?post=9293"},{"taxonomy":"product_tag","embeddable":true,"href":"https:\/\/antcube.shop\/ro\/wp-json\/wp\/v2\/product_tag?post=9293"}],"curies":[{"name":"wp","href":"https:\/\/api.w.org\/{rel}","templated":true}]}}