{"id":9291,"date":"2024-09-17T15:59:27","date_gmt":"2024-09-17T13:59:27","guid":{"rendered":"https:\/\/antcube.shop\/en\/product\/brombeerblatter-100g-frisch\/"},"modified":"2026-03-31T20:25:10","modified_gmt":"2026-03-31T18:25:10","slug":"brombeerblatter-100g-frisch","status":"publish","type":"product","link":"https:\/\/antcube.shop\/ro\/produs\/brombeerblatter-100g-frisch\/","title":{"rendered":"Frunze de mure 100g - proaspete"},"content":{"rendered":"<p><strong>Cuprins:<\/strong> 100g frunze proaspete de mure<\/p>\n<p><strong>Descriere:<\/strong> Frunzele de mure ca loc de reproducere pentru speciile de furnici care cultiv\u0103 ciuperci.<\/p>\n<p><strong>Utilizare:<\/strong><br \/>\nFrunze de mure = pentru speciile de furnici care se hr\u0103nesc cu ciuperci<br \/>\nAcesta este un \"furaj complet\" (furaj unic) \u0219i este folosit doar ca un teren de reproducere pentru ciuperc\u0103.<br \/>\nPur \u0219i simplu pune\u021bi frunzele care urmeaz\u0103 s\u0103 fie hr\u0103nite \u00een camera de hr\u0103nire.<\/p>\n<p>Depozitare: 5-8\u00b0C \/ 60-90% umiditate. (alternativ, de asemenea, \u00eentr-un vas cu ap\u0103)<\/p>\n<p><strong>Con\u021bine:<\/strong><br \/>\n100% frunze proaspete de mure<\/p>\n<p><strong>Not\u0103:<\/strong><br \/>\nPentru informa\u021bii suplimentare, v\u0103 rug\u0103m s\u0103 consulta\u021bi prospectul.<\/p>\n<p>Linia telefonic\u0103 pentru informa\u021bii +49 30 439703870<\/p>\n<p>Inspectoratul veterinar \u0219i alimentar responsabil:<br \/>\nCabinet veterinar Steglitz<br \/>\nK\u00f6nigin-Luise-Str. 92<br \/>\n14195 Berlin<\/p>","protected":false},"excerpt":{"rendered":"<p>Con\u021binut: 100 g de fructe de mure: 100g frunze proaspete de mure Descriere: Frunze de mure ca teren de reproducere pentru speciile de furnici cresc\u0103toare de ciuperci. Utilizare: Frunze de mure = pentru specii de furnici cresc\u0103toare de ciuperci Aceasta este o \"hran\u0103 complet\u0103\" (hran\u0103 unic\u0103) \u0219i este utilizat\u0103 doar ca teren de reproducere pentru ciuperci. Pur \u0219i simplu pune\u021bi frunzele care urmeaz\u0103 s\u0103 fie hr\u0103nite \u00een camera de hr\u0103nire. Depozitare: 5-8\u00b0C","protected":false},"featured_media":9603,"comment_status":"open","ping_status":"closed","template":"","meta":{"_acf_changed":false,"content-type":"","_monsterinsights_skip_tracking":false,"_monsterinsights_sitenote_active":false,"_monsterinsights_sitenote_note":"","_monsterinsights_sitenote_category":0},"product_brand":[],"product_cat":[115,116],"product_tag":[],"class_list":{"0":"post-9291","1":"product","2":"type-product","3":"status-publish","4":"has-post-thumbnail","6":"product_cat-food-and-feeding","7":"product_cat-food","9":"first","10":"onbackorder","11":"taxable","12":"shipping-taxable","13":"purchasable","14":"product-type-simple"},"acf":[],"aioseo_notices":[],"jetpack_sharing_enabled":true,"_links":{"self":[{"href":"https:\/\/antcube.shop\/ro\/wp-json\/wp\/v2\/product\/9291","targetHints":{"allow":["GET"]}}],"collection":[{"href":"https:\/\/antcube.shop\/ro\/wp-json\/wp\/v2\/product"}],"about":[{"href":"https:\/\/antcube.shop\/ro\/wp-json\/wp\/v2\/types\/product"}],"replies":[{"embeddable":true,"href":"https:\/\/antcube.shop\/ro\/wp-json\/wp\/v2\/comments?post=9291"}],"wp:featuredmedia":[{"embeddable":true,"href":"https:\/\/antcube.shop\/ro\/wp-json\/wp\/v2\/media\/9603"}],"wp:attachment":[{"href":"https:\/\/antcube.shop\/ro\/wp-json\/wp\/v2\/media?parent=9291"}],"wp:term":[{"taxonomy":"product_brand","embeddable":true,"href":"https:\/\/antcube.shop\/ro\/wp-json\/wp\/v2\/product_brand?post=9291"},{"taxonomy":"product_cat","embeddable":true,"href":"https:\/\/antcube.shop\/ro\/wp-json\/wp\/v2\/product_cat?post=9291"},{"taxonomy":"product_tag","embeddable":true,"href":"https:\/\/antcube.shop\/ro\/wp-json\/wp\/v2\/product_tag?post=9291"}],"curies":[{"name":"wp","href":"https:\/\/api.w.org\/{rel}","templated":true}]}}