{"id":9290,"date":"2024-09-17T15:58:56","date_gmt":"2024-09-17T13:58:56","guid":{"rendered":"https:\/\/antcube.shop\/en\/product\/tranke-45ml-65mm\/"},"modified":"2026-04-10T20:46:09","modified_gmt":"2026-04-10T18:46:09","slug":"tranke-45ml-65mm","status":"publish","type":"product","link":"https:\/\/antcube.shop\/ro\/produs\/tranke-45ml-65mm\/","title":{"rendered":"Recipient de b\u0103ut 45ml - 65mm"},"content":{"rendered":"<p><strong>Lungime:<\/strong> 65 mm, 45 ml<\/p>\n<p><strong>Material:<\/strong> Plastic<\/p>\n<p><strong>Descriere:<\/strong> Astfel \u00eenc\u00e2t furnicile dintr-un formicarium s\u0103 \u00ee\u0219i poat\u0103 asigura suficient\u0103 umiditate. Apa poate fi amestecat\u0103 \u0219i cu miere. Ideal\u0103 \u0219i pentru sezonul de vacan\u021b\u0103. Este recomandat s\u0103 acoperi\u021bi fundul jgheabului cu bumbac absorbant sau cu un burete pentru a preveni \u00eenecarea furnicilor.<\/p>\n<p><strong>Culoarea bazei:<\/strong> alb<\/p>","protected":false},"excerpt":{"rendered":"<p>Lungime: 65 mm, material: plastic<\/p>","protected":false},"featured_media":9606,"comment_status":"open","ping_status":"closed","template":"","meta":{"_acf_changed":false,"content-type":"","_monsterinsights_skip_tracking":false,"_monsterinsights_sitenote_active":false,"_monsterinsights_sitenote_note":"","_monsterinsights_sitenote_category":0},"product_brand":[],"product_cat":[115,117],"product_tag":[],"class_list":{"0":"post-9290","1":"product","2":"type-product","3":"status-publish","4":"has-post-thumbnail","6":"product_cat-food-and-feeding","7":"product_cat-drinkers-for-ants","9":"first","10":"instock","11":"taxable","12":"shipping-taxable","13":"purchasable","14":"product-type-simple"},"acf":[],"aioseo_notices":[],"jetpack_sharing_enabled":true,"_links":{"self":[{"href":"https:\/\/antcube.shop\/ro\/wp-json\/wp\/v2\/product\/9290","targetHints":{"allow":["GET"]}}],"collection":[{"href":"https:\/\/antcube.shop\/ro\/wp-json\/wp\/v2\/product"}],"about":[{"href":"https:\/\/antcube.shop\/ro\/wp-json\/wp\/v2\/types\/product"}],"replies":[{"embeddable":true,"href":"https:\/\/antcube.shop\/ro\/wp-json\/wp\/v2\/comments?post=9290"}],"wp:featuredmedia":[{"embeddable":true,"href":"https:\/\/antcube.shop\/ro\/wp-json\/wp\/v2\/media\/9606"}],"wp:attachment":[{"href":"https:\/\/antcube.shop\/ro\/wp-json\/wp\/v2\/media?parent=9290"}],"wp:term":[{"taxonomy":"product_brand","embeddable":true,"href":"https:\/\/antcube.shop\/ro\/wp-json\/wp\/v2\/product_brand?post=9290"},{"taxonomy":"product_cat","embeddable":true,"href":"https:\/\/antcube.shop\/ro\/wp-json\/wp\/v2\/product_cat?post=9290"},{"taxonomy":"product_tag","embeddable":true,"href":"https:\/\/antcube.shop\/ro\/wp-json\/wp\/v2\/product_tag?post=9290"}],"curies":[{"name":"wp","href":"https:\/\/api.w.org\/{rel}","templated":true}]}}