{"id":9286,"date":"2024-09-17T15:57:15","date_gmt":"2024-09-17T13:57:15","guid":{"rendered":"https:\/\/antcube.shop\/en\/product\/felsschale-mini-granite-rock\/"},"modified":"2026-03-23T09:46:30","modified_gmt":"2026-03-23T08:46:30","slug":"coaja-de-roca-mini-granit-roca","status":"publish","type":"product","link":"https:\/\/antcube.shop\/ro\/produs\/coaja-de-roca-mini-granit-roca\/","title":{"rendered":"Coaj\u0103 de piatr\u0103 mini Granit Rock"},"content":{"rendered":"<p><strong>Dimensiuni:<\/strong> 15 x 10 x 2,5 cm<\/p>\n<p><strong>Culoare:<\/strong> gri<\/p>\n<p><strong>Material:<\/strong> r\u0103\u0219in\u0103 sintetic\u0103<\/p>\n<p><strong>Descriere:<\/strong><br \/>\nPute\u021bi oferi furnicilor hran\u0103 sau ap\u0103 \u00een aceste boluri de piatr\u0103. Bolurile de piatr\u0103 sunt fabricate din r\u0103\u0219in\u0103 sintetic\u0103 robust\u0103 \u0219i nu pot fi distruse de furnici.<\/p>","protected":false},"excerpt":{"rendered":"<p>Dimensiuni: 15 x 10 x 2,5 cm<\/p>","protected":false},"featured_media":9773,"comment_status":"open","ping_status":"closed","template":"","meta":{"_acf_changed":false,"content-type":"","_monsterinsights_skip_tracking":false,"_monsterinsights_sitenote_active":false,"_monsterinsights_sitenote_note":"","_monsterinsights_sitenote_category":0},"product_brand":[],"product_cat":[115,118],"product_tag":[],"class_list":{"0":"post-9286","1":"product","2":"type-product","3":"status-publish","4":"has-post-thumbnail","6":"product_cat-food-and-feeding","7":"product_cat-feeding-bowls","9":"first","10":"instock","11":"taxable","12":"shipping-taxable","13":"purchasable","14":"product-type-simple"},"acf":[],"aioseo_notices":[],"jetpack_sharing_enabled":true,"_links":{"self":[{"href":"https:\/\/antcube.shop\/ro\/wp-json\/wp\/v2\/product\/9286","targetHints":{"allow":["GET"]}}],"collection":[{"href":"https:\/\/antcube.shop\/ro\/wp-json\/wp\/v2\/product"}],"about":[{"href":"https:\/\/antcube.shop\/ro\/wp-json\/wp\/v2\/types\/product"}],"replies":[{"embeddable":true,"href":"https:\/\/antcube.shop\/ro\/wp-json\/wp\/v2\/comments?post=9286"}],"wp:featuredmedia":[{"embeddable":true,"href":"https:\/\/antcube.shop\/ro\/wp-json\/wp\/v2\/media\/9773"}],"wp:attachment":[{"href":"https:\/\/antcube.shop\/ro\/wp-json\/wp\/v2\/media?parent=9286"}],"wp:term":[{"taxonomy":"product_brand","embeddable":true,"href":"https:\/\/antcube.shop\/ro\/wp-json\/wp\/v2\/product_brand?post=9286"},{"taxonomy":"product_cat","embeddable":true,"href":"https:\/\/antcube.shop\/ro\/wp-json\/wp\/v2\/product_cat?post=9286"},{"taxonomy":"product_tag","embeddable":true,"href":"https:\/\/antcube.shop\/ro\/wp-json\/wp\/v2\/product_tag?post=9286"}],"curies":[{"name":"wp","href":"https:\/\/api.w.org\/{rel}","templated":true}]}}