{"id":9274,"date":"2024-09-17T15:00:27","date_gmt":"2024-09-17T13:00:27","guid":{"rendered":"https:\/\/antcube.shop\/en\/product\/mini-hygrometer-analog-metall-25mm\/"},"modified":"2026-04-16T09:54:59","modified_gmt":"2026-04-16T07:54:59","slug":"mini-higrometru-analog-metalic-25mm","status":"publish","type":"product","link":"https:\/\/antcube.shop\/ro\/produs\/mini-higrometru-analog-metalic-25mm\/","title":{"rendered":"Mini higrometru analog metalic - 25mm"},"content":{"rendered":"<p><strong>Dimensiuni:<\/strong> 25mm<\/p>\n<p><strong>Culoare:<\/strong> metal, argint<\/p>\n<p><strong>Domeniul de m\u0103surare:<\/strong> De la 0 la 100%<\/p>\n<p><strong>Precizie:<\/strong> +\/- 5%<\/p>\n<p><strong>Descriere:<\/strong><br \/>\nHigrometru analogic, care este deosebit de potrivit pentru formicaria foarte mic\u0103.<br \/>\nAcesta este montat \u00eentr-o gaur\u0103 de 27 mm folosind \"dopurile Formicarium pentru gaur\u0103 de 27 mm\" cu o decupaj de 22 mm.<br \/>\n\u00cen caz contrar, termometrul poate fi fixat pe spatele interior al formicariului folosind band\u0103 adeziv\u0103 cu dou\u0103 fe\u021be (nu este inclus\u0103).<\/p>\n<p><strong>Not\u0103:<\/strong><br \/>\nNu \u00eenchide\u021bi deschiderea din spate a higrometrului, deoarece acest lucru poate duce la erori de m\u0103surare.<\/p>","protected":false},"excerpt":{"rendered":"<p>Interval de m\u0103surare: 0 p\u00e2n\u0103 la 100%, diametru: 25 mm<\/p>","protected":false},"featured_media":9750,"comment_status":"open","ping_status":"closed","template":"","meta":{"_acf_changed":false,"content-type":"","_monsterinsights_skip_tracking":false,"_monsterinsights_sitenote_active":false,"_monsterinsights_sitenote_note":"","_monsterinsights_sitenote_category":0},"product_brand":[],"product_cat":[359,119],"product_tag":[],"class_list":{"0":"post-9274","1":"product","2":"type-product","3":"status-publish","4":"has-post-thumbnail","6":"product_cat-light-heat-humidity","7":"product_cat-formicarium-components","9":"first","10":"instock","11":"taxable","12":"shipping-taxable","13":"purchasable","14":"product-type-simple"},"acf":[],"aioseo_notices":[],"jetpack_sharing_enabled":true,"_links":{"self":[{"href":"https:\/\/antcube.shop\/ro\/wp-json\/wp\/v2\/product\/9274","targetHints":{"allow":["GET"]}}],"collection":[{"href":"https:\/\/antcube.shop\/ro\/wp-json\/wp\/v2\/product"}],"about":[{"href":"https:\/\/antcube.shop\/ro\/wp-json\/wp\/v2\/types\/product"}],"replies":[{"embeddable":true,"href":"https:\/\/antcube.shop\/ro\/wp-json\/wp\/v2\/comments?post=9274"}],"wp:featuredmedia":[{"embeddable":true,"href":"https:\/\/antcube.shop\/ro\/wp-json\/wp\/v2\/media\/9750"}],"wp:attachment":[{"href":"https:\/\/antcube.shop\/ro\/wp-json\/wp\/v2\/media?parent=9274"}],"wp:term":[{"taxonomy":"product_brand","embeddable":true,"href":"https:\/\/antcube.shop\/ro\/wp-json\/wp\/v2\/product_brand?post=9274"},{"taxonomy":"product_cat","embeddable":true,"href":"https:\/\/antcube.shop\/ro\/wp-json\/wp\/v2\/product_cat?post=9274"},{"taxonomy":"product_tag","embeddable":true,"href":"https:\/\/antcube.shop\/ro\/wp-json\/wp\/v2\/product_tag?post=9274"}],"curies":[{"name":"wp","href":"https:\/\/api.w.org\/{rel}","templated":true}]}}