{"id":9273,"date":"2024-09-17T15:00:07","date_gmt":"2024-09-17T13:00:07","guid":{"rendered":"https:\/\/antcube.shop\/en\/product\/mini-thermometer-analog-metall-25mm\/"},"modified":"2026-04-13T09:32:47","modified_gmt":"2026-04-13T07:32:47","slug":"mini-termometru-analogic-metalic-25mm","status":"publish","type":"product","link":"https:\/\/antcube.shop\/ro\/produs\/mini-termometru-analogic-metalic-25mm\/","title":{"rendered":"Mini termometru analogic din metal - 25mm"},"content":{"rendered":"<p><strong>Dimensiuni:<\/strong> 25mm<\/p>\n<p><strong>Culoare:<\/strong> metal, argint<\/p>\n<p><strong>Domeniul de m\u0103surare:<\/strong> -20 p\u00e2n\u0103 la +50\u00b0C \/ -10 p\u00e2n\u0103 la +130\u00b0F<\/p>\n<p><strong>Precizie:<\/strong> +\/- 2\u00b0C , +\/- 4\u00b0F<\/p>\n<p><strong>Descriere:<\/strong><br \/>\nTermometru analogic, care este deosebit de potrivit pentru formicaria foarte mic\u0103.<br \/>\nAcesta este ata\u0219at la o gaur\u0103 de 27 mm folosind \"Dopul Formicarium pentru gaur\u0103 de 27 mm\" cu o decupaj de 22 mm.<br \/>\n\u00cen caz contrar, termometrul poate fi fixat pe spatele interior al formicariului folosind band\u0103 adeziv\u0103 cu dou\u0103 fe\u021be (nu este inclus\u0103).<\/p>\n<p><strong>Not\u0103:<\/strong><br \/>\nNu \u00eenchide\u021bi deschiderea din spate a termometrului, deoarece acest lucru poate duce la erori de m\u0103surare.<\/p>","protected":false},"excerpt":{"rendered":"<p>Interval de m\u0103surare: -20 p\u00e2n\u0103 la +50\u00b0C \/ -10 p\u00e2n\u0103 la +130\u00b0F, diametru: 25 mm<\/p>","protected":false},"featured_media":9748,"comment_status":"open","ping_status":"closed","template":"","meta":{"_acf_changed":false,"content-type":"","_monsterinsights_skip_tracking":false,"_monsterinsights_sitenote_active":false,"_monsterinsights_sitenote_note":"","_monsterinsights_sitenote_category":0},"product_brand":[],"product_cat":[359,119],"product_tag":[],"class_list":{"0":"post-9273","1":"product","2":"type-product","3":"status-publish","4":"has-post-thumbnail","6":"product_cat-light-heat-humidity","7":"product_cat-formicarium-components","9":"first","10":"instock","11":"taxable","12":"shipping-taxable","13":"purchasable","14":"product-type-simple"},"acf":[],"aioseo_notices":[],"jetpack_sharing_enabled":true,"_links":{"self":[{"href":"https:\/\/antcube.shop\/ro\/wp-json\/wp\/v2\/product\/9273","targetHints":{"allow":["GET"]}}],"collection":[{"href":"https:\/\/antcube.shop\/ro\/wp-json\/wp\/v2\/product"}],"about":[{"href":"https:\/\/antcube.shop\/ro\/wp-json\/wp\/v2\/types\/product"}],"replies":[{"embeddable":true,"href":"https:\/\/antcube.shop\/ro\/wp-json\/wp\/v2\/comments?post=9273"}],"wp:featuredmedia":[{"embeddable":true,"href":"https:\/\/antcube.shop\/ro\/wp-json\/wp\/v2\/media\/9748"}],"wp:attachment":[{"href":"https:\/\/antcube.shop\/ro\/wp-json\/wp\/v2\/media?parent=9273"}],"wp:term":[{"taxonomy":"product_brand","embeddable":true,"href":"https:\/\/antcube.shop\/ro\/wp-json\/wp\/v2\/product_brand?post=9273"},{"taxonomy":"product_cat","embeddable":true,"href":"https:\/\/antcube.shop\/ro\/wp-json\/wp\/v2\/product_cat?post=9273"},{"taxonomy":"product_tag","embeddable":true,"href":"https:\/\/antcube.shop\/ro\/wp-json\/wp\/v2\/product_tag?post=9273"}],"curies":[{"name":"wp","href":"https:\/\/api.w.org\/{rel}","templated":true}]}}