{"id":9272,"date":"2024-09-17T14:59:43","date_gmt":"2024-09-17T12:59:43","guid":{"rendered":"https:\/\/antcube.shop\/en\/product\/mini-thermo-hygrometer-analog-display-stehend\/"},"modified":"2026-04-07T13:50:15","modified_gmt":"2026-04-07T11:50:15","slug":"mini-termohigrometru-afisaj-analogic-stehend","status":"publish","type":"product","link":"https:\/\/antcube.shop\/ro\/produs\/mini-termohigrometru-afisaj-analogic-stehend\/","title":{"rendered":"Mini termo-higrometru analogic - afi\u0219aj - vertical"},"content":{"rendered":"<p><strong>Dimensiuni:<\/strong> 60mm x 60mm, 30mm ad\u00e2ncime<\/p>\n<p><strong>Material:<\/strong> metal \/ sticl\u0103 acrilic\u0103<\/p>\n<p><strong>Culoare:<\/strong> metal, argintiu \/ transparent<\/p>\n<p><strong>Cuprins:<\/strong> 1x mini termometru analog metalic - 25mm, 1x mini higrometru analog metalic - 25mm, 1x suport din sticl\u0103 acrilic\u0103 cu decupaje pentru instrumentele de m\u0103surare - 60x60mm, 1x baz\u0103 din sticl\u0103 acrilic\u0103 - diametru 30mm<\/p>\n<p><strong>Descriere:<\/strong><br \/>\nSetul este format din termometru analogic \u0219i higrometru din metal (25mm), care sunt introduse \u00eentr-o plac\u0103 de sticl\u0103 acrilic\u0103 (60x60mm). Afi\u0219ajul poate fi plasat pe baz\u0103 (30mm) \u00een camera care urmeaz\u0103 s\u0103 fie m\u0103surat\u0103.<\/p>\n<p><strong>Not\u0103:<\/strong><br \/>\nInstrumentele de m\u0103sur\u0103 de pe partea din spate trebuie s\u0103 r\u0103m\u00e2n\u0103 libere, altfel pot ap\u0103rea erori de m\u0103surare.<\/p>\n<p>Precizie: +\/- 2\u00b0C , +\/- 4\u00b0F<br \/>\nAcurate\u021be: +\/- 5%<\/p>","protected":false},"excerpt":{"rendered":"<p>Set de termometru \u0219i higrometru din metal (25mm) inserat \u00een plac\u0103 de sticl\u0103 acrilic\u0103 (75x45mm)<\/p>","protected":false},"featured_media":9745,"comment_status":"open","ping_status":"closed","template":"","meta":{"_acf_changed":false,"content-type":"","_monsterinsights_skip_tracking":false,"_monsterinsights_sitenote_active":false,"_monsterinsights_sitenote_note":"","_monsterinsights_sitenote_category":0},"product_brand":[],"product_cat":[359,119],"product_tag":[],"class_list":{"0":"post-9272","1":"product","2":"type-product","3":"status-publish","4":"has-post-thumbnail","6":"product_cat-light-heat-humidity","7":"product_cat-formicarium-components","9":"first","10":"instock","11":"taxable","12":"shipping-taxable","13":"purchasable","14":"product-type-simple"},"acf":[],"aioseo_notices":[],"jetpack_sharing_enabled":true,"_links":{"self":[{"href":"https:\/\/antcube.shop\/ro\/wp-json\/wp\/v2\/product\/9272","targetHints":{"allow":["GET"]}}],"collection":[{"href":"https:\/\/antcube.shop\/ro\/wp-json\/wp\/v2\/product"}],"about":[{"href":"https:\/\/antcube.shop\/ro\/wp-json\/wp\/v2\/types\/product"}],"replies":[{"embeddable":true,"href":"https:\/\/antcube.shop\/ro\/wp-json\/wp\/v2\/comments?post=9272"}],"wp:featuredmedia":[{"embeddable":true,"href":"https:\/\/antcube.shop\/ro\/wp-json\/wp\/v2\/media\/9745"}],"wp:attachment":[{"href":"https:\/\/antcube.shop\/ro\/wp-json\/wp\/v2\/media?parent=9272"}],"wp:term":[{"taxonomy":"product_brand","embeddable":true,"href":"https:\/\/antcube.shop\/ro\/wp-json\/wp\/v2\/product_brand?post=9272"},{"taxonomy":"product_cat","embeddable":true,"href":"https:\/\/antcube.shop\/ro\/wp-json\/wp\/v2\/product_cat?post=9272"},{"taxonomy":"product_tag","embeddable":true,"href":"https:\/\/antcube.shop\/ro\/wp-json\/wp\/v2\/product_tag?post=9272"}],"curies":[{"name":"wp","href":"https:\/\/api.w.org\/{rel}","templated":true}]}}