{"id":9271,"date":"2024-09-17T14:58:23","date_gmt":"2024-09-17T12:58:23","guid":{"rendered":"https:\/\/antcube.shop\/en\/product\/mini-thermo-hygrometer-analog-display-magnet\/"},"modified":"2026-04-06T20:34:08","modified_gmt":"2026-04-06T18:34:08","slug":"mini-termohigrometru-afisaj-analogic-magnet","status":"publish","type":"product","link":"https:\/\/antcube.shop\/ro\/produs\/mini-termohigrometru-afisaj-analogic-magnet\/","title":{"rendered":"Mini termo-higrometru analogic - afi\u0219aj - magnet"},"content":{"rendered":"<p><strong>Dimensiuni:<\/strong> 75mm x 60mm, 8mm ad\u00e2ncime<\/p>\n<p><strong>Material:<\/strong> metal \/ sticl\u0103 acrilic\u0103<\/p>\n<p><strong>Culoare:<\/strong> metal, argintiu \/ transparent<\/p>\n<p><strong>Cuprins:<\/strong> 1x mini termometru analog metalic - 25mm, 1x mini higrometru analog metalic - 25mm, 1x suport din sticl\u0103 acrilic\u0103 cu decupaje pentru instrumentele de m\u0103surare \u0219i trei magne\u021bi - 75x60mm, 1x plac\u0103 din sticl\u0103 acrilic\u0103 cu magne\u021bi pentru fixarea afi\u0219ajului - 75x20mm,<\/p>\n<p><strong>Descriere:<\/strong><br \/>\nSetul este format din termometru \u0219i higrometru analogice din metal (25 mm), care sunt introduse \u00eentr-o plac\u0103 de sticl\u0103 acrilic\u0103 (75x6 mm). Afi\u0219ajul este ata\u0219at prin intermediul unei pl\u0103ci mici cu magne\u021bi, care este ata\u0219at\u0103 pe cealalt\u0103 parte a pl\u0103cii. Acest lucru face posibil\u0103 adaptarea loca\u021biei afi\u0219ajului valoric la cerin\u021bele individuale. \u00cen compara\u021bie cu pl\u0103cu\u021bele adezive, magne\u021bii fac posibil\u0103 schimbarea pozi\u021biei afi\u0219ajului ori de c\u00e2te ori este necesar.<\/p>\n<p><strong>Not\u0103:<\/strong><br \/>\nInstrumentele de m\u0103sur\u0103 de pe partea din spate trebuie s\u0103 r\u0103m\u00e2n\u0103 libere, altfel pot ap\u0103rea erori de m\u0103surare.<\/p>\n<p>Datorit\u0103 procesului de fabrica\u021bie, pot ap\u0103rea fisuri u\u0219oare sau medii pe piesele magnetice.<\/p>\n<p>Precizie: +\/- 2\u00b0C , +\/- 4\u00b0F<br \/>\nAcurate\u021be: +\/- 5%<\/p>","protected":false},"excerpt":{"rendered":"<p>Set de termometru \u0219i higrometru din metal (25mm) inserat \u00een plac\u0103 de sticl\u0103 acrilic\u0103 (75x45mm)<\/p>","protected":false},"featured_media":9740,"comment_status":"open","ping_status":"closed","template":"","meta":{"_acf_changed":false,"content-type":"","_monsterinsights_skip_tracking":false,"_monsterinsights_sitenote_active":false,"_monsterinsights_sitenote_note":"","_monsterinsights_sitenote_category":0},"product_brand":[],"product_cat":[359,119],"product_tag":[],"class_list":{"0":"post-9271","1":"product","2":"type-product","3":"status-publish","4":"has-post-thumbnail","6":"product_cat-light-heat-humidity","7":"product_cat-formicarium-components","9":"first","10":"instock","11":"taxable","12":"shipping-taxable","13":"purchasable","14":"product-type-simple"},"acf":[],"aioseo_notices":[],"jetpack_sharing_enabled":true,"_links":{"self":[{"href":"https:\/\/antcube.shop\/ro\/wp-json\/wp\/v2\/product\/9271","targetHints":{"allow":["GET"]}}],"collection":[{"href":"https:\/\/antcube.shop\/ro\/wp-json\/wp\/v2\/product"}],"about":[{"href":"https:\/\/antcube.shop\/ro\/wp-json\/wp\/v2\/types\/product"}],"replies":[{"embeddable":true,"href":"https:\/\/antcube.shop\/ro\/wp-json\/wp\/v2\/comments?post=9271"}],"wp:featuredmedia":[{"embeddable":true,"href":"https:\/\/antcube.shop\/ro\/wp-json\/wp\/v2\/media\/9740"}],"wp:attachment":[{"href":"https:\/\/antcube.shop\/ro\/wp-json\/wp\/v2\/media?parent=9271"}],"wp:term":[{"taxonomy":"product_brand","embeddable":true,"href":"https:\/\/antcube.shop\/ro\/wp-json\/wp\/v2\/product_brand?post=9271"},{"taxonomy":"product_cat","embeddable":true,"href":"https:\/\/antcube.shop\/ro\/wp-json\/wp\/v2\/product_cat?post=9271"},{"taxonomy":"product_tag","embeddable":true,"href":"https:\/\/antcube.shop\/ro\/wp-json\/wp\/v2\/product_tag?post=9271"}],"curies":[{"name":"wp","href":"https:\/\/api.w.org\/{rel}","templated":true}]}}