{"id":9270,"date":"2024-09-17T14:57:58","date_gmt":"2024-09-17T12:57:58","guid":{"rendered":"https:\/\/antcube.shop\/en\/product\/mini-thermo-hygrometer-analog-display-front\/"},"modified":"2026-04-02T09:54:55","modified_gmt":"2026-04-02T07:54:55","slug":"mini-termohigrometru-cu-afisaj-analogic-frontal","status":"publish","type":"product","link":"https:\/\/antcube.shop\/ro\/produs\/mini-termohigrometru-cu-afisaj-analogic-frontal\/","title":{"rendered":"Mini termo-higrometru analogic - Afi\u0219aj - fa\u021b\u0103"},"content":{"rendered":"<p><strong>Dimensiuni:<\/strong> 75mm x 60mm, 8mm ad\u00e2ncime<\/p>\n<p><strong>Material:<\/strong> metal \/ sticl\u0103 acrilic\u0103<\/p>\n<p><strong>Culoare:<\/strong> metal, argintiu \/ transparent<\/p>\n<p><strong>Cuprins:<\/strong> 1x mini termometru analogic metalic - 25mm, 1x mini higrometru analogic metalic - 25mm, 1x suport din sticl\u0103 acrilic\u0103 cu decupaje pentru instrumentele de m\u0103sur\u0103 - 75x45mm, 1x baz\u0103 din sticl\u0103 acrilic\u0103 - 75x20mm, 2x tampoane adezive transparente - 30x20mm<\/p>\n<p><strong>Descriere:<\/strong><br \/>\nSetul este format din termometru analogic \u0219i higrometru din metal (25mm), care sunt introduse \u00eentr-o plac\u0103 de sticl\u0103 acrilic\u0103 (75x6mm). Afi\u0219ajul este fixat cu ajutorul a dou\u0103 pl\u0103cu\u021be adezive transparente, care pot fi utilizate pentru a fixa baza pe partea din fa\u021b\u0103 a oric\u0103rei pozi\u021bii de pe peretele piscinei. Acest lucru face posibil\u0103 adaptarea loca\u021biei afi\u0219ajului valoric la cerin\u021bele individuale.<\/p>\n<p><strong>Not\u0103:<\/strong><br \/>\nInstrumentele de m\u0103sur\u0103 de pe partea din spate trebuie s\u0103 r\u0103m\u00e2n\u0103 libere, altfel pot ap\u0103rea erori de m\u0103surare.<\/p>\n<p>Precizie: +\/- 2\u00b0C , +\/- 4\u00b0F<br \/>\nAcurate\u021be: +\/- 5%<\/p>","protected":false},"excerpt":{"rendered":"<p>Set de termometru \u0219i higrometru din metal (25mm) inserat \u00een plac\u0103 de sticl\u0103 acrilic\u0103 (75x45mm)<\/p>","protected":false},"featured_media":9738,"comment_status":"open","ping_status":"closed","template":"","meta":{"_acf_changed":false,"content-type":"","_monsterinsights_skip_tracking":false,"_monsterinsights_sitenote_active":false,"_monsterinsights_sitenote_note":"","_monsterinsights_sitenote_category":0},"product_brand":[],"product_cat":[359,119],"product_tag":[],"class_list":{"0":"post-9270","1":"product","2":"type-product","3":"status-publish","4":"has-post-thumbnail","6":"product_cat-light-heat-humidity","7":"product_cat-formicarium-components","9":"first","10":"instock","11":"taxable","12":"shipping-taxable","13":"purchasable","14":"product-type-simple"},"acf":[],"aioseo_notices":[],"jetpack_sharing_enabled":true,"_links":{"self":[{"href":"https:\/\/antcube.shop\/ro\/wp-json\/wp\/v2\/product\/9270","targetHints":{"allow":["GET"]}}],"collection":[{"href":"https:\/\/antcube.shop\/ro\/wp-json\/wp\/v2\/product"}],"about":[{"href":"https:\/\/antcube.shop\/ro\/wp-json\/wp\/v2\/types\/product"}],"replies":[{"embeddable":true,"href":"https:\/\/antcube.shop\/ro\/wp-json\/wp\/v2\/comments?post=9270"}],"wp:featuredmedia":[{"embeddable":true,"href":"https:\/\/antcube.shop\/ro\/wp-json\/wp\/v2\/media\/9738"}],"wp:attachment":[{"href":"https:\/\/antcube.shop\/ro\/wp-json\/wp\/v2\/media?parent=9270"}],"wp:term":[{"taxonomy":"product_brand","embeddable":true,"href":"https:\/\/antcube.shop\/ro\/wp-json\/wp\/v2\/product_brand?post=9270"},{"taxonomy":"product_cat","embeddable":true,"href":"https:\/\/antcube.shop\/ro\/wp-json\/wp\/v2\/product_cat?post=9270"},{"taxonomy":"product_tag","embeddable":true,"href":"https:\/\/antcube.shop\/ro\/wp-json\/wp\/v2\/product_tag?post=9270"}],"curies":[{"name":"wp","href":"https:\/\/api.w.org\/{rel}","templated":true}]}}