{"id":9269,"date":"2024-09-17T14:52:27","date_gmt":"2024-09-17T12:52:27","guid":{"rendered":"https:\/\/antcube.shop\/en\/product\/heat-pack-stoffbeutel-72-std\/"},"modified":"2026-04-08T10:01:07","modified_gmt":"2026-04-08T08:01:07","slug":"pachet-de-caldura-sac-de-tesatura-72-ore","status":"publish","type":"product","link":"https:\/\/antcube.shop\/ro\/produs\/pachet-de-caldura-sac-de-tesatura-72-ore\/","title":{"rendered":"Pachet termic - pung\u0103 din \u021bes\u0103tur\u0103 - 72 ore."},"content":{"rendered":"<p><strong>Dimensiuni:<\/strong> 15,5 x 11,5 cm<\/p>\n<p>Durata c\u0103ldurii ( h ): ~ 72<\/p>\n<p>Temperatura (max. \/ medie): 52\u00b0C \/ 46\u00b0C<\/p>\n<p><strong>Descriere:<\/strong> Acest HeatPack este un \u00eenc\u0103lzitor cu c\u0103rbune activ \u0219i se activeaz\u0103 prin contact cu aerul. Pur \u0219i simplu scoate\u021bi HeatPack din ambalaj, l\u0103sa\u021bi-l s\u0103 se activeze pentru scurt timp \u00eentr-un mediu f\u0103r\u0103 \u00eenghe\u021b \u0219i pune\u021bi-l \u00eentr-o cutie de transport adecvat\u0103 (de exemplu, o cutie de polistiren). Eliberarea c\u0103ldurii \u00eencepe dup\u0103 c\u00e2teva minute \u0219i va dura p\u00e2n\u0103 la 72 de ore.<\/p>\n<p>Poate fi folosit o singur\u0103 dat\u0103!<\/p>\n<p><strong>Ingrediente:<\/strong> fier, ap\u0103, celuloz\u0103, c\u0103rbune activ, vermiculit\u0103, sare<\/p>","protected":false},"excerpt":{"rendered":"<p>Putere de \u00eenc\u0103lzire timp de 72 de ore.<\/p>","protected":false},"featured_media":9735,"comment_status":"open","ping_status":"closed","template":"","meta":{"_acf_changed":false,"content-type":"","_monsterinsights_skip_tracking":false,"_monsterinsights_sitenote_active":false,"_monsterinsights_sitenote_note":"","_monsterinsights_sitenote_category":0},"product_brand":[],"product_cat":[237],"product_tag":[],"class_list":{"0":"post-9269","1":"product","2":"type-product","3":"status-publish","4":"has-post-thumbnail","6":"product_cat-tools","8":"first","9":"instock","10":"taxable","11":"shipping-taxable","12":"purchasable","13":"product-type-simple"},"acf":[],"aioseo_notices":[],"jetpack_sharing_enabled":true,"_links":{"self":[{"href":"https:\/\/antcube.shop\/ro\/wp-json\/wp\/v2\/product\/9269","targetHints":{"allow":["GET"]}}],"collection":[{"href":"https:\/\/antcube.shop\/ro\/wp-json\/wp\/v2\/product"}],"about":[{"href":"https:\/\/antcube.shop\/ro\/wp-json\/wp\/v2\/types\/product"}],"replies":[{"embeddable":true,"href":"https:\/\/antcube.shop\/ro\/wp-json\/wp\/v2\/comments?post=9269"}],"wp:featuredmedia":[{"embeddable":true,"href":"https:\/\/antcube.shop\/ro\/wp-json\/wp\/v2\/media\/9735"}],"wp:attachment":[{"href":"https:\/\/antcube.shop\/ro\/wp-json\/wp\/v2\/media?parent=9269"}],"wp:term":[{"taxonomy":"product_brand","embeddable":true,"href":"https:\/\/antcube.shop\/ro\/wp-json\/wp\/v2\/product_brand?post=9269"},{"taxonomy":"product_cat","embeddable":true,"href":"https:\/\/antcube.shop\/ro\/wp-json\/wp\/v2\/product_cat?post=9269"},{"taxonomy":"product_tag","embeddable":true,"href":"https:\/\/antcube.shop\/ro\/wp-json\/wp\/v2\/product_tag?post=9269"}],"curies":[{"name":"wp","href":"https:\/\/api.w.org\/{rel}","templated":true}]}}