{"id":9268,"date":"2024-09-17T14:52:05","date_gmt":"2024-09-17T12:52:05","guid":{"rendered":"https:\/\/antcube.shop\/en\/product\/heat-pack-alubeutel-36-std\/"},"modified":"2026-02-09T17:52:40","modified_gmt":"2026-02-09T16:52:40","slug":"pachet-de-caldura-sac-de-aluminiu-36-ore","status":"publish","type":"product","link":"https:\/\/antcube.shop\/ro\/produs\/pachet-de-caldura-sac-de-aluminiu-36-ore\/","title":{"rendered":"Pachet de c\u0103ldur\u0103 - pung\u0103 de aluminiu - 36 ore."},"content":{"rendered":"<p><strong>Dimensiuni:<\/strong> 16 x 11,5 cm<\/p>\n<p><strong>Descriere:<\/strong> Pachetele termice se \u00eenc\u0103lzesc p\u00e2n\u0103 la max. 45\u00b0C atunci c\u00e2nd intr\u0103 \u00een contact cu oxigenul. Acestea sunt utilizate ca surs\u0103 de c\u0103ldur\u0103 la transportul coloniilor de furnici tropicale pentru a preveni hipotermia animalelor. Putere de \u00eenc\u0103lzire pentru aprox. 36 de ore.<\/p>\n<p>Poate fi folosit o singur\u0103 dat\u0103!<\/p>\n<p><strong>Ingrediente:<\/strong> fier, c\u0103rbune activ, belmilite, sare, ap\u0103<\/p>","protected":false},"excerpt":{"rendered":"<p>Putere de \u00eenc\u0103lzire timp de 36 de ore<\/p>","protected":false},"featured_media":9732,"comment_status":"open","ping_status":"closed","template":"","meta":{"_acf_changed":false,"content-type":"","_monsterinsights_skip_tracking":false,"_monsterinsights_sitenote_active":false,"_monsterinsights_sitenote_note":"","_monsterinsights_sitenote_category":0},"product_brand":[],"product_cat":[237],"product_tag":[],"class_list":{"0":"post-9268","1":"product","2":"type-product","3":"status-publish","4":"has-post-thumbnail","6":"product_cat-tools","8":"first","9":"instock","10":"taxable","11":"shipping-taxable","12":"purchasable","13":"product-type-simple"},"acf":[],"aioseo_notices":[],"jetpack_sharing_enabled":true,"_links":{"self":[{"href":"https:\/\/antcube.shop\/ro\/wp-json\/wp\/v2\/product\/9268","targetHints":{"allow":["GET"]}}],"collection":[{"href":"https:\/\/antcube.shop\/ro\/wp-json\/wp\/v2\/product"}],"about":[{"href":"https:\/\/antcube.shop\/ro\/wp-json\/wp\/v2\/types\/product"}],"replies":[{"embeddable":true,"href":"https:\/\/antcube.shop\/ro\/wp-json\/wp\/v2\/comments?post=9268"}],"wp:featuredmedia":[{"embeddable":true,"href":"https:\/\/antcube.shop\/ro\/wp-json\/wp\/v2\/media\/9732"}],"wp:attachment":[{"href":"https:\/\/antcube.shop\/ro\/wp-json\/wp\/v2\/media?parent=9268"}],"wp:term":[{"taxonomy":"product_brand","embeddable":true,"href":"https:\/\/antcube.shop\/ro\/wp-json\/wp\/v2\/product_brand?post=9268"},{"taxonomy":"product_cat","embeddable":true,"href":"https:\/\/antcube.shop\/ro\/wp-json\/wp\/v2\/product_cat?post=9268"},{"taxonomy":"product_tag","embeddable":true,"href":"https:\/\/antcube.shop\/ro\/wp-json\/wp\/v2\/product_tag?post=9268"}],"curies":[{"name":"wp","href":"https:\/\/api.w.org\/{rel}","templated":true}]}}