{"id":9252,"date":"2024-09-17T14:45:01","date_gmt":"2024-09-17T12:45:01","guid":{"rendered":"https:\/\/antcube.shop\/en\/product\/reagenzglas-warmeisolierung-18mm-20cm\/"},"modified":"2026-03-25T09:38:33","modified_gmt":"2026-03-25T08:38:33","slug":"tub-de-testare-izolatie-termica-18mm-20cm","status":"publish","type":"product","link":"https:\/\/antcube.shop\/ro\/produs\/tub-de-testare-izolatie-termica-18mm-20cm\/","title":{"rendered":"Tub de testare izola\u021bie termic\u0103 18mm - 20cm"},"content":{"rendered":"<p><strong>Dimensiuni:<\/strong> 20 x 3,5 x 3,5 cm<\/p>\n<p><strong>Material:<\/strong> spum\u0103<\/p>\n<p><strong>Culoare:<\/strong> gri<\/p>\n<p><strong>Descriere:<\/strong><br \/>\nIzola\u021bie termic\u0103 pentru tuburi de testare de p\u00e2n\u0103 la 16 mm. Pentru transportul \u00een siguran\u021b\u0103 al furnicilor.<\/p>","protected":false},"excerpt":{"rendered":"<p>Dimensiuni: 20 x 3,5 x 3,5 cm<\/p>","protected":false},"featured_media":9694,"comment_status":"open","ping_status":"closed","template":"","meta":{"_acf_changed":false,"content-type":"","_monsterinsights_skip_tracking":false,"_monsterinsights_sitenote_active":false,"_monsterinsights_sitenote_note":"","_monsterinsights_sitenote_category":0},"product_brand":[],"product_cat":[237],"product_tag":[],"class_list":{"0":"post-9252","1":"product","2":"type-product","3":"status-publish","4":"has-post-thumbnail","6":"product_cat-tools","8":"first","9":"instock","10":"taxable","11":"shipping-taxable","12":"purchasable","13":"product-type-simple"},"acf":[],"aioseo_notices":[],"jetpack_sharing_enabled":true,"_links":{"self":[{"href":"https:\/\/antcube.shop\/ro\/wp-json\/wp\/v2\/product\/9252","targetHints":{"allow":["GET"]}}],"collection":[{"href":"https:\/\/antcube.shop\/ro\/wp-json\/wp\/v2\/product"}],"about":[{"href":"https:\/\/antcube.shop\/ro\/wp-json\/wp\/v2\/types\/product"}],"replies":[{"embeddable":true,"href":"https:\/\/antcube.shop\/ro\/wp-json\/wp\/v2\/comments?post=9252"}],"wp:featuredmedia":[{"embeddable":true,"href":"https:\/\/antcube.shop\/ro\/wp-json\/wp\/v2\/media\/9694"}],"wp:attachment":[{"href":"https:\/\/antcube.shop\/ro\/wp-json\/wp\/v2\/media?parent=9252"}],"wp:term":[{"taxonomy":"product_brand","embeddable":true,"href":"https:\/\/antcube.shop\/ro\/wp-json\/wp\/v2\/product_brand?post=9252"},{"taxonomy":"product_cat","embeddable":true,"href":"https:\/\/antcube.shop\/ro\/wp-json\/wp\/v2\/product_cat?post=9252"},{"taxonomy":"product_tag","embeddable":true,"href":"https:\/\/antcube.shop\/ro\/wp-json\/wp\/v2\/product_tag?post=9252"}],"curies":[{"name":"wp","href":"https:\/\/api.w.org\/{rel}","templated":true}]}}