{"id":9249,"date":"2024-09-17T14:43:55","date_gmt":"2024-09-17T12:43:55","guid":{"rendered":"https:\/\/antcube.shop\/en\/product\/antcube-korknest-20x10-stehend\/"},"modified":"2026-04-10T12:30:12","modified_gmt":"2026-04-10T10:30:12","slug":"antcube-korknest-20x10-stehend","status":"publish","type":"product","link":"https:\/\/antcube.shop\/ro\/produs\/antcube-korknest-20x10-stehend\/","title":{"rendered":"ANTCUBE - Cuib de plut\u0103 20\u00d710 - vertical"},"content":{"rendered":"<p><strong>Dimensiuni:<\/strong> 183 x 60 x 20 mm<\/p>\n<p><strong>Material:<\/strong> Plut\u0103 (fin\u0103)<\/p>\n<p>Se potrive\u0219te numai \u00een fermele noastre de furnici de dimensiunea <span style=\"font-size: 10.5pt; font-family: Arial; color: #0000ff; background-color: transparent; font-weight: bold; font-style: normal; font-variant: normal; text-decoration: none; vertical-align: baseline;\">L<\/span><\/p>\n<p><strong>Descriere:<\/strong> Acest cuib de plut\u0103 cu pasaje \u0219i camere prefabricate este potrivit pentru diverse specii de furnici, \u00een special pentru speciile care \u00ee\u0219i fac cuibul \u00een lemn (mort). Acesta are o gaur\u0103 g\u0103urit\u0103 pentru accesul la cuib.<br \/>\nPluta este neutr\u0103 din punct de vedere chimic. Structura sa nu numai c\u0103 este impermeabil\u0103 la lichide, dar nu provoac\u0103 nici reac\u021bii chimice \u0219i, prin urmare, nu este deteriorat\u0103. Cu toate acestea, prea mult\u0103 umiditate poate duce la putrezire pe termen lung \u0219i poate reduce longevitatea cuibului. Cu toate acestea, pluta este foarte rezistent\u0103 la putrezire, la infestarea cu ciuperci \u0219i mucegai. Acest lucru se datoreaz\u0103 suprafe\u021bei \u0219i structurii sale, care nu ofer\u0103 un teren propice pentru colonizarea ciupercilor. Cu toate acestea, reziduurile alimentare \u0219i excrementele animalelor, precum \u0219i alte substan\u021be organice pot favoriza dezvoltarea mucegaiului.<\/p>\n<p>Prin urmare, recomand\u0103m p\u0103strarea \u00een plut\u0103 \u00een principal a speciilor din regiunile uscate. Speciile din habitate umede pot fi totu\u0219i p\u0103strate \u00een acest set, deoarece putrezirea nu este o problem\u0103 pentru majoritatea speciilor. Multe furnici din nordul Europei, cum ar fi Camponotus herculeanus sau Formica fusca, tr\u0103iesc, de asemenea, \u00een lemn putrezit sau \u00een descompunere.<\/p>","protected":false},"excerpt":{"rendered":"<p><strong>Dimensiune:<\/strong> 183 x 60 x 20 mm<\/p>","protected":false},"featured_media":9692,"comment_status":"open","ping_status":"closed","template":"","meta":{"_acf_changed":false,"content-type":"","_monsterinsights_skip_tracking":false,"_monsterinsights_sitenote_active":false,"_monsterinsights_sitenote_note":"","_monsterinsights_sitenote_category":0},"product_brand":[],"product_cat":[87,89],"product_tag":[],"class_list":{"0":"post-9249","1":"product","2":"type-product","3":"status-publish","4":"has-post-thumbnail","6":"product_cat-nest-insets","7":"product_cat-cork","9":"first","10":"instock","11":"taxable","12":"shipping-taxable","13":"purchasable","14":"product-type-simple"},"acf":[],"aioseo_notices":[],"jetpack_sharing_enabled":true,"_links":{"self":[{"href":"https:\/\/antcube.shop\/ro\/wp-json\/wp\/v2\/product\/9249","targetHints":{"allow":["GET"]}}],"collection":[{"href":"https:\/\/antcube.shop\/ro\/wp-json\/wp\/v2\/product"}],"about":[{"href":"https:\/\/antcube.shop\/ro\/wp-json\/wp\/v2\/types\/product"}],"replies":[{"embeddable":true,"href":"https:\/\/antcube.shop\/ro\/wp-json\/wp\/v2\/comments?post=9249"}],"wp:featuredmedia":[{"embeddable":true,"href":"https:\/\/antcube.shop\/ro\/wp-json\/wp\/v2\/media\/9692"}],"wp:attachment":[{"href":"https:\/\/antcube.shop\/ro\/wp-json\/wp\/v2\/media?parent=9249"}],"wp:term":[{"taxonomy":"product_brand","embeddable":true,"href":"https:\/\/antcube.shop\/ro\/wp-json\/wp\/v2\/product_brand?post=9249"},{"taxonomy":"product_cat","embeddable":true,"href":"https:\/\/antcube.shop\/ro\/wp-json\/wp\/v2\/product_cat?post=9249"},{"taxonomy":"product_tag","embeddable":true,"href":"https:\/\/antcube.shop\/ro\/wp-json\/wp\/v2\/product_tag?post=9249"}],"curies":[{"name":"wp","href":"https:\/\/api.w.org\/{rel}","templated":true}]}}