{"id":9248,"date":"2024-09-17T14:43:20","date_gmt":"2024-09-17T12:43:20","guid":{"rendered":"https:\/\/antcube.shop\/en\/product\/antcube-box-10x10-gipsnest-beige\/"},"modified":"2026-01-12T12:38:20","modified_gmt":"2026-01-12T11:38:20","slug":"antcube-box-10x10-cuib-de-ipsos-bej","status":"publish","type":"product","link":"https:\/\/antcube.shop\/ro\/produs\/antcube-box-10x10-cuib-de-ipsos-bej\/","title":{"rendered":"ANTCUBE - Cutie 10\u00d710 - Cuib de ipsos bej"},"content":{"rendered":"<p><strong>Dimensiuni:<\/strong><br \/>\n100x100x100mm<\/p>\n<p><strong>Material:<\/strong><br \/>\nPMMA, PS, ipsos<\/p>\n<p><strong>Culoare:<\/strong> transparent, bej<\/p>\n<p><strong>Con\u021binut:<\/strong><br \/>\n1x cutie 100x100x100mm<br \/>\n1x cadru inserabil<br \/>\n1x capac inserabil cu orificiu de 50 mm<br \/>\n1x inser\u021bie cuib de ipsos<br \/>\n2x dopuri de formicarium 27mm<br \/>\n1x inser\u021bie de gril\u0103 - 50mm - o\u021bel inoxidabil<\/p>\n<p><strong>Descriere:<\/strong><br \/>\nAcest container este prev\u0103zut cu un cadru \u0219i un capac inserabile \u0219i are, de asemenea, dou\u0103 deschideri de 27 mm pentru extensii viitoare. Capacul are o gaur\u0103 de 50 mm \u00een care pot fi inserate grile, ventilatoare sau prize pentru l\u0103mpi. Aceast\u0103 aren\u0103 practic\u0103 \u0219i u\u0219or de \u00eentre\u021binut cu cuib de ipsos integrat este potrivit\u0103 pentru coloniile de funda\u021bie c\u0103rora le place s\u0103 \u00ee\u0219i construiasc\u0103 cuiburile \u00een p\u0103m\u00e2nt sau \u00eentre pietre.<\/p>","protected":false},"excerpt":{"rendered":"<p><strong>Dimensiune:<\/strong> 10x10x10 cm<\/p>","protected":false},"featured_media":9559,"comment_status":"open","ping_status":"closed","template":"","meta":{"_acf_changed":false,"content-type":"","_monsterinsights_skip_tracking":false,"_monsterinsights_sitenote_active":false,"_monsterinsights_sitenote_note":"","_monsterinsights_sitenote_category":0},"product_brand":[],"product_cat":[80,90],"product_tag":[],"class_list":{"0":"post-9248","1":"product","2":"type-product","3":"status-publish","4":"has-post-thumbnail","6":"product_cat-antfarms","7":"product_cat-gypsum","9":"first","10":"instock","11":"taxable","12":"shipping-taxable","13":"purchasable","14":"product-type-simple"},"acf":[],"aioseo_notices":[],"jetpack_sharing_enabled":true,"_links":{"self":[{"href":"https:\/\/antcube.shop\/ro\/wp-json\/wp\/v2\/product\/9248","targetHints":{"allow":["GET"]}}],"collection":[{"href":"https:\/\/antcube.shop\/ro\/wp-json\/wp\/v2\/product"}],"about":[{"href":"https:\/\/antcube.shop\/ro\/wp-json\/wp\/v2\/types\/product"}],"replies":[{"embeddable":true,"href":"https:\/\/antcube.shop\/ro\/wp-json\/wp\/v2\/comments?post=9248"}],"wp:featuredmedia":[{"embeddable":true,"href":"https:\/\/antcube.shop\/ro\/wp-json\/wp\/v2\/media\/9559"}],"wp:attachment":[{"href":"https:\/\/antcube.shop\/ro\/wp-json\/wp\/v2\/media?parent=9248"}],"wp:term":[{"taxonomy":"product_brand","embeddable":true,"href":"https:\/\/antcube.shop\/ro\/wp-json\/wp\/v2\/product_brand?post=9248"},{"taxonomy":"product_cat","embeddable":true,"href":"https:\/\/antcube.shop\/ro\/wp-json\/wp\/v2\/product_cat?post=9248"},{"taxonomy":"product_tag","embeddable":true,"href":"https:\/\/antcube.shop\/ro\/wp-json\/wp\/v2\/product_tag?post=9248"}],"curies":[{"name":"wp","href":"https:\/\/api.w.org\/{rel}","templated":true}]}}