{"id":9247,"date":"2024-09-17T14:42:38","date_gmt":"2024-09-17T12:42:38","guid":{"rendered":"https:\/\/antcube.shop\/en\/product\/antcube-gipsnest-30x30-liegend\/"},"modified":"2026-03-19T18:11:44","modified_gmt":"2026-03-19T17:11:44","slug":"antcube-gipsnest-30x30-liegend","status":"publish","type":"product","link":"https:\/\/antcube.shop\/ro\/produs\/antcube-gipsnest-30x30-liegend\/","title":{"rendered":"ANTCUBE - Cuib de ipsos 30\u00d730 - orizontal"},"content":{"rendered":"<p><span data-text-color=\"alert\"><strong>Expediere posibil\u0103 numai prin GO! \u00een interiorul Germaniei sau prin palet\u0103 \u00een interiorul Europei (f\u0103r\u0103 insule)<\/strong><\/span><\/p>\n<p><strong>Dimensiuni:<\/strong><br \/>\nCuib de ipsos: 290 x 290 x 50mm<br \/>\nCapac de sticl\u0103: 279 x 279 x 4mm<\/p>\n<p><strong>Material:<\/strong> Tencuial\u0103<\/p>\n<p><strong>Cuprins:<\/strong><br \/>\n1x cuib de ipsos 30\u00d730 cu dou\u0103 prize de conectare L 14\/16\/18\/20 x 20mm<\/p>\n<ul>\n<li>Furtunul 14\/10 este introdus ferm \u00een mufa de 14 mm<\/li>\n<li>Furtunul 20\/16 este ata\u0219at ferm la prima treapt\u0103 de 16 mm<\/li>\n<li>Furtunul 22\/18 este ata\u0219at ferm la a doua treapt\u0103 de 20 mm<\/li>\n<li>Furtunul 24\/20 este ata\u0219at liber la a doua treapt\u0103 de 20 mm<\/li>\n<\/ul>\n<p>1x capac de sticl\u0103 cu gaur\u0103 de 50 mm<br \/>\n1x inel acrilic 50mm pentru gaura de 27mm<br \/>\n1x baz\u0103 formicarium 30\u00d730<br \/>\n2x capac gril\u0103 - 16mm - o\u021bel inoxidabil<br \/>\n1x inser\u021bie de gril\u0103 - 27mm - o\u021bel inoxidabil<\/p>\n<p><strong>Descriere:<\/strong> Cuibul nostru din ipsos cu pasaje \u0219i camere prefabricate este potrivit pentru multe specii de furnici, \u00een special pentru speciile care \u00ee\u0219i construiesc cuiburile \u00een soluri foarte nisipoase sau pietroase. Acesta are o gaur\u0103 pentru accesul la cuib. Gipsul are proprietatea de a absorbi apa, astfel \u00eenc\u00e2t o anumit\u0103 cantitate de umiditate este stocat\u0103. Cu toate acestea, cuibul de gips nu trebuie folosit permanent umed, deoarece altfel se poate forma mucegai (din cauza reziduurilor alimentare sau a excrementelor furnicilor). Prin urmare, speciile din regiuni mai degrab\u0103 uscate ar trebui s\u0103 fie p\u0103strate aici, dac\u0103 este posibil. Acestea ar fi speciile din regiunile mediteraneene sau de\u0219ertice, de exemplu.<\/p>\n<p><strong>Not\u0103:<\/strong> Datorit\u0103 designului lor, acestea nu sunt potrivite pentru speciile foarte mici (de exemplu, speciile Pheidole, speciile Temnothorax), pot ap\u0103rea goluri de 0,3 - 0,5 mm.<\/p>\n<p><strong>Not\u0103 privind prizele de conectare<\/strong><br \/>\nC\u00e2nd ata\u0219a\u021bi sau scoate\u021bi furtunurile, v\u0103 rug\u0103m s\u0103 \u021bine\u021bi cont de urm\u0103toarele:<br \/>\n\u00cen cazul \u00een care tubulatura se potrive\u0219te foarte greu pe priza de conectare, aceasta trebuie frecat\u0103 u\u0219or cu o pic\u0103tur\u0103 din uleiul sau pulberea noastr\u0103 antiefrac\u021bie. Furtunul trebuie apoi \u00eempins pe priz\u0103 prin mi\u0219c\u0103ri de r\u0103sucire sau \u00een\u0219urubare, f\u0103r\u0103 a for\u021ba priza cu mi\u0219c\u0103ri de sus \u00een jos. Acela\u0219i lucru este valabil \u0219i atunci c\u00e2nd scoate\u021bi furtunurile din priza de conectare a fermei. V\u0103 rug\u0103m s\u0103 nu trage\u021bi pur \u0219i simplu de el!<\/p>","protected":false},"excerpt":{"rendered":"<p>Expediere posibil\u0103 numai prin GO! \u00een interiorul Germaniei sau prin palet\u0103 \u00een interiorul Europei (f\u0103r\u0103 insule) Dimensiuni: Cuib de ipsos: 290 x 290 x 50mm Capac de sticl\u0103: 279 x 279 x 4mm Material: Ipsos Con\u021binut: 1x cuib de ipsos 1x cuib de ipsos 30x30 cu dou\u0103 prize de conectare L 14\/16\/18\/20 x 20mm Furtunul 14\/10 se introduce ferm \u00een priza de 14mm","protected":false},"featured_media":9683,"comment_status":"open","ping_status":"closed","template":"","meta":{"_acf_changed":false,"content-type":"","_monsterinsights_skip_tracking":false,"_monsterinsights_sitenote_active":false,"_monsterinsights_sitenote_note":"","_monsterinsights_sitenote_category":0},"product_brand":[],"product_cat":[80,83],"product_tag":[],"class_list":{"0":"post-9247","1":"product","2":"type-product","3":"status-publish","4":"has-post-thumbnail","6":"product_cat-antfarms","7":"product_cat-antfarms-l","9":"first","10":"instock","11":"taxable","12":"shipping-taxable","13":"purchasable","14":"product-type-simple"},"acf":[],"aioseo_notices":[],"jetpack_sharing_enabled":true,"_links":{"self":[{"href":"https:\/\/antcube.shop\/ro\/wp-json\/wp\/v2\/product\/9247","targetHints":{"allow":["GET"]}}],"collection":[{"href":"https:\/\/antcube.shop\/ro\/wp-json\/wp\/v2\/product"}],"about":[{"href":"https:\/\/antcube.shop\/ro\/wp-json\/wp\/v2\/types\/product"}],"replies":[{"embeddable":true,"href":"https:\/\/antcube.shop\/ro\/wp-json\/wp\/v2\/comments?post=9247"}],"wp:featuredmedia":[{"embeddable":true,"href":"https:\/\/antcube.shop\/ro\/wp-json\/wp\/v2\/media\/9683"}],"wp:attachment":[{"href":"https:\/\/antcube.shop\/ro\/wp-json\/wp\/v2\/media?parent=9247"}],"wp:term":[{"taxonomy":"product_brand","embeddable":true,"href":"https:\/\/antcube.shop\/ro\/wp-json\/wp\/v2\/product_brand?post=9247"},{"taxonomy":"product_cat","embeddable":true,"href":"https:\/\/antcube.shop\/ro\/wp-json\/wp\/v2\/product_cat?post=9247"},{"taxonomy":"product_tag","embeddable":true,"href":"https:\/\/antcube.shop\/ro\/wp-json\/wp\/v2\/product_tag?post=9247"}],"curies":[{"name":"wp","href":"https:\/\/api.w.org\/{rel}","templated":true}]}}