{"id":9244,"date":"2024-09-17T14:40:42","date_gmt":"2024-09-17T12:40:42","guid":{"rendered":"https:\/\/antcube.shop\/en\/product\/antcube-gipsnest-20x10-stehend\/"},"modified":"2026-03-31T12:29:34","modified_gmt":"2026-03-31T10:29:34","slug":"antcube-gipsnest-20x10-stehend","status":"publish","type":"product","link":"https:\/\/antcube.shop\/ro\/produs\/antcube-gipsnest-20x10-stehend\/","title":{"rendered":"ANTCUBE - Cuib de ipsos 20\u00d710 - vertical"},"content":{"rendered":"<p><strong>Dimensiuni:<\/strong> 182 x 59 x 19,5 mm<\/p>\n<p><strong>Material:<\/strong> tencuial\u0103<\/p>\n<p>Se potrive\u0219te numai \u00een fermele noastre de furnici de dimensiunea <span style=\"font-size: 10.5pt; font-family: Arial; color: #0000ff; background-color: transparent; font-weight: bold; font-style: normal; font-variant: normal; text-decoration: none; vertical-align: baseline;\">L<\/span><\/p>\n<p><strong>Descriere:<\/strong> Cuibul nostru din ipsos cu pasaje \u0219i camere prefabricate este potrivit pentru multe specii de furnici, \u00een special pentru speciile care \u00ee\u0219i construiesc cuiburile \u00een soluri foarte nisipoase sau pietroase. Acesta are o gaur\u0103 pentru accesul la cuib. Gipsul are proprietatea de a absorbi apa, astfel \u00eenc\u00e2t o anumit\u0103 cantitate de umiditate este stocat\u0103. Cu toate acestea, cuibul de gips nu trebuie folosit permanent umed, deoarece altfel se poate forma mucegai (din cauza reziduurilor alimentare sau a excrementelor furnicilor). Prin urmare, speciile din regiuni mai degrab\u0103 uscate ar trebui s\u0103 fie p\u0103strate aici, dac\u0103 este posibil. Acestea ar fi speciile din regiunile mediteraneene sau de\u0219ertice, de exemplu.<\/p>","protected":false},"excerpt":{"rendered":"<p>Dimensiuni: 182 x 59 x 19,5 mm Material: ipsos Se potrive\u0219te numai \u00een mu\u0219uroaiele noastre de furnici de m\u0103rimea L Descriere: Cuibul nostru din ipsos cu pasaje \u0219i camere prefabricate este potrivit pentru multe specii de furnici, \u00een special pentru speciile care \u00ee\u0219i construiesc cuiburile \u00een soluri foarte nisipoase sau pietroase. Acesta are o gaur\u0103 pentru accesul la [...]","protected":false},"featured_media":9676,"comment_status":"open","ping_status":"closed","template":"","meta":{"_acf_changed":false,"content-type":"","_monsterinsights_skip_tracking":false,"_monsterinsights_sitenote_active":false,"_monsterinsights_sitenote_note":"","_monsterinsights_sitenote_category":0},"product_brand":[],"product_cat":[87,90],"product_tag":[],"class_list":{"0":"post-9244","1":"product","2":"type-product","3":"status-publish","4":"has-post-thumbnail","6":"product_cat-nest-insets","7":"product_cat-gypsum","9":"first","10":"instock","11":"taxable","12":"shipping-taxable","13":"purchasable","14":"product-type-simple"},"acf":[],"aioseo_notices":[],"jetpack_sharing_enabled":true,"_links":{"self":[{"href":"https:\/\/antcube.shop\/ro\/wp-json\/wp\/v2\/product\/9244","targetHints":{"allow":["GET"]}}],"collection":[{"href":"https:\/\/antcube.shop\/ro\/wp-json\/wp\/v2\/product"}],"about":[{"href":"https:\/\/antcube.shop\/ro\/wp-json\/wp\/v2\/types\/product"}],"replies":[{"embeddable":true,"href":"https:\/\/antcube.shop\/ro\/wp-json\/wp\/v2\/comments?post=9244"}],"wp:featuredmedia":[{"embeddable":true,"href":"https:\/\/antcube.shop\/ro\/wp-json\/wp\/v2\/media\/9676"}],"wp:attachment":[{"href":"https:\/\/antcube.shop\/ro\/wp-json\/wp\/v2\/media?parent=9244"}],"wp:term":[{"taxonomy":"product_brand","embeddable":true,"href":"https:\/\/antcube.shop\/ro\/wp-json\/wp\/v2\/product_brand?post=9244"},{"taxonomy":"product_cat","embeddable":true,"href":"https:\/\/antcube.shop\/ro\/wp-json\/wp\/v2\/product_cat?post=9244"},{"taxonomy":"product_tag","embeddable":true,"href":"https:\/\/antcube.shop\/ro\/wp-json\/wp\/v2\/product_tag?post=9244"}],"curies":[{"name":"wp","href":"https:\/\/api.w.org\/{rel}","templated":true}]}}