{"id":9239,"date":"2024-09-17T14:33:19","date_gmt":"2024-09-17T12:33:19","guid":{"rendered":"https:\/\/antcube.shop\/en\/product\/antcube-digfix-platte-20x10-l\/"},"modified":"2026-03-23T09:46:56","modified_gmt":"2026-03-23T08:46:56","slug":"placa-digfix-antcube-20x10-l","status":"publish","type":"product","link":"https:\/\/antcube.shop\/ro\/produs\/placa-digfix-antcube-20x10-l\/","title":{"rendered":"ANTCUBE - Plac\u0103 Digfix 20\u00d710 - L"},"content":{"rendered":"<p><strong>Dimensiuni:<\/strong> 183x60x20 mm<\/p>\n<p><strong>Material:<\/strong> Digfix<\/p>\n<p><strong>Descriere:<\/strong> Placa Digfix fabricat\u0103 din material s\u0103p\u0103tor se potrive\u0219te perfect pentru fermele noastre de furnici ANTCUBE. Aceasta poate fi utilizat\u0103 at\u00e2t uscat\u0103, c\u00e2t \u0219i umed\u0103. De asemenea, este potrivit\u0103 pentru multe specii de furnici, \u00een special pentru speciile care \u00ee\u0219i fac cuibul \u00een nisip \u0219i lemn (mort). Poate fi utilizat \u00een locul amestecurilor de nisip\/argil\u0103 sau al inser\u021biilor pentru cuiburi din plut\u0103. Un avantaj major fa\u021b\u0103 de cuiburile de plut\u0103 este faptul c\u0103 Digfix nu muceg\u0103ie\u0219te chiar \u0219i atunci c\u00e2nd este umed. Acest lucru \u00eenseamn\u0103 c\u0103 speciile de furnici cu un necesar ridicat de umiditate pot fi u\u0219or aprovizionate cu ap\u0103 suficient\u0103. Digfix are, de asemenea, avantajul c\u0103 speciile de furnici care sap\u0103 nu murd\u0103resc geamurile cuibului lor atunci c\u00e2nd sap\u0103, permi\u021b\u00e2nd o vedere perfect\u0103 \u00een cuib.<\/p>\n<p><strong>Not\u0103:<\/strong> Culoarea natural\u0103 poate varia \u00eentre verde\/gri-maroniu \u0219i maro-p\u0103m\u00e2ntiu. Culoarea nu are nicio influen\u021b\u0103 asupra calit\u0103\u021bii.<br \/>\nDin cauza procesului de fabrica\u021bie, dimensiunile pot varia cu +\/- 1 mm.<\/p>","protected":false},"excerpt":{"rendered":"<p>Dimensiune: <strong>L<\/strong><\/p>","protected":false},"featured_media":9666,"comment_status":"open","ping_status":"closed","template":"","meta":{"_acf_changed":false,"content-type":"","_monsterinsights_skip_tracking":false,"_monsterinsights_sitenote_active":false,"_monsterinsights_sitenote_note":"","_monsterinsights_sitenote_category":0},"product_brand":[],"product_cat":[87,88],"product_tag":[],"class_list":{"0":"post-9239","1":"product","2":"type-product","3":"status-publish","4":"has-post-thumbnail","6":"product_cat-nest-insets","7":"product_cat-digfix","9":"first","10":"instock","11":"taxable","12":"shipping-taxable","13":"purchasable","14":"product-type-simple"},"acf":[],"aioseo_notices":[],"jetpack_sharing_enabled":true,"_links":{"self":[{"href":"https:\/\/antcube.shop\/ro\/wp-json\/wp\/v2\/product\/9239","targetHints":{"allow":["GET"]}}],"collection":[{"href":"https:\/\/antcube.shop\/ro\/wp-json\/wp\/v2\/product"}],"about":[{"href":"https:\/\/antcube.shop\/ro\/wp-json\/wp\/v2\/types\/product"}],"replies":[{"embeddable":true,"href":"https:\/\/antcube.shop\/ro\/wp-json\/wp\/v2\/comments?post=9239"}],"wp:featuredmedia":[{"embeddable":true,"href":"https:\/\/antcube.shop\/ro\/wp-json\/wp\/v2\/media\/9666"}],"wp:attachment":[{"href":"https:\/\/antcube.shop\/ro\/wp-json\/wp\/v2\/media?parent=9239"}],"wp:term":[{"taxonomy":"product_brand","embeddable":true,"href":"https:\/\/antcube.shop\/ro\/wp-json\/wp\/v2\/product_brand?post=9239"},{"taxonomy":"product_cat","embeddable":true,"href":"https:\/\/antcube.shop\/ro\/wp-json\/wp\/v2\/product_cat?post=9239"},{"taxonomy":"product_tag","embeddable":true,"href":"https:\/\/antcube.shop\/ro\/wp-json\/wp\/v2\/product_tag?post=9239"}],"curies":[{"name":"wp","href":"https:\/\/api.w.org\/{rel}","templated":true}]}}