{"id":9237,"date":"2024-09-17T14:32:30","date_gmt":"2024-09-17T12:32:30","guid":{"rendered":"https:\/\/antcube.shop\/en\/product\/antcube-arena-20x10x10-lang\/"},"modified":"2026-04-16T10:36:09","modified_gmt":"2026-04-16T08:36:09","slug":"antcube-arena-20x10x10-lang","status":"publish","type":"product","link":"https:\/\/antcube.shop\/ro\/produs\/antcube-arena-20x10x10-lang\/","title":{"rendered":"ANTCUBE - arena 20x10x10 - lung"},"content":{"rendered":"<p><strong>Dimensiune:<\/strong> 200 x 100 x 100 mm; grosime: 4 mm<\/p>\n<p><strong>Material:<\/strong> sticl\u0103 float<\/p>\n<p><strong>Adaptor:<\/strong> 2x g\u0103urire 27 mm<\/p>\n<p><strong>Descriere:<\/strong><br \/>\nBazin din sticl\u0103 40x20x20 cm cu 2 g\u0103uri de 27 mm<br \/>\nBurghiul (centrul s\u0103u) este plasat la o \u00een\u0103l\u021bime de 3 cm.<\/p>\n<p><strong>V\u0103 rug\u0103m s\u0103 re\u021bine\u021bi:<\/strong> Sticla este t\u0103iat\u0103 \u00een conformitate cu DIN 1249 cu o toleran\u021b\u0103 de +\/- 1 mm. Pentru speciile de furnici extrem de mici, este esen\u021bial\u0103 o protec\u021bie suplimentar\u0103 \u00eempotriva evad\u0103rii.<\/p>","protected":false},"excerpt":{"rendered":"<p><strong>Conexiune:<\/strong> 2x gaur\u0103 27 mm<\/p>\n<p><strong>Dimensiune:<\/strong> S, M, L, XL<\/p>","protected":false},"featured_media":9494,"comment_status":"open","ping_status":"closed","template":"","meta":{"_acf_changed":false,"content-type":"","_monsterinsights_skip_tracking":false,"_monsterinsights_sitenote_active":false,"_monsterinsights_sitenote_note":"","_monsterinsights_sitenote_category":0},"product_brand":[],"product_cat":[85,86],"product_tag":[],"class_list":{"0":"post-9237","1":"product","2":"type-product","3":"status-publish","4":"has-post-thumbnail","6":"product_cat-ant-arenas","7":"product_cat-formicariums","9":"first","10":"instock","11":"taxable","12":"shipping-taxable","13":"purchasable","14":"product-type-simple"},"acf":[],"aioseo_notices":[],"jetpack_sharing_enabled":true,"_links":{"self":[{"href":"https:\/\/antcube.shop\/ro\/wp-json\/wp\/v2\/product\/9237","targetHints":{"allow":["GET"]}}],"collection":[{"href":"https:\/\/antcube.shop\/ro\/wp-json\/wp\/v2\/product"}],"about":[{"href":"https:\/\/antcube.shop\/ro\/wp-json\/wp\/v2\/types\/product"}],"replies":[{"embeddable":true,"href":"https:\/\/antcube.shop\/ro\/wp-json\/wp\/v2\/comments?post=9237"}],"wp:featuredmedia":[{"embeddable":true,"href":"https:\/\/antcube.shop\/ro\/wp-json\/wp\/v2\/media\/9494"}],"wp:attachment":[{"href":"https:\/\/antcube.shop\/ro\/wp-json\/wp\/v2\/media?parent=9237"}],"wp:term":[{"taxonomy":"product_brand","embeddable":true,"href":"https:\/\/antcube.shop\/ro\/wp-json\/wp\/v2\/product_brand?post=9237"},{"taxonomy":"product_cat","embeddable":true,"href":"https:\/\/antcube.shop\/ro\/wp-json\/wp\/v2\/product_cat?post=9237"},{"taxonomy":"product_tag","embeddable":true,"href":"https:\/\/antcube.shop\/ro\/wp-json\/wp\/v2\/product_tag?post=9237"}],"curies":[{"name":"wp","href":"https:\/\/api.w.org\/{rel}","templated":true}]}}