{"id":9236,"date":"2024-09-17T14:31:58","date_gmt":"2024-09-17T12:31:58","guid":{"rendered":"https:\/\/antcube.shop\/en\/product\/ameisenarena-rahmen-20x10\/"},"modified":"2026-04-15T18:35:09","modified_gmt":"2026-04-15T16:35:09","slug":"furnica-arena-cadru-20x10","status":"publish","type":"product","link":"https:\/\/antcube.shop\/ro\/produs\/furnica-arena-cadru-20x10\/","title":{"rendered":"Cadru pentru arena furnicilor 20\u00d710"},"content":{"rendered":"<p><strong>Dimensiuni (LxLxA):<\/strong> 20x10x0,4 cm<\/p>\n<p><strong>Material:<\/strong> Sticl\u0103 flotant\u0103<\/p>\n<p><strong>Culoare:<\/strong> clar \/ transparent<\/p>\n<p><strong>Con\u021binut:<\/strong><br \/>\n1x Cadru pentru arena de furnici<\/p>\n<p><strong>Descriere:<\/strong><br \/>\nCadru din sticl\u0103 pentru o aren\u0103 pentru furnici ca protec\u021bie \u00eempotriva evad\u0103rii.<\/p>\n<p><strong>Cerere:<\/strong><br \/>\nUn cadru pentru aren\u0103 pentru furnici este un cadru din sticl\u0103, care este plasat pe o aren\u0103 pentru furnici \u0219i este prev\u0103zut cu o protec\u021bie anti-e\u0219ec (ulei, pudr\u0103 sau lac) pe partea inferioar\u0103, pentru a \u00eempiedica furnicile s\u0103 evadeze.<\/p>\n<p><strong>Aviz:<\/strong><br \/>\nDeoarece articolul este fabricat din sticl\u0103 \u0219i, prin urmare, este sensibil, trebuie manipulat cu mare aten\u021bie. Sticla este t\u0103iat\u0103 \u00een conformitate cu DIN 1249 cu o toleran\u021b\u0103 de +\/- 1 mm. Pentru speciile de furnici extrem de mici, este esen\u021bial\u0103 o protec\u021bie suplimentar\u0103 \u00eempotriva spargerii.<\/p>","protected":false},"excerpt":{"rendered":"<p>Dimensiuni (LxLxA): 60x30x0,4 cm Material: Sticl\u0103 flotant\u0103 Culoare: clar \/ transparent Con\u021binut: Sticl\u0103 flotant\u0103: 1x Cadru de aren\u0103 pentru furnici Descriere: Cadru din sticl\u0103 pentru o aren\u0103 pentru furnici ca protec\u021bie \u00eempotriva evad\u0103rii. Aplica\u021bie: Un cadru pentru furnici: Un cadru pentru arena pentru furnici este un cadru din sticl\u0103, care este plasat pe o aren\u0103 pentru furnici \u0219i este prev\u0103zut cu o protec\u021bie anti-evadare (ulei, pulbere","protected":false},"featured_media":9498,"comment_status":"open","ping_status":"closed","template":"","meta":{"_acf_changed":false,"content-type":"","_monsterinsights_skip_tracking":false,"_monsterinsights_sitenote_active":false,"_monsterinsights_sitenote_note":"","_monsterinsights_sitenote_category":0},"product_brand":[],"product_cat":[91,93],"product_tag":[],"class_list":{"0":"post-9236","1":"product","2":"type-product","3":"status-publish","4":"has-post-thumbnail","6":"product_cat-formicarium-modules","7":"product_cat-arena-frame","9":"first","10":"instock","11":"taxable","12":"shipping-taxable","13":"purchasable","14":"product-type-simple"},"acf":[],"aioseo_notices":[],"jetpack_sharing_enabled":true,"_links":{"self":[{"href":"https:\/\/antcube.shop\/ro\/wp-json\/wp\/v2\/product\/9236","targetHints":{"allow":["GET"]}}],"collection":[{"href":"https:\/\/antcube.shop\/ro\/wp-json\/wp\/v2\/product"}],"about":[{"href":"https:\/\/antcube.shop\/ro\/wp-json\/wp\/v2\/types\/product"}],"replies":[{"embeddable":true,"href":"https:\/\/antcube.shop\/ro\/wp-json\/wp\/v2\/comments?post=9236"}],"wp:featuredmedia":[{"embeddable":true,"href":"https:\/\/antcube.shop\/ro\/wp-json\/wp\/v2\/media\/9498"}],"wp:attachment":[{"href":"https:\/\/antcube.shop\/ro\/wp-json\/wp\/v2\/media?parent=9236"}],"wp:term":[{"taxonomy":"product_brand","embeddable":true,"href":"https:\/\/antcube.shop\/ro\/wp-json\/wp\/v2\/product_brand?post=9236"},{"taxonomy":"product_cat","embeddable":true,"href":"https:\/\/antcube.shop\/ro\/wp-json\/wp\/v2\/product_cat?post=9236"},{"taxonomy":"product_tag","embeddable":true,"href":"https:\/\/antcube.shop\/ro\/wp-json\/wp\/v2\/product_tag?post=9236"}],"curies":[{"name":"wp","href":"https:\/\/api.w.org\/{rel}","templated":true}]}}