{"id":9235,"date":"2024-09-17T14:31:37","date_gmt":"2024-09-17T12:31:37","guid":{"rendered":"https:\/\/antcube.shop\/en\/product\/ameisenarena-abdeckung-20x10\/"},"modified":"2026-04-15T18:35:09","modified_gmt":"2026-04-15T16:35:09","slug":"furnica-arena-acoperire-20x10","status":"publish","type":"product","link":"https:\/\/antcube.shop\/ro\/produs\/furnica-arena-acoperire-20x10\/","title":{"rendered":"Acoperire aren\u0103 furnici 20\u00d710"},"content":{"rendered":"<p><strong>Dimensiuni (LxLxA):<\/strong> 20x10x0,4 cm<\/p>\n<p><strong>Material:<\/strong> sticl\u0103 float<\/p>\n<p><strong>Culoare:<\/strong> cristalin \/ transparent<\/p>\n<p><strong>Cuprins:<\/strong><br \/>\n1x capacul arenei pentru furnici<br \/>\n1x puncte de fixare la 4 buc.<\/p>\n<p><strong>Descriere:<\/strong><br \/>\nAcoperi\u0219 de sticl\u0103 pentru arena pentru furnici ca protec\u021bie \u00eempotriva evad\u0103rii<\/p>\n<p><strong>Cerere:<\/strong><br \/>\nCapacul de sticl\u0103 pentru arena furnicilor este plasat pe o aren\u0103 de furnici \u0219i este utilizat \u0219i pentru reglarea climei.<br \/>\n\u00cen deschiderile de 50 mm pot fi introduse diverse module pentru controlul climei, de exemplu, grile de ventila\u021bie, iluminat sau umidificare.<br \/>\nPentru a \u00eempiedica furnicile s\u0103 scape prin deschideri, trebuie aplicat\u0103 o protec\u021bie \u00eempotriva evad\u0103rii (ulei, pudr\u0103 sau lac) pe partea inferioar\u0103 din jurul g\u0103urilor.<\/p>\n<p><strong>Not\u0103:<\/strong><br \/>\nDeoarece articolul este fabricat din sticl\u0103 \u0219i, prin urmare, este fragil, trebuie manipulat cu mare grij\u0103.<\/p>","protected":false},"excerpt":{"rendered":"<p>Dimensiuni (LxLxA): 20x10x0,4 cm Material: sticl\u0103 flotat\u0103 Culoare: cristalin\u0103 \/ transparent\u0103 Con\u021binut: 1x capac pentru arena furnicilor 1x puncte de fixare la 4 buc. Descriere: Capac de sticl\u0103 pentru arena furnicilor ca protec\u021bie \u00eempotriva evad\u0103rii Aplica\u021bie: Capacul de sticl\u0103 pentru arena furnicilor este plasat pe o aren\u0103 pentru furnici \u0219i este utilizat \u0219i pentru reglarea climei. Diverse reglaje climatice","protected":false},"featured_media":9568,"comment_status":"open","ping_status":"closed","template":"","meta":{"_acf_changed":false,"content-type":"","_monsterinsights_skip_tracking":false,"_monsterinsights_sitenote_active":false,"_monsterinsights_sitenote_note":"","_monsterinsights_sitenote_category":0},"product_brand":[],"product_cat":[91,92],"product_tag":[],"class_list":{"0":"post-9235","1":"product","2":"type-product","3":"status-publish","4":"has-post-thumbnail","6":"product_cat-formicarium-modules","7":"product_cat-arena-cover","9":"first","10":"instock","11":"taxable","12":"shipping-taxable","13":"purchasable","14":"product-type-simple"},"acf":[],"aioseo_notices":[],"jetpack_sharing_enabled":true,"_links":{"self":[{"href":"https:\/\/antcube.shop\/ro\/wp-json\/wp\/v2\/product\/9235","targetHints":{"allow":["GET"]}}],"collection":[{"href":"https:\/\/antcube.shop\/ro\/wp-json\/wp\/v2\/product"}],"about":[{"href":"https:\/\/antcube.shop\/ro\/wp-json\/wp\/v2\/types\/product"}],"replies":[{"embeddable":true,"href":"https:\/\/antcube.shop\/ro\/wp-json\/wp\/v2\/comments?post=9235"}],"wp:featuredmedia":[{"embeddable":true,"href":"https:\/\/antcube.shop\/ro\/wp-json\/wp\/v2\/media\/9568"}],"wp:attachment":[{"href":"https:\/\/antcube.shop\/ro\/wp-json\/wp\/v2\/media?parent=9235"}],"wp:term":[{"taxonomy":"product_brand","embeddable":true,"href":"https:\/\/antcube.shop\/ro\/wp-json\/wp\/v2\/product_brand?post=9235"},{"taxonomy":"product_cat","embeddable":true,"href":"https:\/\/antcube.shop\/ro\/wp-json\/wp\/v2\/product_cat?post=9235"},{"taxonomy":"product_tag","embeddable":true,"href":"https:\/\/antcube.shop\/ro\/wp-json\/wp\/v2\/product_tag?post=9235"}],"curies":[{"name":"wp","href":"https:\/\/api.w.org\/{rel}","templated":true}]}}