{"id":9234,"date":"2024-09-17T14:31:14","date_gmt":"2024-09-17T12:31:14","guid":{"rendered":"https:\/\/antcube.shop\/en\/product\/ameisenarena-lufter-50mm\/"},"modified":"2026-04-14T12:07:22","modified_gmt":"2026-04-14T10:07:22","slug":"ventilator-ant-arena-50mm","status":"publish","type":"product","link":"https:\/\/antcube.shop\/ro\/produs\/ventilator-ant-arena-50mm\/","title":{"rendered":"Ant Arena - ventilator 50mm"},"content":{"rendered":"<p><span data-text-color=\"alert\"><strong>Expediere posibil\u0103 numai \u00een Germania!<\/strong><\/span><\/p>\n<p><strong>Cuprins:<\/strong><br \/>\n- Ventilator 42mm<br \/>\n- Inser\u021bie gril\u0103 50 mm - transparent\u0103<br \/>\n- \u0218techer \/ conector<\/p>\n<p><strong>Specifica\u021bii tehnice:<\/strong><br \/>\nPutere: 1W<br \/>\nTensiune: 12V<br \/>\nLungimea cablului: 10 cm<br \/>\nInterval de temperatur\u0103 -10 - +60 \u00b0C<br \/>\nDurata de via\u021b\u0103 50 000 h<br \/>\nDebit de aer 10 m\u00b3\/h (cu grila ata\u0219at\u0103, debitul este redus \u00een func\u021bie de dimensiunea deschiderii)<\/p>\n<p><strong>Material:<\/strong> plastic<\/p>\n<p><strong>Culoare:<\/strong> alb \/ transparent<\/p>\n<p><strong>Descriere:<\/strong><br \/>\nPentru a ventila un furnicar, acest ventilator poate fi conectat direct la capacul furnicarului.<\/p>\n<p><strong>Informa\u021bii privind mediul:<\/strong><br \/>\nPoate fi necesar\u0103 o eliminare special\u0103. V\u0103 rug\u0103m s\u0103 contacta\u021bi autorit\u0103\u021bile locale.<br \/>\nInforma\u021bii suplimentare:<\/p>\n<blockquote class=\"wp-embedded-content\" data-secret=\"E5wsFkHgL8\"><p><a href=\"https:\/\/antcube.shop\/en\/electrical-devices-act\/\">Legea privind dispozitivele electrice<\/a><\/p><\/blockquote>\n<p><iframe loading=\"lazy\" class=\"wp-embedded-content\" sandbox=\"allow-scripts\" security=\"restricted\" style=\"position: absolute; visibility: hidden;\" title=\"&quot;Legea dispozitivelor electrice&quot; - ANTCUBE\" src=\"https:\/\/antcube.shop\/en\/electrical-devices-act\/embed\/#?secret=BvHuHVTyVI#?secret=E5wsFkHgL8\" data-secret=\"E5wsFkHgL8\" width=\"600\" height=\"338\" frameborder=\"0\" marginwidth=\"0\" marginheight=\"0\" scrolling=\"no\"><\/iframe><\/p>\n<p>&nbsp;<\/p>\n<p>Acest articol este \u00eenregistrat \u00een conformitate cu WEEE-Reg. DE 54590387.<\/p>\n<p>&nbsp;<\/p>","protected":false},"excerpt":{"rendered":"<p>Expediere posibil\u0103 numai \u00een Germania! Cuprins: - Ventilator 42 mm - Ventilator 42mm - Inser\u021bie gril\u0103 50 mm - transparent - Plug \/ conector Specifica\u021bii tehnice: Putere: 1W Tensiune: 12V Lungime cablu: 10 cm Interval de temperatur\u0103 -10 - +60 \u00b0C Durat\u0103 de via\u021b\u0103 50 000 h Debit de aer 10 m\u00b3\/h (cu gril\u0103 ata\u0219at\u0103, debitul este redus \u00een func\u021bie [...]","protected":false},"featured_media":9512,"comment_status":"open","ping_status":"closed","template":"","meta":{"_acf_changed":false,"content-type":"","_monsterinsights_skip_tracking":false,"_monsterinsights_sitenote_active":false,"_monsterinsights_sitenote_note":"","_monsterinsights_sitenote_category":0},"product_brand":[],"product_cat":[359,119],"product_tag":[],"class_list":{"0":"post-9234","1":"product","2":"type-product","3":"status-publish","4":"has-post-thumbnail","6":"product_cat-light-heat-humidity","7":"product_cat-formicarium-components","9":"first","10":"instock","11":"taxable","12":"shipping-taxable","13":"purchasable","14":"product-type-simple"},"acf":[],"aioseo_notices":[],"jetpack_sharing_enabled":true,"_links":{"self":[{"href":"https:\/\/antcube.shop\/ro\/wp-json\/wp\/v2\/product\/9234","targetHints":{"allow":["GET"]}}],"collection":[{"href":"https:\/\/antcube.shop\/ro\/wp-json\/wp\/v2\/product"}],"about":[{"href":"https:\/\/antcube.shop\/ro\/wp-json\/wp\/v2\/types\/product"}],"replies":[{"embeddable":true,"href":"https:\/\/antcube.shop\/ro\/wp-json\/wp\/v2\/comments?post=9234"}],"wp:featuredmedia":[{"embeddable":true,"href":"https:\/\/antcube.shop\/ro\/wp-json\/wp\/v2\/media\/9512"}],"wp:attachment":[{"href":"https:\/\/antcube.shop\/ro\/wp-json\/wp\/v2\/media?parent=9234"}],"wp:term":[{"taxonomy":"product_brand","embeddable":true,"href":"https:\/\/antcube.shop\/ro\/wp-json\/wp\/v2\/product_brand?post=9234"},{"taxonomy":"product_cat","embeddable":true,"href":"https:\/\/antcube.shop\/ro\/wp-json\/wp\/v2\/product_cat?post=9234"},{"taxonomy":"product_tag","embeddable":true,"href":"https:\/\/antcube.shop\/ro\/wp-json\/wp\/v2\/product_tag?post=9234"}],"curies":[{"name":"wp","href":"https:\/\/api.w.org\/{rel}","templated":true}]}}