{"id":9233,"date":"2024-09-17T14:30:50","date_gmt":"2024-09-17T12:30:50","guid":{"rendered":"https:\/\/antcube.shop\/en\/product\/ameisenarena-lufter-set-50mm-mit-netzgerat\/"},"modified":"2026-04-14T14:07:33","modified_gmt":"2026-04-14T12:07:33","slug":"ameisenarena-lufter-set-50mm-mit-netzgerat","status":"publish","type":"product","link":"https:\/\/antcube.shop\/ro\/produs\/ameisenarena-lufter-set-50mm-mit-netzgerat\/","title":{"rendered":"Ant Arena - set ventilator 50mm cu surs\u0103 de alimentare"},"content":{"rendered":"<p><span data-text-color=\"alert\"><strong>Expediere posibil\u0103 numai \u00een Germania!<\/strong><\/span><\/p>\n<p><strong>Cuprins:<\/strong><br \/>\n- Ventilator 42mm<br \/>\n- pe inser\u021bie gril\u0103 50mm - transparent<br \/>\n- Unitate de alimentare<br \/>\n- \u0218techer \/ conector<\/p>\n<p><strong>Specifica\u021bii tehnice:<\/strong><br \/>\nIe\u0219ire unitate de alimentare: 2,5 A (12W)<br \/>\nTensiune de intrare: 100V-240V<br \/>\nTensiune de ie\u0219ire: 5V<br \/>\nLungimea cablului: 10 cm (ventilator)<br \/>\nLungimea cablului: 90 cm (unitate de alimentare)<br \/>\nVentilator de putere 1 W<br \/>\nInterval de temperatur\u0103 -10 - +60 \u00b0C<br \/>\nDurata de via\u021b\u0103 50 000 h<br \/>\nDebit de aer 10 m\u00b3\/h (cu grila ata\u0219at\u0103, debitul este redus \u00een func\u021bie de dimensiunea deschiderii)<\/p>\n<p><strong>Dimensiuni:<\/strong> 5 x 5 x 1 cm (ventilator)<\/p>\n<p><strong>Material:<\/strong> plastic<\/p>\n<p><strong>Culoare:<\/strong> transparent, translucid (ventilator); negru (unitate de alimentare)<\/p>\n<p><strong>Descriere:<\/strong><br \/>\nVentila\u021bia este deosebit de important\u0103 pentru a ob\u021bine cel mai natural climat posibil \u00eentr-un formicarium \u0219i pentru a preveni dezvoltarea mucegaiului. Ventilatorul poate fi montat folosind cele patru orificii pentru \u0219uruburi sau trebuie fixat folosind silicon sau un adeziv din plastic. Motorul func\u021bioneaz\u0103 aproape silen\u021bios \u0219i f\u0103r\u0103 vibra\u021bii.<\/p>\n<p><strong>Informa\u021bii privind mediul:<\/strong><br \/>\nPoate fi necesar\u0103 o eliminare special\u0103. V\u0103 rug\u0103m s\u0103 contacta\u021bi autorit\u0103\u021bile locale.<br \/>\nInforma\u021bii suplimentare:<\/p>\n<blockquote class=\"wp-embedded-content\" data-secret=\"jOGF5OPQCF\"><p><a href=\"https:\/\/antcube.shop\/en\/electrical-devices-act\/\">Legea privind dispozitivele electrice<\/a><\/p><\/blockquote>\n<p><iframe loading=\"lazy\" class=\"wp-embedded-content\" sandbox=\"allow-scripts\" security=\"restricted\" style=\"position: absolute; visibility: hidden;\" title=\"&quot;Legea dispozitivelor electrice&quot; - ANTCUBE\" src=\"https:\/\/antcube.shop\/en\/electrical-devices-act\/embed\/#?secret=NfRYQNwKWB#?secret=jOGF5OPQCF\" data-secret=\"jOGF5OPQCF\" width=\"600\" height=\"338\" frameborder=\"0\" marginwidth=\"0\" marginheight=\"0\" scrolling=\"no\"><\/iframe><\/p>","protected":false},"excerpt":{"rendered":"<p>Shipping only possible in Germany! Contents: &#8211; Fan 42mm &#8211; on grille insert 50mm &#8211; transparent &#8211; Power supply unit &#8211; Plug \/ connector Technical specifications: Power supply unit output: 2.5 A (12W) Voltage input: 100V-240V Voltage output: 5V Cable length: 10 cm (fan) Cable length: 90 cm (power supply unit) Power fan 1 W [&#8230;]","protected":false},"featured_media":9507,"comment_status":"open","ping_status":"closed","template":"","meta":{"_acf_changed":false,"content-type":"","_monsterinsights_skip_tracking":false,"_monsterinsights_sitenote_active":false,"_monsterinsights_sitenote_note":"","_monsterinsights_sitenote_category":0},"product_brand":[],"product_cat":[359,119],"product_tag":[],"class_list":{"0":"post-9233","1":"product","2":"type-product","3":"status-publish","4":"has-post-thumbnail","6":"product_cat-light-heat-humidity","7":"product_cat-formicarium-components","9":"first","10":"outofstock","11":"taxable","12":"shipping-taxable","13":"purchasable","14":"product-type-simple"},"acf":[],"aioseo_notices":[],"jetpack_sharing_enabled":true,"_links":{"self":[{"href":"https:\/\/antcube.shop\/ro\/wp-json\/wp\/v2\/product\/9233","targetHints":{"allow":["GET"]}}],"collection":[{"href":"https:\/\/antcube.shop\/ro\/wp-json\/wp\/v2\/product"}],"about":[{"href":"https:\/\/antcube.shop\/ro\/wp-json\/wp\/v2\/types\/product"}],"replies":[{"embeddable":true,"href":"https:\/\/antcube.shop\/ro\/wp-json\/wp\/v2\/comments?post=9233"}],"wp:featuredmedia":[{"embeddable":true,"href":"https:\/\/antcube.shop\/ro\/wp-json\/wp\/v2\/media\/9507"}],"wp:attachment":[{"href":"https:\/\/antcube.shop\/ro\/wp-json\/wp\/v2\/media?parent=9233"}],"wp:term":[{"taxonomy":"product_brand","embeddable":true,"href":"https:\/\/antcube.shop\/ro\/wp-json\/wp\/v2\/product_brand?post=9233"},{"taxonomy":"product_cat","embeddable":true,"href":"https:\/\/antcube.shop\/ro\/wp-json\/wp\/v2\/product_cat?post=9233"},{"taxonomy":"product_tag","embeddable":true,"href":"https:\/\/antcube.shop\/ro\/wp-json\/wp\/v2\/product_tag?post=9233"}],"curies":[{"name":"wp","href":"https:\/\/api.w.org\/{rel}","templated":true}]}}