{"id":9231,"date":"2024-09-17T14:30:07","date_gmt":"2024-09-17T12:30:07","guid":{"rendered":"https:\/\/antcube.shop\/en\/product\/antcube-arena-60x30x30-lang\/"},"modified":"2026-04-02T09:54:10","modified_gmt":"2026-04-02T07:54:10","slug":"antcube-arena-60x30x30-larga","status":"publish","type":"product","link":"https:\/\/antcube.shop\/ro\/produs\/antcube-arena-60x30x30-larga\/","title":{"rendered":"ANTCUBE - Arena 60x30x30 - lat"},"content":{"rendered":"<p><span data-text-color=\"alert\"><strong>Expediere posibil\u0103 numai prin GO! \u00een interiorul Germaniei sau prin palet\u0103 \u00een interiorul Europei (f\u0103r\u0103 insule)<\/strong><\/span><\/p>\n<p><strong>Dimensiuni:<\/strong> 600 x 300 x 300 mm; grosime sticl\u0103 4 mm<\/p>\n<p><strong>Material:<\/strong> Sticl\u0103 flotant\u0103<\/p>\n<p><strong>Conexiune:<\/strong> 2x gaur\u0103 50 mm<\/p>\n<p><strong>Descriere:<\/strong><br \/>\nBazin de sticl\u0103 60x30x30 cm cu 2x g\u0103uri de 50mm<br \/>\nGaura (punctul central) este la o \u00een\u0103l\u021bime de 3 cm.<\/p>\n<p><strong>Not\u0103:<\/strong> Sticla este t\u0103iat\u0103 \u00een conformitate cu DIN 1249 cu o toleran\u021b\u0103 de +\/- 1 mm. Pentru speciile de furnici extrem de mici, este esen\u021bial\u0103 o protec\u021bie suplimentar\u0103 \u00eempotriva evad\u0103rii.<\/p>","protected":false},"excerpt":{"rendered":"<p><strong>Conexiune:<\/strong> 2x gaur\u0103 50 mm<\/p>\n<p><strong>Dimensiune:<\/strong> S, M, L, XL<\/p>","protected":false},"featured_media":9517,"comment_status":"open","ping_status":"closed","template":"","meta":{"_acf_changed":false,"content-type":"","_monsterinsights_skip_tracking":false,"_monsterinsights_sitenote_active":false,"_monsterinsights_sitenote_note":"","_monsterinsights_sitenote_category":0},"product_brand":[],"product_cat":[85,86],"product_tag":[],"class_list":{"0":"post-9231","1":"product","2":"type-product","3":"status-publish","4":"has-post-thumbnail","6":"product_cat-ant-arenas","7":"product_cat-formicariums","8":"product_shipping_class-fragile","10":"first","11":"instock","12":"taxable","13":"shipping-taxable","14":"purchasable","15":"product-type-simple"},"acf":[],"aioseo_notices":[],"jetpack_sharing_enabled":true,"_links":{"self":[{"href":"https:\/\/antcube.shop\/ro\/wp-json\/wp\/v2\/product\/9231","targetHints":{"allow":["GET"]}}],"collection":[{"href":"https:\/\/antcube.shop\/ro\/wp-json\/wp\/v2\/product"}],"about":[{"href":"https:\/\/antcube.shop\/ro\/wp-json\/wp\/v2\/types\/product"}],"replies":[{"embeddable":true,"href":"https:\/\/antcube.shop\/ro\/wp-json\/wp\/v2\/comments?post=9231"}],"wp:featuredmedia":[{"embeddable":true,"href":"https:\/\/antcube.shop\/ro\/wp-json\/wp\/v2\/media\/9517"}],"wp:attachment":[{"href":"https:\/\/antcube.shop\/ro\/wp-json\/wp\/v2\/media?parent=9231"}],"wp:term":[{"taxonomy":"product_brand","embeddable":true,"href":"https:\/\/antcube.shop\/ro\/wp-json\/wp\/v2\/product_brand?post=9231"},{"taxonomy":"product_cat","embeddable":true,"href":"https:\/\/antcube.shop\/ro\/wp-json\/wp\/v2\/product_cat?post=9231"},{"taxonomy":"product_tag","embeddable":true,"href":"https:\/\/antcube.shop\/ro\/wp-json\/wp\/v2\/product_tag?post=9231"}],"curies":[{"name":"wp","href":"https:\/\/api.w.org\/{rel}","templated":true}]}}