{"id":9223,"date":"2024-09-17T14:26:51","date_gmt":"2024-09-17T12:26:51","guid":{"rendered":"https:\/\/antcube.shop\/en\/product\/antcube-ameisenarenaeinsatz-xl-60x30\/"},"modified":"2026-03-03T21:23:19","modified_gmt":"2026-03-03T20:23:19","slug":"antcube-ant-arena-insert-xl-60x30","status":"publish","type":"product","link":"https:\/\/antcube.shop\/ro\/produs\/antcube-ant-arena-insert-xl-60x30\/","title":{"rendered":"ANTCUBE inser\u021bie pentru arena de furnici - L - 30\u00d730"},"content":{"rendered":"<p><span data-text-color=\"alert\"><strong>Expediere posibil\u0103 numai prin GO! \u00een interiorul Germaniei sau prin palet\u0103 \u00een interiorul Europei (f\u0103r\u0103 insule)<\/strong><\/span><\/p>\n<p><strong>Dimensiuni:<\/strong><br \/>\nexterior: 590 x 58 x 276 mm<br \/>\ninterior: 584 x 50 x 269 mm<\/p>\n<p><strong>Material:<\/strong> sticl\u0103 float<\/p>\n<p><strong>Culoare:<\/strong> transparent<\/p>\n<p><strong>Con\u021binut:<\/strong><br \/>\n1x inser\u021bie pentru arena de furnici<br \/>\n1x capac<br \/>\n1x puncte de fixare 2 buc.<\/p>\n<p><strong>Descriere:<\/strong><br \/>\nAceast\u0103 inser\u021bie de cuib poate fi plasat\u0103 \u00eentr-o aren\u0103 pentru furnici ANTCUBE \u0219i umplut\u0103 cu un material s\u0103pabil (de exemplu, amestec de nisip\/argil\u0103 sau Digfix). Caracteristica special\u0103 este c\u0103 poate fi \u00eendep\u0103rtat\u0103 cu u\u0219urin\u021b\u0103 din aren\u0103, de exemplu, pentru a ierna \u00eempreun\u0103 cu furnicile. \u00cen sec\u021biunea inferioar\u0103 exist\u0103 dou\u0103 g\u0103uri de 10 mm pentru intrare \u0219i ie\u0219ire \u0219i pentru ventila\u021bie. Acestea pot fi sigilate cu dopuri de 10 mm pentru iernare (acestea nu sunt incluse).<\/p>\n<p><strong>Not\u0103:<\/strong> Sticla este t\u0103iat\u0103 la dimensiune \u00een conformitate cu DIN 1249 cu o toleran\u021b\u0103 de +\/- 1 mm. O protec\u021bie suplimentar\u0103 \u00eempotriva spargerii este esen\u021bial\u0103 pentru speciile de furnici extrem de mici.<\/p>","protected":false},"excerpt":{"rendered":"<p>Dimensiune: <span style=\"color: #ff0000;\"><strong>XL<\/strong><\/span><\/p>","protected":false},"featured_media":9535,"comment_status":"open","ping_status":"closed","template":"","meta":{"_acf_changed":false,"content-type":"","_monsterinsights_skip_tracking":false,"_monsterinsights_sitenote_active":false,"_monsterinsights_sitenote_note":"","_monsterinsights_sitenote_category":0},"product_brand":[],"product_cat":[91,94],"product_tag":[],"class_list":{"0":"post-9223","1":"product","2":"type-product","3":"status-publish","4":"has-post-thumbnail","6":"product_cat-formicarium-modules","7":"product_cat-arena-inset","8":"product_shipping_class-fragile","10":"first","11":"instock","12":"taxable","13":"shipping-taxable","14":"purchasable","15":"product-type-simple"},"acf":[],"aioseo_notices":[],"jetpack_sharing_enabled":true,"_links":{"self":[{"href":"https:\/\/antcube.shop\/ro\/wp-json\/wp\/v2\/product\/9223","targetHints":{"allow":["GET"]}}],"collection":[{"href":"https:\/\/antcube.shop\/ro\/wp-json\/wp\/v2\/product"}],"about":[{"href":"https:\/\/antcube.shop\/ro\/wp-json\/wp\/v2\/types\/product"}],"replies":[{"embeddable":true,"href":"https:\/\/antcube.shop\/ro\/wp-json\/wp\/v2\/comments?post=9223"}],"wp:featuredmedia":[{"embeddable":true,"href":"https:\/\/antcube.shop\/ro\/wp-json\/wp\/v2\/media\/9535"}],"wp:attachment":[{"href":"https:\/\/antcube.shop\/ro\/wp-json\/wp\/v2\/media?parent=9223"}],"wp:term":[{"taxonomy":"product_brand","embeddable":true,"href":"https:\/\/antcube.shop\/ro\/wp-json\/wp\/v2\/product_brand?post=9223"},{"taxonomy":"product_cat","embeddable":true,"href":"https:\/\/antcube.shop\/ro\/wp-json\/wp\/v2\/product_cat?post=9223"},{"taxonomy":"product_tag","embeddable":true,"href":"https:\/\/antcube.shop\/ro\/wp-json\/wp\/v2\/product_tag?post=9223"}],"curies":[{"name":"wp","href":"https:\/\/api.w.org\/{rel}","templated":true}]}}