{"id":9222,"date":"2024-09-17T14:26:28","date_gmt":"2024-09-17T12:26:28","guid":{"rendered":"https:\/\/antcube.shop\/en\/product\/antcube-ameisenfarm-xl-40x20-stehend\/"},"modified":"2026-03-09T18:09:35","modified_gmt":"2026-03-09T17:09:35","slug":"antcube-ant-farm-xl-40x20-vertical","status":"publish","type":"product","link":"https:\/\/antcube.shop\/ro\/produs\/antcube-ant-farm-xl-40x20-vertical\/","title":{"rendered":"ANTCUBE - Furnicar - XL - 40\u00d720 - vertical"},"content":{"rendered":"<p><strong>Dimensiuni (LxLxA):<\/strong><br \/>\nexterior: 390x58x299 mm<br \/>\ninterior: 384x50x190 mm<\/p>\n<p><strong>Material:<\/strong><br \/>\nSticl\u0103 flotant\u0103, plastic<\/p>\n<p><strong>culoare:<\/strong><br \/>\nfoarte clar<\/p>\n<p><strong>Cuprins:<\/strong><br \/>\n1x furnicar ANTCUBE - spa\u021biere \u00eentre pl\u0103ci de 52 mm<br \/>\n1x capac pentru ferm\u0103 de furnici XL 40\u00d76<br \/>\n2x dopuri 4mm<\/p>\n<p><strong>Conexiune:<\/strong><br \/>\nExist\u0103 o gaur\u0103 de 27 mm pe ambele p\u0103r\u021bi, astfel \u00eenc\u00e2t aceast\u0103 ferm\u0103 poate fi conectat\u0103 la un furtun de 28 mm sau la \"conectorul nostru de rezervor cu furtun pentru g\u0103uri de 27 mm\".<br \/>\n2 g\u0103uri de 4 mm cu dopuri de 4 mm.<\/p>\n<p><strong>Descriere:<\/strong><br \/>\nAceast\u0103 ferm\u0103 de furnici complet transparent\u0103 este potrivit\u0103 pentru specii de furnici de m\u0103rime S.<\/p>\n<p><strong>Note privind produc\u021bia<\/strong><br \/>\nSticla este t\u0103iat\u0103 \u00een conformitate cu DIN 1249 cu o toleran\u021b\u0103 de +\/- 1 mm. Pentru speciile de furnici extrem de mici, este esen\u021bial\u0103 o protec\u021bie suplimentar\u0103 \u00eempotriva evad\u0103rii.<\/p>\n<p><strong>Not\u0103 privind ferma<\/strong><br \/>\nV\u0103 rug\u0103m s\u0103 \u021bine\u021bi cont de urm\u0103toarele atunci c\u00e2nd fixa\u021bi tuburile:<br \/>\n\u00cen cazul \u00een care tubul se potrive\u0219te foarte greu pe mufa de conectare, mufa trebuie s\u0103 fie u\u0219or frecat\u0103 cu o pic\u0103tur\u0103 din uleiul sau pulberea noastr\u0103 de protec\u021bie \u00eempotriva ruperii. Tubul trebuie apoi \u00eempins pe muf\u0103 prin mi\u0219c\u0103ri de r\u0103sucire sau \u00een\u0219urubare, f\u0103r\u0103 a for\u021ba mufa cu mi\u0219c\u0103ri de sus \u00een jos.<\/p>","protected":false},"excerpt":{"rendered":"<p><strong>Conexiune:<\/strong> Orificiu de 27 mm<br \/>\n<strong>Gr\u00f6\u00dfe<\/strong>: <span style=\"font-size: small;\"><span style=\"font-family: Arial;\"><strong>XL<\/strong><\/span><\/span><\/p>","protected":false},"featured_media":9537,"comment_status":"open","ping_status":"closed","template":"","meta":{"_acf_changed":false,"content-type":"","_monsterinsights_skip_tracking":false,"_monsterinsights_sitenote_active":false,"_monsterinsights_sitenote_note":"","_monsterinsights_sitenote_category":0},"product_brand":[],"product_cat":[80,84],"product_tag":[],"class_list":{"0":"post-9222","1":"product","2":"type-product","3":"status-publish","4":"has-post-thumbnail","6":"product_cat-antfarms","7":"product_cat-antfarms-xl","9":"first","10":"instock","11":"taxable","12":"shipping-taxable","13":"purchasable","14":"product-type-simple"},"acf":[],"aioseo_notices":[],"jetpack_sharing_enabled":true,"_links":{"self":[{"href":"https:\/\/antcube.shop\/ro\/wp-json\/wp\/v2\/product\/9222","targetHints":{"allow":["GET"]}}],"collection":[{"href":"https:\/\/antcube.shop\/ro\/wp-json\/wp\/v2\/product"}],"about":[{"href":"https:\/\/antcube.shop\/ro\/wp-json\/wp\/v2\/types\/product"}],"replies":[{"embeddable":true,"href":"https:\/\/antcube.shop\/ro\/wp-json\/wp\/v2\/comments?post=9222"}],"wp:featuredmedia":[{"embeddable":true,"href":"https:\/\/antcube.shop\/ro\/wp-json\/wp\/v2\/media\/9537"}],"wp:attachment":[{"href":"https:\/\/antcube.shop\/ro\/wp-json\/wp\/v2\/media?parent=9222"}],"wp:term":[{"taxonomy":"product_brand","embeddable":true,"href":"https:\/\/antcube.shop\/ro\/wp-json\/wp\/v2\/product_brand?post=9222"},{"taxonomy":"product_cat","embeddable":true,"href":"https:\/\/antcube.shop\/ro\/wp-json\/wp\/v2\/product_cat?post=9222"},{"taxonomy":"product_tag","embeddable":true,"href":"https:\/\/antcube.shop\/ro\/wp-json\/wp\/v2\/product_tag?post=9222"}],"curies":[{"name":"wp","href":"https:\/\/api.w.org\/{rel}","templated":true}]}}