{"id":9218,"date":"2024-09-17T14:24:56","date_gmt":"2024-09-17T12:24:56","guid":{"rendered":"https:\/\/antcube.shop\/en\/product\/antcube-ameisenfarm-xl-60x30-stehend\/"},"modified":"2026-04-02T09:54:11","modified_gmt":"2026-04-02T07:54:11","slug":"antcube-ant-farm-xl-60x30-vertical","status":"publish","type":"product","link":"https:\/\/antcube.shop\/ro\/produs\/antcube-ant-farm-xl-60x30-vertical\/","title":{"rendered":"ANTCUBE - Furnicar - XL - 60\u00d730 - vertical"},"content":{"rendered":"<p><span data-text-color=\"alert\"><strong>Expediere posibil\u0103 numai prin GO! \u00een interiorul Germaniei sau prin palet\u0103 \u00een interiorul Europei (f\u0103r\u0103 insule)<\/strong><\/span><\/p>\n<p><strong>Dimensiuni (LxLxA):<\/strong><br \/>\nexterior: 590x58x299 mm<br \/>\ninterior: 584x50x290 mm<\/p>\n<p><strong>Material:<\/strong><br \/>\nSticl\u0103 flotant\u0103, plastic<\/p>\n<p><strong>culoare:<\/strong><br \/>\nfoarte clar<\/p>\n<p><strong>Cuprins:<\/strong><br \/>\n1x furnicar ANTCUBE - spa\u021biere \u00eentre pl\u0103ci de 52 mm<br \/>\n1x hus\u0103 pentru ferm\u0103 de furnici XL 60\u00d76<br \/>\n2x dopuri 4mm<\/p>\n<p><strong>Conexiune:<\/strong><br \/>\nExist\u0103 o gaur\u0103 de 27 mm pe ambele p\u0103r\u021bi, astfel \u00eenc\u00e2t aceast\u0103 ferm\u0103 poate fi conectat\u0103 la un furtun de 28 mm sau la \"conectorul nostru de rezervor cu furtun pentru g\u0103uri de 27 mm\".<br \/>\n2 g\u0103uri de 4 mm cu dopuri de 4 mm.<\/p>\n<p><strong>Descriere:<\/strong><br \/>\nAceast\u0103 ferm\u0103 de furnici complet transparent\u0103 este potrivit\u0103 pentru specii de furnici de m\u0103rime S.<\/p>\n<p><strong>Note privind produc\u021bia<\/strong><br \/>\nSticla este t\u0103iat\u0103 \u00een conformitate cu DIN 1249 cu o toleran\u021b\u0103 de +\/- 1 mm. Pentru speciile de furnici extrem de mici, este esen\u021bial\u0103 o protec\u021bie suplimentar\u0103 \u00eempotriva evad\u0103rii.<\/p>\n<p><strong>Not\u0103 privind ferma<\/strong><br \/>\nV\u0103 rug\u0103m s\u0103 \u021bine\u021bi cont de urm\u0103toarele atunci c\u00e2nd fixa\u021bi tuburile:<br \/>\n\u00cen cazul \u00een care tubul se potrive\u0219te foarte greu pe mufa de conectare, mufa trebuie s\u0103 fie u\u0219or frecat\u0103 cu o pic\u0103tur\u0103 din uleiul sau pulberea noastr\u0103 de protec\u021bie \u00eempotriva ruperii. Tubul trebuie apoi \u00eempins pe muf\u0103 prin mi\u0219c\u0103ri de r\u0103sucire sau \u00een\u0219urubare, f\u0103r\u0103 a for\u021ba mufa cu mi\u0219c\u0103ri de sus \u00een jos.<\/p>","protected":false},"excerpt":{"rendered":"<p><strong>Conexiune<\/strong>: Orificiu de 27 mm pentru furtun de 28 mm sau \"conector pentru bazin cu furtun pentru orificii de 27 mm\" + capac Distan\u021ba dintre pl\u0103ci: Interior 52mm<\/p>\n<p><strong>Dimensiune<\/strong>: XL<\/p>","protected":false},"featured_media":9546,"comment_status":"open","ping_status":"closed","template":"","meta":{"_acf_changed":false,"content-type":"","_monsterinsights_skip_tracking":false,"_monsterinsights_sitenote_active":false,"_monsterinsights_sitenote_note":"","_monsterinsights_sitenote_category":0},"product_brand":[],"product_cat":[80,84],"product_tag":[],"class_list":{"0":"post-9218","1":"product","2":"type-product","3":"status-publish","4":"has-post-thumbnail","6":"product_cat-antfarms","7":"product_cat-antfarms-xl","8":"product_shipping_class-fragile","10":"first","11":"instock","12":"taxable","13":"shipping-taxable","14":"purchasable","15":"product-type-simple"},"acf":[],"aioseo_notices":[],"jetpack_sharing_enabled":true,"_links":{"self":[{"href":"https:\/\/antcube.shop\/ro\/wp-json\/wp\/v2\/product\/9218","targetHints":{"allow":["GET"]}}],"collection":[{"href":"https:\/\/antcube.shop\/ro\/wp-json\/wp\/v2\/product"}],"about":[{"href":"https:\/\/antcube.shop\/ro\/wp-json\/wp\/v2\/types\/product"}],"replies":[{"embeddable":true,"href":"https:\/\/antcube.shop\/ro\/wp-json\/wp\/v2\/comments?post=9218"}],"wp:featuredmedia":[{"embeddable":true,"href":"https:\/\/antcube.shop\/ro\/wp-json\/wp\/v2\/media\/9546"}],"wp:attachment":[{"href":"https:\/\/antcube.shop\/ro\/wp-json\/wp\/v2\/media?parent=9218"}],"wp:term":[{"taxonomy":"product_brand","embeddable":true,"href":"https:\/\/antcube.shop\/ro\/wp-json\/wp\/v2\/product_brand?post=9218"},{"taxonomy":"product_cat","embeddable":true,"href":"https:\/\/antcube.shop\/ro\/wp-json\/wp\/v2\/product_cat?post=9218"},{"taxonomy":"product_tag","embeddable":true,"href":"https:\/\/antcube.shop\/ro\/wp-json\/wp\/v2\/product_tag?post=9218"}],"curies":[{"name":"wp","href":"https:\/\/api.w.org\/{rel}","templated":true}]}}