{"id":9217,"date":"2024-09-17T14:24:20","date_gmt":"2024-09-17T12:24:20","guid":{"rendered":"https:\/\/antcube.shop\/en\/product\/antcube-ameisenfarm-m-20x10-stehend\/"},"modified":"2026-04-14T09:36:15","modified_gmt":"2026-04-14T07:36:15","slug":"antcube-ant-farm-m-20x10-in-picioare","status":"publish","type":"product","link":"https:\/\/antcube.shop\/ro\/produs\/antcube-ant-farm-m-20x10-in-picioare\/","title":{"rendered":"ANTCUBE - Ferm\u0103 de furnici - M - 20\u00d710 - \u00een picioare"},"content":{"rendered":"<p><strong>Dimensiuni (LxLxA):<\/strong><br \/>\nexterior: 232x58x99 mm<br \/>\ninterior: 184x10x90 mm<\/p>\n<p><strong>Material:<\/strong><br \/>\nSticl\u0103 flotant\u0103, plastic<\/p>\n<p><strong>culoare:<\/strong><br \/>\nfoarte clar<\/p>\n<p><strong>Cuprins:<\/strong><br \/>\n1x furnicar ANTCUBE - distan\u021b\u0103 \u00eentre pl\u0103ci de 10 mm<br \/>\n1x capac pentru furnici M 20\u00d72<br \/>\n2x dopuri 4mm<\/p>\n<p><strong>Conexiune:<\/strong><br \/>\n2 x 8\/10 x 10 mm<br \/>\n2x g\u0103uri de 4 mm cu dopuri de 4 mm<\/p>\n<p><strong>Descriere:<\/strong><br \/>\nAceast\u0103 ferm\u0103 de furnici complet transparent\u0103 este potrivit\u0103 pentru specii de furnici de m\u0103rime M.<\/p>\n<p><strong>Note privind produc\u021bia<\/strong><br \/>\nSticla este t\u0103iat\u0103 \u00een conformitate cu DIN 1249 cu o toleran\u021b\u0103 de +\/- 1 mm. Pentru speciile de furnici extrem de mici, este esen\u021bial\u0103 o protec\u021bie suplimentar\u0103 \u00eempotriva evad\u0103rii.<\/p>\n<p><strong>Not\u0103 privind ferma<\/strong><br \/>\nC\u00e2nd ata\u0219a\u021bi sau scoate\u021bi furtunurile, v\u0103 rug\u0103m s\u0103 \u021bine\u021bi cont de urm\u0103toarele:<br \/>\n\u00cen cazul \u00een care tubulatura se potrive\u0219te foarte greu pe priza de conectare, aceasta trebuie frecat\u0103 u\u0219or cu o pic\u0103tur\u0103 din uleiul sau pulberea noastr\u0103 antiefrac\u021bie. Furtunul trebuie apoi \u00eempins pe priz\u0103 prin mi\u0219c\u0103ri de r\u0103sucire sau \u00een\u0219urubare, f\u0103r\u0103 a for\u021ba priza cu mi\u0219c\u0103ri de sus \u00een jos. Acela\u0219i lucru este valabil \u0219i atunci c\u00e2nd scoate\u021bi furtunurile din priza de conectare a fermei. V\u0103 rug\u0103m s\u0103 nu trage\u021bi pur \u0219i simplu de el!<\/p>","protected":false},"excerpt":{"rendered":"<p><strong>Conexiune:<\/strong> Soclu 2x 8\/10 mm + capac Distan\u021ba dintre pl\u0103ci: Interior 10 mm \/ exterior 18 mm<\/p>\n<p><strong>Dimensiune<\/strong>: M<\/p>","protected":false},"featured_media":9547,"comment_status":"open","ping_status":"closed","template":"","meta":{"_acf_changed":false,"content-type":"","_monsterinsights_skip_tracking":false,"_monsterinsights_sitenote_active":false,"_monsterinsights_sitenote_note":"","_monsterinsights_sitenote_category":0},"product_brand":[],"product_cat":[80,82],"product_tag":[],"class_list":{"0":"post-9217","1":"product","2":"type-product","3":"status-publish","4":"has-post-thumbnail","6":"product_cat-antfarms","7":"product_cat-antfarms-m","9":"first","10":"instock","11":"taxable","12":"shipping-taxable","13":"purchasable","14":"product-type-simple"},"acf":[],"aioseo_notices":[],"jetpack_sharing_enabled":true,"_links":{"self":[{"href":"https:\/\/antcube.shop\/ro\/wp-json\/wp\/v2\/product\/9217","targetHints":{"allow":["GET"]}}],"collection":[{"href":"https:\/\/antcube.shop\/ro\/wp-json\/wp\/v2\/product"}],"about":[{"href":"https:\/\/antcube.shop\/ro\/wp-json\/wp\/v2\/types\/product"}],"replies":[{"embeddable":true,"href":"https:\/\/antcube.shop\/ro\/wp-json\/wp\/v2\/comments?post=9217"}],"wp:featuredmedia":[{"embeddable":true,"href":"https:\/\/antcube.shop\/ro\/wp-json\/wp\/v2\/media\/9547"}],"wp:attachment":[{"href":"https:\/\/antcube.shop\/ro\/wp-json\/wp\/v2\/media?parent=9217"}],"wp:term":[{"taxonomy":"product_brand","embeddable":true,"href":"https:\/\/antcube.shop\/ro\/wp-json\/wp\/v2\/product_brand?post=9217"},{"taxonomy":"product_cat","embeddable":true,"href":"https:\/\/antcube.shop\/ro\/wp-json\/wp\/v2\/product_cat?post=9217"},{"taxonomy":"product_tag","embeddable":true,"href":"https:\/\/antcube.shop\/ro\/wp-json\/wp\/v2\/product_tag?post=9217"}],"curies":[{"name":"wp","href":"https:\/\/api.w.org\/{rel}","templated":true}]}}