{"id":9212,"date":"2024-09-17T14:21:53","date_gmt":"2024-09-17T12:21:53","guid":{"rendered":"https:\/\/antcube.shop\/en\/product\/agave-10cm\/"},"modified":"2026-03-11T13:48:49","modified_gmt":"2026-03-11T12:48:49","slug":"agave-10cm","status":"publish","type":"product","link":"https:\/\/antcube.shop\/ro\/produs\/agave-10cm\/","title":{"rendered":"Agave - 10cm"},"content":{"rendered":"<p><strong>Dimensiuni:<\/strong> 104 x 97 x 103 mm<\/p>\n<p><strong>Material:<\/strong> beton polimeric, argil\u0103, plastic<\/p>\n<p><strong>Culoare:<\/strong><br \/>\nBaz\u0103: gri-maroniu<br \/>\nPlanta: verde \u00eenchis-verde deschis cu margine gri<\/p>\n<p><strong>Con\u021binut:<\/strong> 1 bucat\u0103<\/p>\n<p><strong>Descriere:<\/strong> Agave-ul mic este fabricat din plastic robust \u0219i are o baz\u0103 din r\u0103\u0219in\u0103 sintetic\u0103 cu aspect de piatr\u0103. Acest lucru \u00eel face extrem de durabil \u0219i nu poate fi deteriorat de furnici.<br \/>\nCu toate acestea, arat\u0103 foarte natural \u0219i atractiv \u0219i poate fi u\u0219or integrat \u00eentr-un formicariu.<\/p>\n<p><strong>Not\u0103:<\/strong> V\u0103 rug\u0103m s\u0103 cur\u0103\u021ba\u021bi sub jet de ap\u0103 \u00eenainte de utilizare!<\/p>","protected":false},"excerpt":{"rendered":"<p>Dimensiuni: 104 x 97 x 103 mm Material: beton polimer, lut, plastic Culoare: Baza: gri-maro Planta: verde \u00eenchis-verde deschis cu margine gri Con\u021binut: 1 buc: 1 bucat\u0103 Descriere: Ag\u0103\u021bica este o plant\u0103 de gr\u0103din\u0103: Agave mic\u0103 este fabricat\u0103 din plastic robust \u0219i are o baz\u0103 din r\u0103\u0219in\u0103 sintetic\u0103 cu aspect de piatr\u0103. Acest lucru \u00eel face extrem de durabil \u0219i nu poate fi deteriorat de furnici.","protected":false},"featured_media":9659,"comment_status":"open","ping_status":"closed","template":"","meta":{"_acf_changed":false,"content-type":"","_monsterinsights_skip_tracking":false,"_monsterinsights_sitenote_active":false,"_monsterinsights_sitenote_note":"","_monsterinsights_sitenote_category":0},"product_brand":[],"product_cat":[98,99],"product_tag":[],"class_list":{"0":"post-9212","1":"product","2":"type-product","3":"status-publish","4":"has-post-thumbnail","6":"product_cat-decoration","7":"product_cat-desert","9":"first","10":"instock","11":"taxable","12":"shipping-taxable","13":"purchasable","14":"product-type-simple"},"acf":[],"aioseo_notices":[],"jetpack_sharing_enabled":true,"_links":{"self":[{"href":"https:\/\/antcube.shop\/ro\/wp-json\/wp\/v2\/product\/9212","targetHints":{"allow":["GET"]}}],"collection":[{"href":"https:\/\/antcube.shop\/ro\/wp-json\/wp\/v2\/product"}],"about":[{"href":"https:\/\/antcube.shop\/ro\/wp-json\/wp\/v2\/types\/product"}],"replies":[{"embeddable":true,"href":"https:\/\/antcube.shop\/ro\/wp-json\/wp\/v2\/comments?post=9212"}],"wp:featuredmedia":[{"embeddable":true,"href":"https:\/\/antcube.shop\/ro\/wp-json\/wp\/v2\/media\/9659"}],"wp:attachment":[{"href":"https:\/\/antcube.shop\/ro\/wp-json\/wp\/v2\/media?parent=9212"}],"wp:term":[{"taxonomy":"product_brand","embeddable":true,"href":"https:\/\/antcube.shop\/ro\/wp-json\/wp\/v2\/product_brand?post=9212"},{"taxonomy":"product_cat","embeddable":true,"href":"https:\/\/antcube.shop\/ro\/wp-json\/wp\/v2\/product_cat?post=9212"},{"taxonomy":"product_tag","embeddable":true,"href":"https:\/\/antcube.shop\/ro\/wp-json\/wp\/v2\/product_tag?post=9212"}],"curies":[{"name":"wp","href":"https:\/\/api.w.org\/{rel}","templated":true}]}}