{"id":9211,"date":"2024-09-17T14:21:24","date_gmt":"2024-09-17T12:21:24","guid":{"rendered":"https:\/\/antcube.shop\/en\/product\/kaktus-7cm\/"},"modified":"2026-04-15T09:42:39","modified_gmt":"2026-04-15T07:42:39","slug":"cactus-7cm","status":"publish","type":"product","link":"https:\/\/antcube.shop\/ro\/produs\/cactus-7cm\/","title":{"rendered":"Cactus - 7cm"},"content":{"rendered":"<p><strong>Dimensiuni:<\/strong> 7 x 6 x 5 cm<\/p>\n<p><strong>Material:<\/strong> beton polimer, argil\u0103<\/p>\n<p><strong>Culoare:<\/strong><br \/>\nBaz\u0103: maro<br \/>\nCactus: verde<\/p>\n<p><strong>Con\u021binut:<\/strong> 1 buc.<\/p>\n<p><strong>Descriere:<\/strong> Pe l\u00e2ng\u0103 aspectul s\u0103u natural \u0219i rezisten\u021ba la UV, acest cactus din beton polimeric ofer\u0103 o stabilitate dimensional\u0103 ridicat\u0103, ceea ce \u00eel face extrem de durabil \u0219i rezistent la deteriorarea de c\u0103tre furnici.<\/p>\n<p><strong>Not\u0103:<\/strong> V\u0103 rug\u0103m s\u0103 cur\u0103\u021ba\u021bi sub jet de ap\u0103 \u00eenainte de utilizare!<\/p>","protected":false},"excerpt":{"rendered":"<p>Dimensiuni: 5,5 x 7,0 x 6,0 cm<\/p>","protected":false},"featured_media":9655,"comment_status":"open","ping_status":"closed","template":"","meta":{"_acf_changed":false,"content-type":"","_monsterinsights_skip_tracking":false,"_monsterinsights_sitenote_active":false,"_monsterinsights_sitenote_note":"","_monsterinsights_sitenote_category":0},"product_brand":[],"product_cat":[98,99],"product_tag":[],"class_list":{"0":"post-9211","1":"product","2":"type-product","3":"status-publish","4":"has-post-thumbnail","6":"product_cat-decoration","7":"product_cat-desert","9":"first","10":"instock","11":"taxable","12":"shipping-taxable","13":"purchasable","14":"product-type-simple"},"acf":[],"aioseo_notices":[],"jetpack_sharing_enabled":true,"_links":{"self":[{"href":"https:\/\/antcube.shop\/ro\/wp-json\/wp\/v2\/product\/9211","targetHints":{"allow":["GET"]}}],"collection":[{"href":"https:\/\/antcube.shop\/ro\/wp-json\/wp\/v2\/product"}],"about":[{"href":"https:\/\/antcube.shop\/ro\/wp-json\/wp\/v2\/types\/product"}],"replies":[{"embeddable":true,"href":"https:\/\/antcube.shop\/ro\/wp-json\/wp\/v2\/comments?post=9211"}],"wp:featuredmedia":[{"embeddable":true,"href":"https:\/\/antcube.shop\/ro\/wp-json\/wp\/v2\/media\/9655"}],"wp:attachment":[{"href":"https:\/\/antcube.shop\/ro\/wp-json\/wp\/v2\/media?parent=9211"}],"wp:term":[{"taxonomy":"product_brand","embeddable":true,"href":"https:\/\/antcube.shop\/ro\/wp-json\/wp\/v2\/product_brand?post=9211"},{"taxonomy":"product_cat","embeddable":true,"href":"https:\/\/antcube.shop\/ro\/wp-json\/wp\/v2\/product_cat?post=9211"},{"taxonomy":"product_tag","embeddable":true,"href":"https:\/\/antcube.shop\/ro\/wp-json\/wp\/v2\/product_tag?post=9211"}],"curies":[{"name":"wp","href":"https:\/\/api.w.org\/{rel}","templated":true}]}}