{"id":9210,"date":"2024-09-17T14:20:54","date_gmt":"2024-09-17T12:20:54","guid":{"rendered":"https:\/\/antcube.shop\/en\/product\/cognakpflanze\/"},"modified":"2026-04-02T19:26:07","modified_gmt":"2026-04-02T17:26:07","slug":"planta-de-coniac","status":"publish","type":"product","link":"https:\/\/antcube.shop\/ro\/produs\/planta-de-coniac\/","title":{"rendered":"Fabrica de coniac"},"content":{"rendered":"<p><strong>Dimensiuni:<\/strong> aprox. 90 x 70 x 100 mm<\/p>\n<p><strong>Material:<\/strong> beton polimeric, argil\u0103, plastic<\/p>\n<p><strong>Culoare:<\/strong><br \/>\nBaz\u0103: verde, gri deschis-gri \u00eenchis<br \/>\nPlanta: ro\u0219u-verde, flori portocalii<\/p>\n<p><strong>Con\u021binut:<\/strong> 1 buc.<\/p>\n<p><strong>Descriere:<\/strong> Aceste plante sunt fabricate din plastic robust \u0219i au o baz\u0103 din r\u0103\u0219in\u0103 sintetic\u0103 cu aspect de piatr\u0103. Acest lucru le face extrem de durabile \u0219i nu pot fi deteriorate de furnici. Cu toate acestea, au un aspect foarte natural \u0219i atractiv \u0219i pot fi u\u0219or integrate \u00eentr-un formicariu.<\/p>\n<p><strong>Not\u0103:<\/strong> V\u0103 rug\u0103m s\u0103 cur\u0103\u021ba\u021bi sub jet de ap\u0103 \u00eenainte de utilizare!<\/p>","protected":false},"excerpt":{"rendered":"<p>Dimensiuni: aprox. 9 x 7 x 10 cm<\/p>","protected":false},"featured_media":9653,"comment_status":"open","ping_status":"closed","template":"","meta":{"_acf_changed":false,"content-type":"","_monsterinsights_skip_tracking":false,"_monsterinsights_sitenote_active":false,"_monsterinsights_sitenote_note":"","_monsterinsights_sitenote_category":0},"product_brand":[],"product_cat":[98,100],"product_tag":[],"class_list":{"0":"post-9210","1":"product","2":"type-product","3":"status-publish","4":"has-post-thumbnail","6":"product_cat-decoration","7":"product_cat-rainforest","9":"first","10":"instock","11":"taxable","12":"shipping-taxable","13":"purchasable","14":"product-type-simple"},"acf":[],"aioseo_notices":[],"jetpack_sharing_enabled":true,"_links":{"self":[{"href":"https:\/\/antcube.shop\/ro\/wp-json\/wp\/v2\/product\/9210","targetHints":{"allow":["GET"]}}],"collection":[{"href":"https:\/\/antcube.shop\/ro\/wp-json\/wp\/v2\/product"}],"about":[{"href":"https:\/\/antcube.shop\/ro\/wp-json\/wp\/v2\/types\/product"}],"replies":[{"embeddable":true,"href":"https:\/\/antcube.shop\/ro\/wp-json\/wp\/v2\/comments?post=9210"}],"wp:featuredmedia":[{"embeddable":true,"href":"https:\/\/antcube.shop\/ro\/wp-json\/wp\/v2\/media\/9653"}],"wp:attachment":[{"href":"https:\/\/antcube.shop\/ro\/wp-json\/wp\/v2\/media?parent=9210"}],"wp:term":[{"taxonomy":"product_brand","embeddable":true,"href":"https:\/\/antcube.shop\/ro\/wp-json\/wp\/v2\/product_brand?post=9210"},{"taxonomy":"product_cat","embeddable":true,"href":"https:\/\/antcube.shop\/ro\/wp-json\/wp\/v2\/product_cat?post=9210"},{"taxonomy":"product_tag","embeddable":true,"href":"https:\/\/antcube.shop\/ro\/wp-json\/wp\/v2\/product_tag?post=9210"}],"curies":[{"name":"wp","href":"https:\/\/api.w.org\/{rel}","templated":true}]}}