{"id":9208,"date":"2024-09-17T14:19:38","date_gmt":"2024-09-17T12:19:38","guid":{"rendered":"https:\/\/antcube.shop\/en\/product\/kleines-fettblatt\/"},"modified":"2026-04-13T09:34:47","modified_gmt":"2026-04-13T07:34:47","slug":"kleines-fettblatt","status":"publish","type":"product","link":"https:\/\/antcube.shop\/ro\/produs\/kleines-fettblatt\/","title":{"rendered":"Papur\u0103 mic\u0103"},"content":{"rendered":"<p><strong>Dimensiuni:<\/strong> aprox. 70 x 40 x 100 mm<\/p>\n<p><strong>Material:<\/strong> beton polimeric, argil\u0103, plastic<\/p>\n<p><strong>Culoare:<\/strong><br \/>\nBaz\u0103: verde, gri deschis-gri \u00eenchis<br \/>\nPlanta: verde \u00eenchis<\/p>\n<p><strong>Con\u021binut:<\/strong> 1 buc.<\/p>\n<p><strong>Descriere:<\/strong> Micul flutura\u0219 este fabricat din plastic robust \u0219i are o baz\u0103 din r\u0103\u0219in\u0103 sintetic\u0103 cu aspect de piatr\u0103. Acest lucru \u00eel face extrem de durabil \u0219i nu poate fi deteriorat de furnici. Cu toate acestea, arat\u0103 foarte natural \u0219i atractiv \u0219i poate fi u\u0219or integrat \u00eentr-un formicariu.<\/p>\n<p><strong>Not\u0103:<\/strong> V\u0103 rug\u0103m s\u0103 cur\u0103\u021ba\u021bi sub jet de ap\u0103 \u00eenainte de utilizare!<\/p>","protected":false},"excerpt":{"rendered":"<p>Dimensiuni: aprox. 7 x 4 x 10 cm<\/p>","protected":false},"featured_media":9360,"comment_status":"open","ping_status":"closed","template":"","meta":{"_acf_changed":false,"content-type":"","_monsterinsights_skip_tracking":false,"_monsterinsights_sitenote_active":false,"_monsterinsights_sitenote_note":"","_monsterinsights_sitenote_category":0},"product_brand":[],"product_cat":[98,102,100],"product_tag":[],"class_list":{"0":"post-9208","1":"product","2":"type-product","3":"status-publish","4":"has-post-thumbnail","6":"product_cat-decoration","7":"product_cat-meadow","8":"product_cat-rainforest","10":"first","11":"outofstock","12":"taxable","13":"shipping-taxable","14":"purchasable","15":"product-type-simple"},"acf":[],"aioseo_notices":[],"jetpack_sharing_enabled":true,"_links":{"self":[{"href":"https:\/\/antcube.shop\/ro\/wp-json\/wp\/v2\/product\/9208","targetHints":{"allow":["GET"]}}],"collection":[{"href":"https:\/\/antcube.shop\/ro\/wp-json\/wp\/v2\/product"}],"about":[{"href":"https:\/\/antcube.shop\/ro\/wp-json\/wp\/v2\/types\/product"}],"replies":[{"embeddable":true,"href":"https:\/\/antcube.shop\/ro\/wp-json\/wp\/v2\/comments?post=9208"}],"wp:featuredmedia":[{"embeddable":true,"href":"https:\/\/antcube.shop\/ro\/wp-json\/wp\/v2\/media\/9360"}],"wp:attachment":[{"href":"https:\/\/antcube.shop\/ro\/wp-json\/wp\/v2\/media?parent=9208"}],"wp:term":[{"taxonomy":"product_brand","embeddable":true,"href":"https:\/\/antcube.shop\/ro\/wp-json\/wp\/v2\/product_brand?post=9208"},{"taxonomy":"product_cat","embeddable":true,"href":"https:\/\/antcube.shop\/ro\/wp-json\/wp\/v2\/product_cat?post=9208"},{"taxonomy":"product_tag","embeddable":true,"href":"https:\/\/antcube.shop\/ro\/wp-json\/wp\/v2\/product_tag?post=9208"}],"curies":[{"name":"wp","href":"https:\/\/api.w.org\/{rel}","templated":true}]}}