{"id":9030,"date":"2024-08-27T16:21:31","date_gmt":"2024-08-27T14:21:31","guid":{"rendered":"https:\/\/antcube.shop\/product\/antcube-digfix-terra-nidum-platte-40x20-l-beige\/"},"modified":"2026-04-14T14:05:23","modified_gmt":"2026-04-14T12:05:23","slug":"antcube-digfix-terra-nidum-placa-40x20-l-bej","status":"publish","type":"product","link":"https:\/\/antcube.shop\/ro\/produs\/antcube-digfix-terra-nidum-placa-40x20-l-bej\/","title":{"rendered":"ANTCUBE - Digfix Placa Terra nidum 40\u00d720 - L - bej"},"content":{"rendered":"<p><strong>Dimensiuni:<\/strong> 383x160x19 mm<\/p>\n<p><strong>Material:<\/strong> Material pe baz\u0103 de r\u0103\u0219in\u0103 Diggable<\/p>\n<p><strong>Descriere:<\/strong> Placa Terra nidum (cuib de p\u0103m\u00e2nt \u00een latin\u0103) din material s\u0103pabil se potrive\u0219te perfect pentru fermele noastre de furnici ANTCUBE. Poate fi utilizat\u0103 at\u00e2t \u00een stare uscat\u0103, c\u00e2t \u0219i umed\u0103. De asemenea, este potrivit\u0103 pentru multe specii de furnici, \u00een special pentru speciile care \u00ee\u0219i fac cuiburile \u00een nisip \u0219i lemn (mort). Poate fi folosit \u00een locul amestecurilor de nisip\/argil\u0103 sau al inser\u021biilor de plut\u0103 pentru cuiburi. Avantajul acestui cuib este c\u0103 umezirea pl\u0103cii este mai u\u0219or de controlat datorit\u0103 unei decolor\u0103ri clar vizibile, iar coloritul pl\u0103cii ofer\u0103 un super contrast cu speciile de furnici de obicei mai \u00eenchise la culoare. \u00cen plus, pl\u0103cile interioare ale furnicarului nu pot fi murd\u0103rite cu substrat, a\u0219a cum se \u00eent\u00e2mpl\u0103, de exemplu, \u00een cazul amestecurilor de nisip\/argil\u0103, ceea ce permite o vizualizare perfect\u0103 a cuibului. De asemenea, materialul nostru pentru cuiburi are o structur\u0103 mult mai ferm\u0103, astfel \u00eenc\u00e2t tunelurile \u0219i camerele s\u0103pate de furnici nu se pr\u0103bu\u0219esc.<\/p>\n<p><strong>Not\u0103:<\/strong> Culoarea natural\u0103 poate varia \u00eentre bej \/ nisip \u0219i maro deschis. Tonul culorii nu are nicio influen\u021b\u0103 asupra calit\u0103\u021bii.<br \/>\nDimensiunile pot varia cu +\/- 1 mm din cauza procesului de fabrica\u021bie<\/p>","protected":false},"excerpt":{"rendered":"<p>Dimensiune: <strong>L<\/strong><\/p>","protected":false},"featured_media":9039,"comment_status":"open","ping_status":"closed","template":"","meta":{"_acf_changed":false,"content-type":"","_monsterinsights_skip_tracking":false,"_monsterinsights_sitenote_active":false,"_monsterinsights_sitenote_note":"","_monsterinsights_sitenote_category":0},"product_brand":[],"product_cat":[257,87,88],"product_tag":[],"class_list":{"0":"post-9030","1":"product","2":"type-product","3":"status-publish","4":"has-post-thumbnail","6":"product_cat-new-innovatve-products","7":"product_cat-nest-insets","8":"product_cat-digfix","10":"first","11":"instock","12":"taxable","13":"shipping-taxable","14":"purchasable","15":"product-type-simple"},"acf":[],"aioseo_notices":[],"jetpack_sharing_enabled":true,"_links":{"self":[{"href":"https:\/\/antcube.shop\/ro\/wp-json\/wp\/v2\/product\/9030","targetHints":{"allow":["GET"]}}],"collection":[{"href":"https:\/\/antcube.shop\/ro\/wp-json\/wp\/v2\/product"}],"about":[{"href":"https:\/\/antcube.shop\/ro\/wp-json\/wp\/v2\/types\/product"}],"replies":[{"embeddable":true,"href":"https:\/\/antcube.shop\/ro\/wp-json\/wp\/v2\/comments?post=9030"}],"wp:featuredmedia":[{"embeddable":true,"href":"https:\/\/antcube.shop\/ro\/wp-json\/wp\/v2\/media\/9039"}],"wp:attachment":[{"href":"https:\/\/antcube.shop\/ro\/wp-json\/wp\/v2\/media?parent=9030"}],"wp:term":[{"taxonomy":"product_brand","embeddable":true,"href":"https:\/\/antcube.shop\/ro\/wp-json\/wp\/v2\/product_brand?post=9030"},{"taxonomy":"product_cat","embeddable":true,"href":"https:\/\/antcube.shop\/ro\/wp-json\/wp\/v2\/product_cat?post=9030"},{"taxonomy":"product_tag","embeddable":true,"href":"https:\/\/antcube.shop\/ro\/wp-json\/wp\/v2\/product_tag?post=9030"}],"curies":[{"name":"wp","href":"https:\/\/api.w.org\/{rel}","templated":true}]}}