{"id":8973,"date":"2024-08-19T20:50:58","date_gmt":"2024-08-19T18:50:58","guid":{"rendered":"https:\/\/antcube.shop\/product\/abstandshalter-fur-20mm-rohr\/"},"modified":"2026-03-05T18:06:15","modified_gmt":"2026-03-05T17:06:15","slug":"distantiere-pentru-tub-de-20-mm","status":"publish","type":"product","link":"https:\/\/antcube.shop\/ro\/produs\/distantiere-pentru-tub-de-20-mm\/","title":{"rendered":"Distan\u021bier pentru tub de 20 mm"},"content":{"rendered":"<p><strong>Dimensiunile produsului:<\/strong> 49x14x8mm (distan\u021bier)<\/p>\n<p><strong>Material:<\/strong> sticl\u0103 acrilic\u0103, o\u021bel cu arc<\/p>\n<p><strong>Culoare:<\/strong> alb, gri o\u021bel<\/p>\n<p><strong>Con\u021binut:<\/strong><br \/>\n1x distan\u021bier<br \/>\n1x suport clem\u0103 - o\u021bel cu arc pentru 20mm<br \/>\n2x \u0219uruburi \u0219i dibluri pentru montare pe perete<br \/>\n1x \u0219urub mic pentru fixarea suportului clemei pe distan\u021bier<\/p>\n<p><strong>Descriere:<\/strong><br \/>\nDistan\u021biere pentru fixarea tuburilor acrilice la perete. Acestea au fost dezvoltate pentru a conecta arenele noastre de perete \u0219i fermele de furnici de perete \u00eentre ele sau cu alte elemente prin intermediul tuburilor acrilice. Acesta face leg\u0103tura \u00eentre perete \u0219i tuburile acrilice \u0219i permite fixarea sigur\u0103, ferm\u0103 \u0219i atractiv\u0103 din punct de vedere vizual a tuburilor acrilice cu ajutorul suporturilor pentru cleme.<\/p>\n<p><strong>Not\u0103:<\/strong><br \/>\nFurnizat \u00een p\u0103r\u021bi individuale \u0219i trebuie ata\u0219at folosind o \u0219urubelni\u021b\u0103 Phillips<br \/>\nExist\u0103 folii de protec\u021bie sub\u021biri pe ambele p\u0103r\u021bi ale distan\u021bierului. Pur \u0219i simplu dezlipi\u021bi-le.<\/p>\n<p><strong>Fixare:<\/strong><br \/>\nPentru a fixa cele 2 dopuri de perete \"S6\" \u00een perete, ave\u021bi nevoie de un burghiu cu un bit de 6 mm (lemn, piatr\u0103 sau metal, \u00een func\u021bie de material).<br \/>\nTrebuie s\u0103 se g\u0103ureasc\u0103 g\u0103uri de 45 mm ad\u00e2ncime \u00een perete pentru a contra\u0219anta diblurile de 6x30 mm cu \u0219uruburile de 4,5x40 mm.<br \/>\n<strong>Necesar pentru asamblare:<\/strong><br \/>\n- Nivel de spirit<br \/>\n- Band\u0103 adeziv\u0103, astfel \u00eenc\u00e2t s\u0103 nu trebuiasc\u0103 s\u0103 marca\u021bi peretele de dedesubt.<br \/>\n- \u0218urubelni\u021b\u0103 Phillips<br \/>\n- Burghiu\/ma\u0219in\u0103 de g\u0103urit \u00een func\u021bie de perete<br \/>\n- Burghiu de 6 mm (lemn, piatr\u0103 sau metal, \u00een func\u021bie de suprafa\u021b\u0103)<\/p>","protected":false},"excerpt":{"rendered":"<p>Dimensiunile produsului: 49x14x8mm (distan\u021bier) Material: sticl\u0103 acrilic\u0103, o\u021bel cu arc Culoare: alb, gri o\u021bel Cuprins: 1x distan\u021bier 1x suport clem\u0103 - o\u021bel cu arc pentru 20mm 2x \u0219urub \u0219i diblu pentru montare pe perete 1x \u0219urub mic pentru fixarea suportului clem\u0103 pe distan\u021bier Descriere: Distan\u021biere pentru fixarea tuburilor acrilice pe perete. Acestea au fost dezvoltate pentru a","protected":false},"featured_media":8991,"comment_status":"open","ping_status":"closed","template":"","meta":{"_acf_changed":false,"content-type":"","_monsterinsights_skip_tracking":false,"_monsterinsights_sitenote_active":false,"_monsterinsights_sitenote_note":"","_monsterinsights_sitenote_category":0},"product_brand":[],"product_cat":[345,119,120],"product_tag":[],"class_list":{"0":"post-8973","1":"product","2":"type-product","3":"status-publish","4":"has-post-thumbnail","6":"product_cat-pipe-connectors","7":"product_cat-formicarium-components","8":"product_cat-hoses","10":"first","11":"instock","12":"taxable","13":"shipping-taxable","14":"purchasable","15":"product-type-simple"},"acf":[],"aioseo_notices":[],"jetpack_sharing_enabled":true,"_links":{"self":[{"href":"https:\/\/antcube.shop\/ro\/wp-json\/wp\/v2\/product\/8973","targetHints":{"allow":["GET"]}}],"collection":[{"href":"https:\/\/antcube.shop\/ro\/wp-json\/wp\/v2\/product"}],"about":[{"href":"https:\/\/antcube.shop\/ro\/wp-json\/wp\/v2\/types\/product"}],"replies":[{"embeddable":true,"href":"https:\/\/antcube.shop\/ro\/wp-json\/wp\/v2\/comments?post=8973"}],"wp:featuredmedia":[{"embeddable":true,"href":"https:\/\/antcube.shop\/ro\/wp-json\/wp\/v2\/media\/8991"}],"wp:attachment":[{"href":"https:\/\/antcube.shop\/ro\/wp-json\/wp\/v2\/media?parent=8973"}],"wp:term":[{"taxonomy":"product_brand","embeddable":true,"href":"https:\/\/antcube.shop\/ro\/wp-json\/wp\/v2\/product_brand?post=8973"},{"taxonomy":"product_cat","embeddable":true,"href":"https:\/\/antcube.shop\/ro\/wp-json\/wp\/v2\/product_cat?post=8973"},{"taxonomy":"product_tag","embeddable":true,"href":"https:\/\/antcube.shop\/ro\/wp-json\/wp\/v2\/product_tag?post=8973"}],"curies":[{"name":"wp","href":"https:\/\/api.w.org\/{rel}","templated":true}]}}