{"id":8970,"date":"2024-08-19T20:48:32","date_gmt":"2024-08-19T18:48:32","guid":{"rendered":"https:\/\/antcube.shop\/product\/wand-formicarien-set\/"},"modified":"2026-03-04T17:24:31","modified_gmt":"2026-03-04T16:24:31","slug":"set-formicarium-montat-pe-perete","status":"publish","type":"product","link":"https:\/\/antcube.shop\/ro\/produs\/set-formicarium-montat-pe-perete\/","title":{"rendered":"Set formicarium montat pe perete"},"content":{"rendered":"<p><strong>Include:<\/strong><br \/>\n1x Aren\u0103 pentru furnici montat\u0103 pe perete - 30x15x15<br \/>\n1x ferm\u0103 de furnici montat\u0103 pe perete - L - 30\u00d730 - sticl\u0103<br \/>\n1x cadru pentru arena furnicilor 30\u00d715<br \/>\n1x capac pentru arena furnicilor 30\u00d715<\/p>\n<p>3x conector de \u021beav\u0103 cristal transparent pentru 20mm - L<br \/>\n1x conector de \u021beav\u0103 cristal transparent pentru 20mm - I<br \/>\n1x conector de bazin 3\/4\u2033 la 20mm - cristal transparent<br \/>\n1x tub pentru furnici - cristal transparent 20mm (3x3cm \u0219i 1x30cm)<br \/>\n1x distan\u021bier cu suport pentru clem\u0103 de 20 mm<br \/>\n1x Capac de gril\u0103 - 16mm - o\u021bel inoxidabil<br \/>\n2x Grid insert acrylic &#8211; 50 mm with sealing ring<br \/>\n1x Grid insert acrylic &#8211; 27 mm with sealing ring<br \/>\n1x piuli\u021b\u0103 formicarium 3\/4 inch - cristal transparent<br \/>\n8x inser\u021bie de cauciuc pentru g\u0103uri de foraj ca protec\u021bie<br \/>\n8x \u0219aibe<br \/>\nincl. 8x \u0219uruburi \u0219i dibluri<\/p>\n<p><strong>Descriere:<\/strong><br \/>\nAcest set de formicarium montat pe perete a fost dezvoltat pentru montare pe perete \u0219i este u\u0219or de instalat pe pere\u021bi din lemn \u0219i piatr\u0103. At\u00e2t arena, c\u00e2t \u0219i furnicarul sunt complet transparente, permi\u021b\u00e2nd o bun\u0103 vizualizare a cuibului. Ca material de cuib\u0103rit pentru furnici se pot folosi fie nisip \u0219i argil\u0103, fie una dintre inser\u021biile noastre de cuib\u0103rit din plut\u0103 sau Digfix asortate. Pentru a conecta ferma de furnici \u0219i arena, am inclus \u00een set tuburi acrilice t\u0103iate la dimensiune. \u0218uruburile \u0219i dopurile pentru ata\u0219area la perete sunt, de asemenea, incluse \u00een set.<\/p>\n<p><strong>Instruc\u021biuni de instalare:<\/strong><\/p>\n<p><strong>Datorit\u0103 panoului de sticl\u0103 ca perete din spate, peretele de dedesubt trebuie s\u0103 fie complet drept.<\/strong><br \/>\nPentru a fixa cele 8 dibluri \"S6\" \u00een perete, ave\u021bi nevoie de un burghiu cu o burghie de 6 mm (lemn, piatr\u0103 sau metal, \u00een func\u021bie de material). Trebuie s\u0103 face\u021bi g\u0103uri ad\u00e2nci de 45 mm \u00een perete pentru a \u00eencastra diblurile de 6x30 mm cu \u0219uruburile de 4,5x40 mm.<br \/>\n<strong>Necesar pentru asamblare:<\/strong><br \/>\n- nivel de spirit<br \/>\n- Band\u0103 adeziv\u0103 pentru a evita marcarea pe peretele de dedesubt.<br \/>\n- \u0218urubelni\u021b\u0103 Phillips<br \/>\n- Burghiu\/ma\u0219in\u0103 de g\u0103urit \u00een func\u021bie de perete<br \/>\n- Burghiu de 6 mm (lemn, piatr\u0103 sau metal, \u00een func\u021bie de suprafa\u021b\u0103)<br \/>\n- De asemenea, este util s\u0103 realiza\u021bi un \u0219ablon pentru g\u0103urile de foraj dintr-o foaie de h\u00e2rtie. Pur \u0219i simplu plasa\u021bi-o sub peretele din spate \u0219i marca\u021bi g\u0103urile.<\/p>\n<p><strong>Detalii despre ferma de furnici:<\/strong><br \/>\nDimensiuni (LxH):<br \/>\nPeretele din spate (6mm grosime): 400x293mm<\/p>\n<p>Exterior (f\u0103r\u0103 panoul din spate)<br \/>\n334x28x296mm<\/p>\n<p>Interior<br \/>\n284x20x290 mm<\/p>\n<p><strong>Material:<\/strong><br \/>\nSticl\u0103 flotant\u0103<\/p>\n<p><strong>culoare:<\/strong><br \/>\nfoarte clar<\/p>\n<p><strong>Detalii despre arena furnicilor:<\/strong><br \/>\nDimensiuni (LxLxA):<br \/>\nPeretele din spate (6mm): 400x150mm<\/p>\n<p>Arena (f\u0103r\u0103 peretele din spate): 300x146x150mm<\/p>\n<p><strong>material:<\/strong><br \/>\nSticl\u0103 flotant\u0103<\/p>\n<p><strong>Culoare:<\/strong><br \/>\nfoarte clar<\/p>\n<p><strong>Dimensiuni (LxLxA):<\/strong><br \/>\nPeretele din spate (6mm): 400x150mm<\/p>\n<p>Arena (f\u0103r\u0103 panoul din spate): 300x146x150mm<\/p>\n<p><strong>material:<\/strong><br \/>\nSticl\u0103 flotant\u0103<\/p>\n<p><strong>Culoare:<\/strong><br \/>\nfoarte clar<\/p>\n<p><strong>Note privind produc\u021bia<\/strong><br \/>\nSticla este t\u0103iat\u0103 la dimensiune \u00een conformitate cu DIN 1249 cu o toleran\u021b\u0103 de +\/- 1 mm. O protec\u021bie suplimentar\u0103 \u00eempotriva spargerii este esen\u021bial\u0103 pentru speciile de furnici extrem de mici.<br \/>\nDeoarece produsele noastre sunt fabricate manual, pot ap\u0103rea abateri minime \u00een ciuda celei mai mari aten\u021bii.<\/p>\n<p><strong>Not\u0103 privind ferma<\/strong><br \/>\n<strong>C\u00e2nd ata\u0219a\u021bi sau scoate\u021bi furtunurile, v\u0103 rug\u0103m s\u0103 \u021bine\u021bi cont de urm\u0103toarele:<\/strong><br \/>\n\u00cen cazul \u00een care tubulatura se potrive\u0219te foarte greu pe priza de conectare, aceasta trebuie frecat\u0103 u\u0219or cu o pic\u0103tur\u0103 din uleiul sau pulberea noastr\u0103 antiefrac\u021bie. Furtunul trebuie apoi \u00eempins pe priz\u0103 prin mi\u0219c\u0103ri de r\u0103sucire sau \u00een\u0219urubare, f\u0103r\u0103 a for\u021ba priza cu mi\u0219c\u0103ri de sus \u00een jos. Acela\u0219i lucru este valabil \u0219i atunci c\u00e2nd scoate\u021bi furtunurile din priza de conectare a fermei. V\u0103 rug\u0103m s\u0103 nu trage\u021bi pur \u0219i simplu de el!<\/p>","protected":false},"excerpt":{"rendered":"<p>Acest set este format din 21 de piese<\/p>\n<p>Dimensiune: <span style=\"color: #0000ff;\"><strong>L<\/strong> <\/span><\/p>","protected":false},"featured_media":8995,"comment_status":"open","ping_status":"closed","template":"","meta":{"_acf_changed":false,"content-type":"","_monsterinsights_skip_tracking":false,"_monsterinsights_sitenote_active":false,"_monsterinsights_sitenote_note":"","_monsterinsights_sitenote_category":0},"product_brand":[],"product_cat":[257,73,86],"product_tag":[],"class_list":{"0":"post-8970","1":"product","2":"type-product","3":"status-publish","4":"has-post-thumbnail","6":"product_cat-new-innovatve-products","7":"product_cat-starter-sets","8":"product_cat-formicariums","10":"first","11":"instock","12":"taxable","13":"shipping-taxable","14":"purchasable","15":"product-type-simple"},"acf":[],"aioseo_notices":[],"jetpack_sharing_enabled":true,"_links":{"self":[{"href":"https:\/\/antcube.shop\/ro\/wp-json\/wp\/v2\/product\/8970","targetHints":{"allow":["GET"]}}],"collection":[{"href":"https:\/\/antcube.shop\/ro\/wp-json\/wp\/v2\/product"}],"about":[{"href":"https:\/\/antcube.shop\/ro\/wp-json\/wp\/v2\/types\/product"}],"replies":[{"embeddable":true,"href":"https:\/\/antcube.shop\/ro\/wp-json\/wp\/v2\/comments?post=8970"}],"wp:featuredmedia":[{"embeddable":true,"href":"https:\/\/antcube.shop\/ro\/wp-json\/wp\/v2\/media\/8995"}],"wp:attachment":[{"href":"https:\/\/antcube.shop\/ro\/wp-json\/wp\/v2\/media?parent=8970"}],"wp:term":[{"taxonomy":"product_brand","embeddable":true,"href":"https:\/\/antcube.shop\/ro\/wp-json\/wp\/v2\/product_brand?post=8970"},{"taxonomy":"product_cat","embeddable":true,"href":"https:\/\/antcube.shop\/ro\/wp-json\/wp\/v2\/product_cat?post=8970"},{"taxonomy":"product_tag","embeddable":true,"href":"https:\/\/antcube.shop\/ro\/wp-json\/wp\/v2\/product_tag?post=8970"}],"curies":[{"name":"wp","href":"https:\/\/api.w.org\/{rel}","templated":true}]}}