{"id":8969,"date":"2024-08-19T20:48:04","date_gmt":"2024-08-19T18:48:04","guid":{"rendered":"https:\/\/antcube.shop\/product\/wand-ameisenarena-30x15x30\/"},"modified":"2026-04-01T13:28:19","modified_gmt":"2026-04-01T11:28:19","slug":"perete-furnica-arena-30x15x30","status":"publish","type":"product","link":"https:\/\/antcube.shop\/ro\/produs\/perete-furnica-arena-30x15x30\/","title":{"rendered":"Zid furnic\u0103 arena - 30x15x30"},"content":{"rendered":"<p><strong>Dimensiuni (LxH):<\/strong><br \/>\nPeretele din spate (6mm): 400x300mm<\/p>\n<p><strong>Arena ( f\u0103r\u0103 panoul din spate):<\/strong> 300x146x300mm<\/p>\n<p><strong>Material:<\/strong><br \/>\nSticl\u0103 flotant\u0103<\/p>\n<p><strong>Culoare:<\/strong><br \/>\nfoarte clar<\/p>\n<p><strong>Cuprins:<\/strong><br \/>\n1x perete arena furnicilor - 30x15x30<br \/>\n4x inser\u021bie de cauciuc pentru g\u0103uri de foraj ca protec\u021bie<br \/>\n4x \u0219aib\u0103 pentru g\u0103uri de foraj<br \/>\n4x dopuri \u0219i \u0219uruburi<\/p>\n<p><strong>Conexiune:<\/strong><br \/>\n<strong>ATEN\u021aIE 2x dopuri\/ inser\u021bii de re\u021bea\/ conectori (dup\u0103 cum este necesar) pentru g\u0103urile laterale de 27 mm nu sunt incluse \u00een livrare<\/strong><br \/>\n2 g\u0103uri de 50 mm \u00een partea de jos (centrul g\u0103urii la 4 cm de marginea de jos)<br \/>\n2 g\u0103uri de 50 mm \u00een partea superioar\u0103 (centrul g\u0103urii la 4 cm de marginea superioar\u0103)<\/p>\n<p><strong>Descriere:<\/strong><br \/>\nAceast\u0103 aren\u0103 pentru furnici a fost dezvoltat\u0103 pentru montare pe perete \u0219i este u\u0219or de instalat pe pere\u021bi din lemn \u0219i piatr\u0103. Prin orificiile laterale de 27 mm se pot conecta ferme \u0219i arene de furnici suplimentare. Ca conexiune se poate folosi fie un furtun, fie un tub acrilic transparent, fie \"scara pentru furnici\". Oferim, de asemenea, un furnicar de perete pentru a se potrivi cu arena de furnici de perete.<br \/>\nArticolele asortate Ant arena cover 30\u00d715 \u0219i Ant arena frame 30\u00d715 trebuie comandate separat.<\/p>\n<p><strong>Instruc\u021biuni de instalare:<\/strong><br \/>\n<strong>Datorit\u0103 panoului de sticl\u0103 ca perete din spate, peretele de dedesubt trebuie s\u0103 fie complet drept.<\/strong><br \/>\nPentru a fixa cele 4 dibluri \"S6\" \u00een perete, ave\u021bi nevoie de un burghiu cu un bit de 6 mm (lemn, piatr\u0103 sau metal, \u00een func\u021bie de material).<br \/>\nTrebuie g\u0103urite g\u0103uri ad\u00e2nci de 45 mm \u00een perete pentru a \u00een\u021bepa diblurile de 6x30 mm cu \u0219uruburile de 4,5x40 mm.<br \/>\n<strong>Necesar pentru asamblare:<\/strong><br \/>\n- nivel de spirit<br \/>\n- Band\u0103 adeziv\u0103 pentru a evita marcarea pe peretele de dedesubt.<br \/>\n- \u0218urubelni\u021b\u0103 Phillips<br \/>\n- Burghiu\/ma\u0219in\u0103 de g\u0103urit \u00een func\u021bie de perete<br \/>\n- Burghiu de 6 mm (lemn, piatr\u0103 sau metal, \u00een func\u021bie de suprafa\u021b\u0103)<br \/>\n- De asemenea, este util s\u0103 realiza\u021bi un \u0219ablon pentru g\u0103urile de foraj dintr-o foaie de h\u00e2rtie. Pur \u0219i simplu plasa\u021bi-o sub peretele din spate \u0219i marca\u021bi g\u0103urile.<\/p>\n<p><strong>Note privind produc\u021bia<\/strong><br \/>\nSticla este t\u0103iat\u0103 \u00een conformitate cu DIN 1249 cu o toleran\u021b\u0103 de +\/- 1 mm. Pentru speciile de furnici extrem de mici, este esen\u021bial\u0103 o protec\u021bie suplimentar\u0103 \u00eempotriva evad\u0103rii.<br \/>\nDeoarece produsele noastre sunt fabricate manual, pot ap\u0103rea abateri minime, \u00een ciuda celei mai mari aten\u021bii acordate<\/p>\n<p><strong>Not\u0103 privind ferma<\/strong><br \/>\nC\u00e2nd ata\u0219a\u021bi sau scoate\u021bi furtunurile, v\u0103 rug\u0103m s\u0103 \u021bine\u021bi cont de urm\u0103toarele:<br \/>\n\u00cen cazul \u00een care tubulatura se potrive\u0219te foarte greu pe priza de conectare, aceasta trebuie frecat\u0103 u\u0219or cu o pic\u0103tur\u0103 din uleiul sau pulberea noastr\u0103 antiefrac\u021bie. Furtunul trebuie apoi \u00eempins pe priz\u0103 prin mi\u0219c\u0103ri de r\u0103sucire sau \u00een\u0219urubare, f\u0103r\u0103 a for\u021ba priza cu mi\u0219c\u0103ri de sus \u00een jos. Acela\u0219i lucru este valabil \u0219i atunci c\u00e2nd scoate\u021bi furtunurile din priza de conectare a fermei. V\u0103 rug\u0103m s\u0103 nu trage\u021bi pur \u0219i simplu de el!<\/p>","protected":false},"excerpt":{"rendered":"<p>Conectare: Gaur\u0103 4x 50 mm<\/p>","protected":false},"featured_media":9001,"comment_status":"open","ping_status":"closed","template":"","meta":{"_acf_changed":false,"content-type":"","_monsterinsights_skip_tracking":false,"_monsterinsights_sitenote_active":false,"_monsterinsights_sitenote_note":"","_monsterinsights_sitenote_category":0},"product_brand":[],"product_cat":[257,85,86],"product_tag":[],"class_list":{"0":"post-8969","1":"product","2":"type-product","3":"status-publish","4":"has-post-thumbnail","6":"product_cat-new-innovatve-products","7":"product_cat-ant-arenas","8":"product_cat-formicariums","10":"first","11":"instock","12":"taxable","13":"shipping-taxable","14":"purchasable","15":"product-type-simple"},"acf":[],"aioseo_notices":[],"jetpack_sharing_enabled":true,"_links":{"self":[{"href":"https:\/\/antcube.shop\/ro\/wp-json\/wp\/v2\/product\/8969","targetHints":{"allow":["GET"]}}],"collection":[{"href":"https:\/\/antcube.shop\/ro\/wp-json\/wp\/v2\/product"}],"about":[{"href":"https:\/\/antcube.shop\/ro\/wp-json\/wp\/v2\/types\/product"}],"replies":[{"embeddable":true,"href":"https:\/\/antcube.shop\/ro\/wp-json\/wp\/v2\/comments?post=8969"}],"wp:featuredmedia":[{"embeddable":true,"href":"https:\/\/antcube.shop\/ro\/wp-json\/wp\/v2\/media\/9001"}],"wp:attachment":[{"href":"https:\/\/antcube.shop\/ro\/wp-json\/wp\/v2\/media?parent=8969"}],"wp:term":[{"taxonomy":"product_brand","embeddable":true,"href":"https:\/\/antcube.shop\/ro\/wp-json\/wp\/v2\/product_brand?post=8969"},{"taxonomy":"product_cat","embeddable":true,"href":"https:\/\/antcube.shop\/ro\/wp-json\/wp\/v2\/product_cat?post=8969"},{"taxonomy":"product_tag","embeddable":true,"href":"https:\/\/antcube.shop\/ro\/wp-json\/wp\/v2\/product_tag?post=8969"}],"curies":[{"name":"wp","href":"https:\/\/api.w.org\/{rel}","templated":true}]}}