{"id":8968,"date":"2024-08-19T20:47:21","date_gmt":"2024-08-19T18:47:21","guid":{"rendered":"https:\/\/antcube.shop\/product\/wand-ameisenfarm-l-30x30-glas\/"},"modified":"2026-01-12T12:39:31","modified_gmt":"2026-01-12T11:39:31","slug":"perete-ant-farm-l-30x30-sticla","status":"publish","type":"product","link":"https:\/\/antcube.shop\/ro\/produs\/perete-ant-farm-l-30x30-sticla\/","title":{"rendered":"Furnicar de perete - L - 30\u00d730 - Sticl\u0103"},"content":{"rendered":"<p><strong>Dimensiuni (LxH):<\/strong><br \/>\nPeretele din spate (6mm grosime) : 400x293mm<\/p>\n<p>Exterior (f\u0103r\u0103 panoul din spate)<br \/>\n334x28x296mm<\/p>\n<p>Interior<br \/>\n284x20x290 mm<\/p>\n<p><strong>Material:<\/strong><br \/>\nSticl\u0103 flotant\u0103<\/p>\n<p><strong>Culoare:<\/strong><br \/>\nfoarte clar<\/p>\n<p><strong>Cuprins:<\/strong><br \/>\nFurnicar de perete - L - 30\u00d730 - Sticl\u0103<br \/>\n1x acoperire ferm\u0103 de furnici<br \/>\n4x inser\u021bie de cauciuc pentru g\u0103uri de foraj ca protec\u021bie<br \/>\n4x \u0219aib\u0103 pentru g\u0103uri de foraj<br \/>\n4x dopuri \u0219i \u0219uruburi<\/p>\n<p><strong>Conexiune:<\/strong><br \/>\n2 x 14\/16\/18\/20 x 20mm soclu<\/p>\n<p>Furtunul 14\/10 este introdus ferm \u00een mufa de 14 mm<br \/>\nFurtunul 20\/16 este ata\u0219at ferm la prima treapt\u0103 de 16 mm<\/p>\n<p><strong>Descriere:<\/strong><br \/>\nAceast\u0103 ferm\u0103 de furnici a fost dezvoltat\u0103 pentru montarea pe perete \u0219i este u\u0219or de instalat pe pere\u021bi din lemn \u0219i piatr\u0103. Este complet transparent \u0219i permite o vedere bun\u0103 \u00een cuib. Ca material de cuib\u0103rit pentru furnici se pot folosi fie nisip \u0219i argil\u0103, fie una dintre inser\u021biile noastre de cuiburi asortate din plut\u0103 sau Digfix. \u00cen plus, fie un furtun, fie un tub acrilic transparent sau \"scara furnicilor\" pot fi conectate la prizele de conectare laterale. De asemenea, oferim arene pentru furnici de perete \u00een dimensiuni de 30\u00d715 sau 30\u00d730 pentru a se potrivi cu ferma de furnici de perete.<\/p>\n<p><strong>Instruc\u021biuni de instalare:<\/strong><br \/>\n<strong>Datorit\u0103 panoului de sticl\u0103 ca perete din spate, peretele de dedesubt trebuie s\u0103 fie complet drept.<\/strong><br \/>\nPentru a fixa cele 4 dibluri \"S6\" \u00een perete, ave\u021bi nevoie de un burghiu cu un bit de 6 mm (lemn, piatr\u0103 sau metal, \u00een func\u021bie de material).<br \/>\nTrebuie g\u0103urite g\u0103uri ad\u00e2nci de 45 mm \u00een perete pentru a \u00een\u021bepa diblurile de 6x30 mm cu \u0219uruburile de 4,5x40 mm.<br \/>\n<strong>Necesar pentru asamblare:<\/strong><br \/>\n- nivel de spirit<br \/>\n- Band\u0103 adeziv\u0103 pentru a evita marcarea pe peretele de dedesubt.<br \/>\n- \u0218urubelni\u021b\u0103 Phillips<br \/>\n- Burghiu\/ma\u0219in\u0103 de g\u0103urit \u00een func\u021bie de perete<br \/>\n- Burghiu de 6 mm (lemn, piatr\u0103 sau metal, \u00een func\u021bie de suprafa\u021b\u0103)<br \/>\n- De asemenea, este util s\u0103 realiza\u021bi un \u0219ablon pentru g\u0103urile de foraj dintr-o foaie de h\u00e2rtie. Pur \u0219i simplu plasa\u021bi-o sub peretele din spate \u0219i marca\u021bi g\u0103urile.<\/p>\n<p><strong>Note privind produc\u021bia<\/strong><br \/>\nSticla este t\u0103iat\u0103 \u00een conformitate cu DIN 1249 cu o toleran\u021b\u0103 de +\/- 1 mm. Pentru speciile de furnici extrem de mici, este esen\u021bial\u0103 o protec\u021bie suplimentar\u0103 \u00eempotriva evad\u0103rii.<br \/>\nDeoarece produsele noastre sunt fabricate manual, pot ap\u0103rea abateri minime \u00een ciuda celei mai mari aten\u021bii.<\/p>\n<p><strong>Not\u0103 privind ferma<\/strong><br \/>\nC\u00e2nd ata\u0219a\u021bi sau scoate\u021bi furtunurile, v\u0103 rug\u0103m s\u0103 \u021bine\u021bi cont de urm\u0103toarele:<br \/>\n\u00cen cazul \u00een care tubulatura se potrive\u0219te foarte greu pe priza de conectare, aceasta trebuie frecat\u0103 u\u0219or cu o pic\u0103tur\u0103 din uleiul sau pulberea noastr\u0103 antiefrac\u021bie. Furtunul trebuie apoi \u00eempins pe priz\u0103 prin mi\u0219c\u0103ri de r\u0103sucire sau \u00een\u0219urubare, f\u0103r\u0103 a for\u021ba priza cu mi\u0219c\u0103ri de sus \u00een jos. Acela\u0219i lucru este valabil \u0219i atunci c\u00e2nd scoate\u021bi furtunurile din priza de conectare a fermei. V\u0103 rug\u0103m s\u0103 nu trage\u021bi pur \u0219i simplu de el!<\/p>","protected":false},"excerpt":{"rendered":"<p>Conexiune: Soclu 2x 14\/16 x 20mm; Distan\u021ba pl\u0103cii: Interior 20mm<\/p>\n<p>Dimensiune: <span style=\"color: #0000ff;\"><strong>L<\/strong> <\/span><\/p>","protected":false},"featured_media":8997,"comment_status":"open","ping_status":"closed","template":"","meta":{"_acf_changed":false,"content-type":"","_monsterinsights_skip_tracking":false,"_monsterinsights_sitenote_active":false,"_monsterinsights_sitenote_note":"","_monsterinsights_sitenote_category":0},"product_brand":[],"product_cat":[257,80,83,86],"product_tag":[],"class_list":{"0":"post-8968","1":"product","2":"type-product","3":"status-publish","4":"has-post-thumbnail","6":"product_cat-new-innovatve-products","7":"product_cat-antfarms","8":"product_cat-antfarms-l","9":"product_cat-formicariums","11":"first","12":"instock","13":"taxable","14":"shipping-taxable","15":"purchasable","16":"product-type-simple"},"acf":[],"aioseo_notices":[],"jetpack_sharing_enabled":true,"_links":{"self":[{"href":"https:\/\/antcube.shop\/ro\/wp-json\/wp\/v2\/product\/8968","targetHints":{"allow":["GET"]}}],"collection":[{"href":"https:\/\/antcube.shop\/ro\/wp-json\/wp\/v2\/product"}],"about":[{"href":"https:\/\/antcube.shop\/ro\/wp-json\/wp\/v2\/types\/product"}],"replies":[{"embeddable":true,"href":"https:\/\/antcube.shop\/ro\/wp-json\/wp\/v2\/comments?post=8968"}],"wp:featuredmedia":[{"embeddable":true,"href":"https:\/\/antcube.shop\/ro\/wp-json\/wp\/v2\/media\/8997"}],"wp:attachment":[{"href":"https:\/\/antcube.shop\/ro\/wp-json\/wp\/v2\/media?parent=8968"}],"wp:term":[{"taxonomy":"product_brand","embeddable":true,"href":"https:\/\/antcube.shop\/ro\/wp-json\/wp\/v2\/product_brand?post=8968"},{"taxonomy":"product_cat","embeddable":true,"href":"https:\/\/antcube.shop\/ro\/wp-json\/wp\/v2\/product_cat?post=8968"},{"taxonomy":"product_tag","embeddable":true,"href":"https:\/\/antcube.shop\/ro\/wp-json\/wp\/v2\/product_tag?post=8968"}],"curies":[{"name":"wp","href":"https:\/\/api.w.org\/{rel}","templated":true}]}}