{"id":8854,"date":"2024-08-01T15:37:58","date_gmt":"2024-08-01T13:37:58","guid":{"rendered":"https:\/\/antcube.shop\/product\/bundle-offer-myrmica-rubra\/"},"modified":"2026-03-17T18:05:43","modified_gmt":"2026-03-17T17:05:43","slug":"oferta-de-pachet-myrmica-rubra","status":"publish","type":"product","link":"https:\/\/antcube.shop\/ro\/produs\/oferta-de-pachet-myrmica-rubra\/","title":{"rendered":"Ofert\u0103 de pachet - Myrmica rubra"},"content":{"rendered":"<p><span data-text-color=\"secondary\"><strong>Ofert\u0103 de pachet care include o colonie de furnici Myrmica rubra (regin\u0103 cu 11-25 lucr\u0103toare + puiet)<\/strong><\/span><\/p>\n<p><span data-text-color=\"alert\"><strong>Numai \u00een limita stocului disponibil.<\/strong><\/span><\/p>\n<p><strong>Tot ce ai nevoie pentru o colonie de furnici Myrmica rubra:<\/strong><br \/>\nAcest pachet con\u021bine tot ce ave\u021bi nevoie pentru a conduce cu succes o colonie Myrmica rubra \u00een primele c\u00e2teva luni. Este flexibil extensibil \u0219i a fost testat pe parcursul mai multor ani cu aceast\u0103 specie de furnici.<\/p>\n<p><strong>Specia de furnici Myrmica rubra - furnica de foc european\u0103:<\/strong><br \/>\nMyrmica rubra este o specie de furnic\u0103 foarte r\u0103sp\u00e2ndit\u0103 \u00een Europa. Este cunoscut\u0103 \u0219i ca furnica ro\u0219ie de gr\u0103din\u0103 sau furnica de foc european\u0103. \u00cei plac locurile umede \u0219i semiumbrite, motiv pentru care se g\u0103se\u0219te \u00een special \u00een gr\u0103dini, paji\u0219ti \u0219i p\u0103duri. Poate fi \u00eent\u00e2lnit\u0103 \u0219i \u00een unele p\u0103r\u021bi din Canada \u0219i SUA, dar acolo este invaziv\u0103, adic\u0103 nu este nativ\u0103. Ca majoritatea speciilor de furnici invazive, a fost introdus\u0103 acolo \u00eempreun\u0103 cu plantele \u00een jurul anului 1900.<\/p>\n<p>Myrmica rubra este o specie poligin\u0103, ceea ce \u00eenseamn\u0103 c\u0103 are de obicei mai multe regine \u00een s\u0103lb\u0103ticie. Exist\u0103 chiar rapoarte despre a\u0219a-numitele super-colonii cu p\u00e2n\u0103 la 600 de regine \u0219i aproximativ 20 000 de lucr\u0103toare. Myrmica rubra \u00ee\u0219i ap\u0103r\u0103 cuibul \u00een mod agresiv \u0219i are un \u00een\u021bep\u0103tor pentru ap\u0103rare. Cu toate acestea, veninul s\u0103u este inofensiv, cu excep\u021bia celor care sufer\u0103 de alergii.<\/p>\n<p>Myrmica rubra hiberneaz\u0103 \u00een s\u0103lb\u0103ticie \u00eentre sf\u00e2r\u0219itul lunii octombrie \u0219i sf\u00e2r\u0219itul lunii martie la o temperatur\u0103 de aproximativ 5-8\u00b0.<\/p>\n<p><strong>Cuib pentru Myrmica rubra:<\/strong><br \/>\n\u00cen natur\u0103, Myrmica rubra cuib\u0103re\u0219te sub perne de mu\u0219chi, pietre de pe c\u00e2mpuri \u0219i paji\u0219ti, \u00een p\u0103m\u00e2nt, unde construiesc movile sau chiar \u00een lemn putred. Cel mai important lucru pentru ei este un loc de cuib\u0103rit umed.<\/p>\n<p>\u00cen acest set de pornire, am inclus una dintre pl\u0103cile noastre Digfix ca material de cuib\u0103rit. Aceasta simuleaz\u0103 un cuib natural de p\u0103m\u00e2nt \u0219i poate fi men\u021binut\u0103 foarte umed\u0103. \u00cen plus, animalele nu pot murd\u0103ri ferestrele furnicarului atunci c\u00e2nd sap\u0103, ceea ce permite o vedere permanent clar\u0103 \u00een camere \u0219i pasaje. Materialul este, de asemenea, mult mai stabil \u00eentr-un furnicar dec\u00e2t un amestec conven\u021bional de nisip\/argil\u0103, ceea ce \u00eempiedic\u0103 pr\u0103bu\u0219irea camerelor \u0219i a tunelurilor.<\/p>\n<p><strong>Hran\u0103 pentru Myrmica rubra:<\/strong><br \/>\nMyrmica rubra este omnivor\u0103 \u0219i se hr\u0103ne\u0219te \u00een s\u0103lb\u0103ticie cu hoituri, insecte \u0219i nectar. Ca \u0219i Lasius niger, de exemplu, Myrmica rubra p\u0103streaz\u0103 \u0219i colonii de afide \u0219i le ap\u0103r\u0103.<\/p>\n<p>\u00cen acest set am inclus ca hran\u0103 greierii no\u0219tri \u00eentregi blan\u0219i \u0219i mierea de albine. Ambele sunt foarte bine acceptate de Myrmica rubra \u0219i sus\u021bin o dezvoltare natural\u0103 \u0219i pozitiv\u0103 a coloniei datorit\u0103 nutrien\u021bilor pe care \u00eei con\u021bin.<\/p>\n<p><strong>Condi\u021biile climatice optime pentru Myrmica rubra sunt urm\u0103toarele:<\/strong><br \/>\nUmiditate:<br \/>\nArena: 30 - 50% Zona de cuib: 50 - 70%<br \/>\nTemperatura:<br \/>\nArena: 18 - 28\u00b0C Zona cuibului: 21 - 24\u00b0C<\/p>\n<p><strong>Cuprins:<\/strong><\/p>\n<p>1x regina Myrmica rubra + 11-25 lucr\u0103tori \u0219i puii<br \/>\n1x Cricket Jam 25g<br \/>\n1x amestec de miere de albine (HT) - pachet de reumplere 10ml<br \/>\n1x Formicarium baz\u0103 - 20x20cm<br \/>\n1x baz\u0103 formicarium - 20x6cm<\/p>\n<p>1x ANTCUBE - arena 20x20x10 - plat<br \/>\n1x cadru pentru arena de furnici 20\u00d720<br \/>\n1x capacul arenei pentru furnici 20\u00d720<br \/>\n4x puncte de fixare pentru capacul arenei<br \/>\n1x ANTCUBE - Ferm\u0103 de furnici - L - 20\u00d720 - vertical<br \/>\n1x ANTCUBE - Plac\u0103 Digfix 20\u00d720 - M<\/p>\n<p>1x tub de 0,5 m transparent 14\/10 mm<br \/>\n1x ANTCUBE - Folie ro\u0219ie 20\u00d720 - filtru<br \/>\n1x cleme adezive - transparente 2 buc.<br \/>\n1x substrat - nisip-argila bej - 200g<\/p>\n<p>1x Grid cap &#8211; 10mm &#8211; stainless steel<br \/>\n2x Grid insert acrylic &#8211; 50 mm with sealing ring<br \/>\n1x Grid insert acrylic &#8211; 27 mm with sealing ring<\/p>\n<p>1x conector pentru furtun rezervor 27-14,16,20 mm - transparent<br \/>\n1x Foil thermometer &#8211; farm<br \/>\n1x Foil thermometer Display<br \/>\n1x drinking clear 5ml &#8211; sponge<br \/>\n1x Feeding dish white rectangle &#8211; 3 compartments<br \/>\n1x Drinking trough 2ml &#8211; 360 Degrees<br \/>\n1x Ulei de protec\u021bie \u00eempotriva evad\u0103rii furnicilor 10ml<br \/>\n1x Penset\u0103 din o\u021bel cu arc - larg\u0103 - moale<br \/>\n1x Penset\u0103 de plastic transparent<br \/>\n1x pipet\u0103 de plastic 3ml<br \/>\n1x lup\u0103 de m\u00e2n\u0103 - 2x - 30mm<br \/>\n1x \u0219terg\u0103tor de spum\u0103 150x18x2,5mm<br \/>\n1x foto spate - paji\u0219te - 20\u00d710<\/p>\n<p>&nbsp;<\/p>\n<p><strong>Descriere:<\/strong><br \/>\nAcest set de pornire extensibil pentru Myrmica rubra con\u021bine nu numai formicariul optim adaptat, ci \u0219i accesoriile potrivite pentru cre\u0219terea acestei specii de furnici. \"Drinker clear 20ml - burete\" este destinat pentru ap\u0103, iar \"Drinker 2ml - 360 grade\" pentru amestecul de miere.<\/p>\n<p><span data-text-color=\"alert\"><strong>Important:<\/strong><\/span> V\u0103 rug\u0103m s\u0103 umezi\u021bi substratul \u00eenainte de utilizare, astfel \u00eenc\u00e2t amestecul s\u0103 se lege \u0219i s\u0103 se fixeze bine \u00een furnicar. \u00cen plus, un substrat uscat \u0219i pr\u0103fuit poate duce la blocarea c\u0103ilor respiratorii ale furnicilor \u0219i, \u00een cel mai r\u0103u caz, la sufocarea animalelor.<\/p>\n<p><strong>Note privind produc\u021bia<\/strong><br \/>\nSticla este t\u0103iat\u0103 la dimensiune \u00een conformitate cu DIN 1249 cu o toleran\u021b\u0103 de +\/- 1 mm. O protec\u021bie suplimentar\u0103 \u00eempotriva spargerii este esen\u021bial\u0103 pentru speciile de furnici extrem de mici.<\/p>\n<p><strong>Not\u0103 privind greierii blan\u0219i\u021bi:<\/strong><br \/>\nGreierii no\u0219tri blan\u0219i sunt o modalitate u\u0219oar\u0103 de a oferi furnicilor o hran\u0103 proteic\u0103 proasp\u0103t conservat\u0103, f\u0103r\u0103 a fi nevoie s\u0103 le hr\u0103ni\u021bi cu insecte vii. Greierii con\u021binu\u021bi (Acheta domesticus) au fost blan\u0219ati u\u0219or pentru a se asigura c\u0103 valorile nutri\u021bionale, gustul \u0219i aroma sunt p\u0103strate. \u00cen plus, carapacea chitinoas\u0103 a insectelor este \u00eenmuiat\u0103 \u00een acest mod, astfel \u00eenc\u00e2t s\u0103 poat\u0103 fi digerat\u0103 mai u\u0219or. Leg\u0103turile proteinelor de colagen sunt rupte, astfel \u00eenc\u00e2t furnicile s\u0103 le poat\u0103 utiliza mai bine. Conservele de Acheta domesticus au aceea\u0219i valoare nutritiv\u0103 ca \u0219i greierii vii, dar sunt mai u\u0219or de digerat.<\/p>\n<p>Greierii albicio\u0219i nu sunt potrivi\u021bi pentru v\u00e2narea speciilor de furnici care necesit\u0103 hran\u0103 vie (de exemplu, ponarine (furnici mari), cum ar fi Harpegnathos sau Odontomachus).<\/p>\n<p><strong>Alte avantaje:<\/strong><br \/>\nGarantat f\u0103r\u0103 acarieni<br \/>\nPoate fi por\u021bionat<br \/>\nSterilizat \u0219i vidat<br \/>\nF\u0103r\u0103 aditivi<br \/>\nGreieri proveni\u021bi din cre\u0219terea sustenabil\u0103 pur organic\u0103, hr\u0103ni\u021bi cu de\u0219euri organice<\/p>\n<p><strong>V\u0103 rug\u0103m s\u0103 re\u021bine\u021bi:<\/strong><br \/>\nPoate fi p\u0103strat la frigider timp de aproximativ patru zile dup\u0103 deschidere. Termen de valabilitate mai lung dac\u0103 este congelat.<\/p>\n<p><strong>Not\u0103 privind mierea de albine:<\/strong><br \/>\nCuprins: 10 ml<br \/>\nAcesta este un produs natural, pe care l-am rafinat \u00een urma unor teste extinse \u00een laboratorul nostru \u0219i l-am transformat \u00eentr-un aliment foarte bine acceptat de furnici. Motivul este c\u0103 mierea de miere de albine neprocesat\u0103 \u00een forma sa original\u0103 concentrat\u0103 nu este bine acceptat\u0103 de furnici \u0219i de metabolismul acestora.<br \/>\nMierea noastr\u0103 a fost colectat\u0103 \u00een p\u0103durile s\u0103lbatice \u0219i nepoluate de munte din Bulgaria. Mierea de albine este produs\u0103 doar pentru o perioad\u0103 foarte limitat\u0103 de timp, aproximativ dou\u0103 luni \u00een timpul verii. Prin urmare, este foarte rar\u0103. Datorit\u0103 caracteristicilor specifice ale solului din p\u0103duri \u0219i a climei, \u00een frunzele copacilor sunt stocate substan\u021be nutritive esen\u021biale, care sunt absorbite de afide. Aceasta este ceea ce face ca acest amestec de mierea de albine s\u0103 fie at\u00e2t de dorit de furnici.<\/p>\n<p><strong>Cerere:<\/strong><br \/>\nCantitatea de alimente trebuie consumat\u0103 \u00een aproximativ 3 zile.<\/p>\n<p><strong>Descriere:<\/strong><br \/>\nSpre deosebire de mierea de flori, mierea de miere este ob\u021binut\u0103 din secre\u021biile insectelor care sug plantele, cum ar fi afidele. Mierea de miere este o surs\u0103 popular\u0103 de hran\u0103 pentru multe insecte, cum ar fi furnicile, albinele \u0219i bondarii. Albinele \u0219i bondarii o ling de pe frunzele sau de pe ace de la diver\u0219i copaci. Furnicile, cum ar fi Lasius niger, \u021bin la propriu afidele. Ele chiar \u00eei ap\u0103r\u0103 de pr\u0103d\u0103tori \u0219i \u00eei transport\u0103 la l\u0103starii proaspe\u021bi.<\/p>\n<p>Mierea de albine este deosebit de popular\u0103 printre furnici datorit\u0103 componentelor sale oarecum diferite. Principalele zaharuri din mierea de albine sunt zaharoza \u0219i fructoza, dar se g\u0103sesc \u0219i cantit\u0103\u021bi mai mici de maltoz\u0103, trehaloz\u0103, melezitoz\u0103, rafinoz\u0103 \u0219i alte oligozaharide. Pe l\u00e2ng\u0103 zah\u0103r \u0219i ap\u0103, mierea de albine con\u021bine, de asemenea, aminoacizi esen\u021biali, minerale, oligoelemente, adenozine, fosfa\u021bi \u0219i alte ingrediente, cum ar fi vitaminele.<\/p>\n<p><strong>Utilizare:<\/strong><br \/>\nPentru speciile de furnici m\u00e2nc\u0103toare de miere (Meliphagidae)<br \/>\nAcesta este un furaj suplimentar<br \/>\nAcesta poate fi oferit animalelor sub form\u0103 de hran\u0103. Deoarece concentra\u021bia de zah\u0103r este redus\u0103 de umiditate \u0219i \u00eencepe un proces de fermentare, hrana trebuie \u00eenlocuit\u0103 la fiecare 3 zile. Cur\u0103\u021ba\u021bi bine bolul\/tubul de hr\u0103nire \u00eenainte de a-l reutiliza.<br \/>\nOdat\u0103 ce un ambalaj a fost deschis, acesta trebuie p\u0103strat bine \u00eenchis p\u00e2n\u0103 la data de expirare.<\/p>\n<p><strong>Informa\u021bii nutri\u021bionale per 100 g:<\/strong><br \/>\naprox. 2,7 % gr\u0103simi<br \/>\ndin care saturate aprox. 0,45 %<br \/>\naprox. 95 % carbohidra\u021bi<br \/>\ndin care zah\u0103r aproximativ 71<br \/>\naproximativ 2,85% proteine<\/p>\n<p>Minerale (potasiu, calciu, cupru, fier, fier, sodiu, magneziu, fosfor, zinc \u0219i alte oligoelemente) Aminoacizi (prolin\u0103, leucin\u0103, fenilalanin\u0103, alanin\u0103, histidin\u0103, izoleucin\u0103, acid glutamic, arginin\u0103, acid aspartic etc.) Acizi organici Enzime (fermen\u021bi)Arome Inhibitori (substan\u021be antibacteriene) Flori Polen<\/p>\n<p><strong>Depozitare:<\/strong><br \/>\nPentru a asigura calitatea furajelor, acestea trebuie depozitate \u00eentr-un loc \u00eentunecat \u0219i uscat.<\/p>\n<p><strong>Not\u0103:<\/strong><br \/>\nHran\u0103 suplimentar\u0103 pentru furnicile m\u00e2nc\u0103toare de miere.<br \/>\nV\u0103 rug\u0103m s\u0103 consulta\u021bi prospectul pentru compozi\u021bie, ingrediente analitice, data limit\u0103 de consum \u0219i num\u0103rul de lot.<\/p>\n<p>Linia telefonic\u0103 pentru informa\u021bii +49 30 439703870<\/p>\n<p><strong>Inspectoratul veterinar \u0219i alimentar responsabil:<\/strong><br \/>\nCabinet veterinar Steglitz<br \/>\nK\u00f6nigin-Luise-Str. 92<br \/>\n14195 Berlin<\/p>","protected":false},"excerpt":{"rendered":"<p>Setul este format din 34 de piese<\/p>","protected":false},"featured_media":8856,"comment_status":"open","ping_status":"closed","template":"","meta":{"_acf_changed":false,"content-type":"","_monsterinsights_skip_tracking":false,"_monsterinsights_sitenote_active":false,"_monsterinsights_sitenote_note":"","_monsterinsights_sitenote_category":0},"product_brand":[],"product_cat":[355,73],"product_tag":[],"class_list":{"0":"post-8854","1":"product","2":"type-product","3":"status-publish","4":"has-post-thumbnail","6":"product_cat-bundle-offers","7":"product_cat-starter-sets","9":"first","10":"instock","11":"taxable","12":"shipping-taxable","13":"purchasable","14":"product-type-simple"},"acf":[],"aioseo_notices":[],"jetpack_sharing_enabled":true,"_links":{"self":[{"href":"https:\/\/antcube.shop\/ro\/wp-json\/wp\/v2\/product\/8854","targetHints":{"allow":["GET"]}}],"collection":[{"href":"https:\/\/antcube.shop\/ro\/wp-json\/wp\/v2\/product"}],"about":[{"href":"https:\/\/antcube.shop\/ro\/wp-json\/wp\/v2\/types\/product"}],"replies":[{"embeddable":true,"href":"https:\/\/antcube.shop\/ro\/wp-json\/wp\/v2\/comments?post=8854"}],"wp:featuredmedia":[{"embeddable":true,"href":"https:\/\/antcube.shop\/ro\/wp-json\/wp\/v2\/media\/8856"}],"wp:attachment":[{"href":"https:\/\/antcube.shop\/ro\/wp-json\/wp\/v2\/media?parent=8854"}],"wp:term":[{"taxonomy":"product_brand","embeddable":true,"href":"https:\/\/antcube.shop\/ro\/wp-json\/wp\/v2\/product_brand?post=8854"},{"taxonomy":"product_cat","embeddable":true,"href":"https:\/\/antcube.shop\/ro\/wp-json\/wp\/v2\/product_cat?post=8854"},{"taxonomy":"product_tag","embeddable":true,"href":"https:\/\/antcube.shop\/ro\/wp-json\/wp\/v2\/product_tag?post=8854"}],"curies":[{"name":"wp","href":"https:\/\/api.w.org\/{rel}","templated":true}]}}