{"id":8853,"date":"2024-08-01T15:35:42","date_gmt":"2024-08-01T13:35:42","guid":{"rendered":"https:\/\/antcube.shop\/product\/bundle-offer-pseudoneoponera-rufipes\/"},"modified":"2025-10-19T16:10:44","modified_gmt":"2025-10-19T14:10:44","slug":"pachet-oferta-pseudoneoponera-rufipes","status":"publish","type":"product","link":"https:\/\/antcube.shop\/ro\/produs\/pachet-oferta-pseudoneoponera-rufipes\/","title":{"rendered":"Ofert\u0103 la pachet - Pseudoneoponera rufipes"},"content":{"rendered":"<p><span data-text-color=\"secondary\"><strong>Ofert\u0103 de pachet care include o colonie de furnici Pseudoneoponera rufipes (regin\u0103 cu 11-25 lucr\u0103toare + puiet)<\/strong><\/span><\/p>\n<p><span data-text-color=\"alert\"><strong>Numai \u00een limita stocului disponibil.<\/strong><\/span><\/p>\n<p><span data-text-color=\"alert\"><strong>Expediere posibil\u0103 numai prin GO! \u00een interiorul Germaniei.<\/strong><\/span><\/p>\n<p><strong>Tot ce ave\u021bi nevoie pentru o colonie de furnici Pseudoneoponera rufipes:<\/strong><br \/>\nAcest pachet con\u021bine tot ce ave\u021bi nevoie pentru a conduce cu succes o colonie Pseudoneoponera rufipes \u00een primele c\u00e2teva luni. Acesta este flexibil extensibil \u0219i a fost testat pe parcursul mai multor ani cu aceast\u0103 specie de furnici.<\/p>\n<p><strong>Specia de furnici Pseudoneoponera rufipes:<\/strong><br \/>\nPseudoneoponera rufipes este o specie mare de furnici din Asia de Sud-Est. Acolo cuib\u0103resc de obicei \u00een soluri argiloase \u0219i uneori \u0219i pe copaci. Datorit\u0103 originii lor din regiunile tropicale, acestea nu hiberneaz\u0103. Coloniile lor ajung la o dimensiune maxim\u0103 de c\u00e2teva sute de animale, dar de obicei nu mai mult de 200.<\/p>\n<p>Ele par relativ lene\u0219e \u00een timpul zilei, deoarece sunt mai active noaptea \u0219i \u00een amurg. Cu toate acestea, ele sunt active \u0219i \u00een timpul zilei, iar comportamentul lor lini\u0219tit face din observarea lor o experien\u021b\u0103 deosebit\u0103. Ca mecanism de ap\u0103rare, \u00ee\u0219i acoper\u0103 du\u0219manii cu o secre\u021bie defensiv\u0103 asem\u0103n\u0103toare spumei.<\/p>\n<p><strong>Cuib pentru Pseudoneoponera rufipes:<\/strong><br \/>\nDeoarece, \u00een s\u0103lb\u0103ticie, furnicile \u00ee\u0219i fac cuibul \u00een sol argilos \u00een p\u0103durile tropicale din Asia de Sud-Est, am optat pentru o ferm\u0103 de furnici XL cu sol de p\u0103dure tropical\u0103.<\/p>\n<p><strong>Hran\u0103 pentru Pseudoneoponera rufipes:<\/strong><br \/>\n\u00cen acest set am inclus ca hran\u0103 greierii no\u0219tri \u00eentregi blan\u0219i \u0219i amestecul de miere de albine. Ambele sunt foarte bine acceptate de Pseudoneoponera rufipes \u0219i sus\u021bin o dezvoltare natural\u0103 \u0219i pozitiv\u0103 a coloniei datorit\u0103 nutrien\u021bilor pe care \u00eei con\u021bin.<\/p>\n<p><strong>Condi\u021biile climatice optime pentru Pseudoneoponera rufipes sunt urm\u0103toarele:<\/strong><br \/>\nUmiditate:<br \/>\nArena: 60 - 70% Zona cuibului: 60 - 80%<br \/>\nTemperatura:<br \/>\nArena: 21 - 30\u00b0C Zona cuibului: 24 - 28\u00b0C<\/p>\n<p><strong>Cuprins:<\/strong><br \/>\n1x Pseudoneoponera rufipes (regin\u0103 + 11-25 lucr\u0103toare + pui)<\/p>\n<p>1x amestec de miere de albine (HT) - pachet de reumplere 10ml<br \/>\n1x greiere \u00eentreg 10g<br \/>\n1x stand aren\u0103 20\u00d720<br \/>\n1x baz\u0103 formicarium - 20\u00d76<\/p>\n<p>1x ANTCUBE - Arena 20x20x10 - plat<br \/>\n1x ANTCUBE - Ferm\u0103 de furnici - L - 20\u00d720 - vertical<br \/>\n1x cadru pentru arena de furnici 20\u00d720<br \/>\n1x capacul arenei pentru furnici 20\u00d720<br \/>\n4x puncte de fixare pentru capacul arenei<\/p>\n<p>1x 0,5 m furtun transparent 20\/16 mm<br \/>\n2x conector pentru furtun pentru bazin 27 mm -14,16,20 mm - transparent<br \/>\n1x cleme adezive - transparente 2 buc.<br \/>\n1x ANTCUBE - Folie ro\u0219ie 20\u00d720 - filtru<\/p>\n<p>2x substrat - p\u0103dure tropical\u0103 - 1 kg<br \/>\n1x panou foto spate - rainforest - 20\u00d710<\/p>\n<p>2x inser\u021bie gril\u0103 - 50mm - o\u021bel inoxidabil<br \/>\n1x inser\u021bie de gril\u0103 - 27mm - o\u021bel inoxidabil<\/p>\n<p>Mini termo higrometru analogic - afi\u0219aj - ag\u0103\u021bat<br \/>\n1x penset\u0103 din o\u021bel cu arc, larg\u0103 - moale<br \/>\n1x penset\u0103 de plastic standard<br \/>\n1x pipet\u0103 de plastic 3ml<br \/>\n1x Ulei de protec\u021bie \u00eempotriva focarelor de furnici 10ml<br \/>\n1x Jgheab de b\u0103ut 2ml - 360 de grade<br \/>\n1x bol transparent 1\u00d720 - burete<br \/>\n1x jgheab de b\u0103ut transparent 20ml - burete<br \/>\n1x Lupa de m\u00e2n\u0103 - 2x - 30mm<br \/>\n1x \u0219terg\u0103tor de spum\u0103 150x18x2.5mm<\/p>\n<p><strong>Descriere:<\/strong><br \/>\nAcest set de pornire extensibil pentru Pseudoneoponera rufipes con\u021bine nu numai formicariul adaptat \u00een mod optim, ci \u0219i accesoriile adecvate pentru \u00eentre\u021binerea acestei specii de furnici. \"Drinker clear 20ml - burete\" este destinat pentru ap\u0103, iar \"Drinker 2ml - 360 grade\" pentru amestecul de miere de albine.<\/p>\n<p><span data-text-color=\"alert\"><strong>Important:<\/strong><\/span> V\u0103 rug\u0103m s\u0103 umezi\u021bi substratul \u00eenainte de utilizare, astfel \u00eenc\u00e2t amestecul s\u0103 se lege \u0219i s\u0103 se fixeze bine \u00een furnicar. \u00cen plus, un substrat uscat \u0219i pr\u0103fuit poate duce la blocarea c\u0103ilor respiratorii ale furnicilor \u0219i, \u00een cel mai r\u0103u caz, la sufocarea animalelor.<\/p>\n<p><strong>Note privind produc\u021bia<\/strong><br \/>\nSticla este t\u0103iat\u0103 la dimensiune \u00een conformitate cu DIN 1249 cu o toleran\u021b\u0103 de +\/- 1 mm. O protec\u021bie suplimentar\u0103 \u00eempotriva spargerii este esen\u021bial\u0103 pentru speciile de furnici extrem de mici.<\/p>\n<p><strong>Not\u0103 privind greierii blan\u0219i\u021bi:<\/strong><br \/>\nGreierii no\u0219tri blan\u0219i sunt o modalitate u\u0219oar\u0103 de a oferi furnicilor o hran\u0103 proteic\u0103 proasp\u0103t conservat\u0103, f\u0103r\u0103 a fi nevoie s\u0103 le hr\u0103ni\u021bi cu insecte vii. Greierii con\u021binu\u021bi (Acheta domesticus) au fost blan\u0219ati u\u0219or pentru a se asigura c\u0103 valorile nutri\u021bionale, gustul \u0219i aroma sunt p\u0103strate. \u00cen plus, carapacea chitinoas\u0103 a insectelor este \u00eenmuiat\u0103 \u00een acest mod, astfel \u00eenc\u00e2t s\u0103 poat\u0103 fi digerat\u0103 mai u\u0219or. Leg\u0103turile proteinelor de colagen sunt rupte, astfel \u00eenc\u00e2t furnicile s\u0103 le poat\u0103 utiliza mai bine. Conservele de Acheta domesticus au aceea\u0219i valoare nutritiv\u0103 ca \u0219i greierii vii, dar sunt mai u\u0219or de digerat.<\/p>\n<p>Greierii albicio\u0219i nu sunt potrivi\u021bi pentru v\u00e2narea speciilor de furnici care necesit\u0103 hran\u0103 vie (de exemplu, ponarine (furnici mari), cum ar fi Harpegnathos sau Odontomachus).<\/p>\n<p><strong>Alte avantaje:<\/strong><br \/>\nGarantat f\u0103r\u0103 acarieni<br \/>\nPoate fi por\u021bionat<br \/>\nSterilizat \u0219i vidat<br \/>\nF\u0103r\u0103 aditivi<br \/>\nGreieri proveni\u021bi din cre\u0219terea sustenabil\u0103 pur organic\u0103, hr\u0103ni\u021bi cu de\u0219euri organice<\/p>\n<p><strong>V\u0103 rug\u0103m s\u0103 re\u021bine\u021bi:<\/strong><br \/>\nPoate fi p\u0103strat la frigider timp de aproximativ patru zile dup\u0103 deschidere. Termen de valabilitate mai lung dac\u0103 este congelat.<\/p>\n<p><strong>Not\u0103 privind mierea de albine:<\/strong><br \/>\nCuprins: 10 ml<br \/>\nAcesta este un produs natural, pe care l-am rafinat \u00een urma unor teste extinse \u00een laboratorul nostru \u0219i l-am transformat \u00eentr-un aliment foarte bine acceptat de furnici. Motivul este c\u0103 mierea de miere de albine neprocesat\u0103 \u00een forma sa original\u0103 concentrat\u0103 nu este bine acceptat\u0103 de furnici \u0219i de metabolismul acestora.<br \/>\nMierea noastr\u0103 a fost colectat\u0103 \u00een p\u0103durile s\u0103lbatice \u0219i nepoluate de munte din Bulgaria. Mierea de albine este produs\u0103 doar pentru o perioad\u0103 foarte limitat\u0103 de timp, aproximativ dou\u0103 luni \u00een timpul verii. Prin urmare, este foarte rar\u0103. Datorit\u0103 caracteristicilor specifice ale solului din p\u0103duri \u0219i a climei, \u00een frunzele copacilor sunt stocate substan\u021be nutritive esen\u021biale, care sunt absorbite de afide. Aceasta este ceea ce face ca acest amestec de mierea de albine s\u0103 fie at\u00e2t de dorit de furnici.<\/p>\n<p><strong>Cerere:<\/strong><br \/>\nCantitatea de alimente trebuie consumat\u0103 \u00een aproximativ 3 zile.<\/p>\n<p><strong>Descriere:<\/strong><br \/>\nSpre deosebire de mierea de flori, mierea de miere este ob\u021binut\u0103 din secre\u021biile insectelor care sug plantele, cum ar fi afidele. Mierea de miere este o surs\u0103 popular\u0103 de hran\u0103 pentru multe insecte, cum ar fi furnicile, albinele \u0219i bondarii. Albinele \u0219i bondarii o ling de pe frunzele sau de pe ace de la diver\u0219i copaci. Furnicile, cum ar fi Lasius niger, \u021bin la propriu afidele. Ele chiar \u00eei ap\u0103r\u0103 de pr\u0103d\u0103tori \u0219i \u00eei transport\u0103 la l\u0103starii proaspe\u021bi.<\/p>\n<p>Mierea de albine este deosebit de popular\u0103 printre furnici datorit\u0103 componentelor sale oarecum diferite. Principalele zaharuri din mierea de albine sunt zaharoza \u0219i fructoza, dar se g\u0103sesc \u0219i cantit\u0103\u021bi mai mici de maltoz\u0103, trehaloz\u0103, melezitoz\u0103, rafinoz\u0103 \u0219i alte oligozaharide. Pe l\u00e2ng\u0103 zah\u0103r \u0219i ap\u0103, mierea de albine con\u021bine, de asemenea, aminoacizi esen\u021biali, minerale, oligoelemente, adenozine, fosfa\u021bi \u0219i alte ingrediente, cum ar fi vitaminele.<\/p>\n<p><strong>Utilizare:<\/strong><br \/>\nPentru speciile de furnici m\u00e2nc\u0103toare de miere (Meliphagidae)<br \/>\nAcesta este un furaj suplimentar<br \/>\nAcesta poate fi oferit animalelor sub form\u0103 de hran\u0103. Deoarece concentra\u021bia de zah\u0103r este redus\u0103 de umiditate \u0219i \u00eencepe un proces de fermentare, hrana trebuie \u00eenlocuit\u0103 la fiecare 3 zile. Cur\u0103\u021ba\u021bi bine bolul\/tubul de hr\u0103nire \u00eenainte de a-l reutiliza.<br \/>\nOdat\u0103 ce un ambalaj a fost deschis, acesta trebuie p\u0103strat bine \u00eenchis p\u00e2n\u0103 la data de expirare.<\/p>\n<p><strong>Informa\u021bii nutri\u021bionale per 100 g:<\/strong><br \/>\naprox. 2,7 % gr\u0103simi<br \/>\ndin care saturate aprox. 0,45 %<br \/>\naprox. 95 % carbohidra\u021bi<br \/>\ndin care zah\u0103r aproximativ 71<br \/>\naproximativ 2,85% proteine<\/p>\n<p>Minerale (potasiu, calciu, cupru, fier, fier, sodiu, magneziu, fosfor, zinc \u0219i alte oligoelemente) Aminoacizi (prolin\u0103, leucin\u0103, fenilalanin\u0103, alanin\u0103, histidin\u0103, izoleucin\u0103, acid glutamic, arginin\u0103, acid aspartic etc.) Acizi organici Enzime (fermen\u021bi)Arome Inhibitori (substan\u021be antibacteriene) Flori Polen<\/p>\n<p><strong>Depozitare:<\/strong><br \/>\nPentru a asigura calitatea furajelor, acestea trebuie depozitate \u00eentr-un loc \u00eentunecat \u0219i uscat.<\/p>\n<p><strong>Not\u0103:<\/strong><br \/>\nHran\u0103 suplimentar\u0103 pentru furnicile m\u00e2nc\u0103toare de miere.<br \/>\nV\u0103 rug\u0103m s\u0103 consulta\u021bi prospectul pentru compozi\u021bie, ingrediente analitice, data limit\u0103 de consum \u0219i num\u0103rul de lot.<\/p>\n<p>Linia telefonic\u0103 pentru informa\u021bii +49 30 439703870<\/p>\n<p><strong>Inspectoratul veterinar \u0219i alimentar responsabil:<\/strong><br \/>\nCabinet veterinar Steglitz<br \/>\nK\u00f6nigin-Luise-Str. 92<br \/>\n14195 Berlin<\/p>","protected":false},"excerpt":{"rendered":"<p>Setul este format din 35 de piese<\/p>","protected":false},"featured_media":8855,"comment_status":"open","ping_status":"closed","template":"","meta":{"_acf_changed":false,"content-type":"","_monsterinsights_skip_tracking":false,"_monsterinsights_sitenote_active":false,"_monsterinsights_sitenote_note":"","_monsterinsights_sitenote_category":0},"product_brand":[],"product_cat":[355,73],"product_tag":[],"class_list":{"0":"post-8853","1":"product","2":"type-product","3":"status-publish","4":"has-post-thumbnail","6":"product_cat-bundle-offers","7":"product_cat-starter-sets","8":"product_shipping_class-germany-only","10":"first","11":"outofstock","12":"taxable","13":"shipping-taxable","14":"purchasable","15":"product-type-simple"},"acf":[],"aioseo_notices":[],"jetpack_sharing_enabled":true,"_links":{"self":[{"href":"https:\/\/antcube.shop\/ro\/wp-json\/wp\/v2\/product\/8853","targetHints":{"allow":["GET"]}}],"collection":[{"href":"https:\/\/antcube.shop\/ro\/wp-json\/wp\/v2\/product"}],"about":[{"href":"https:\/\/antcube.shop\/ro\/wp-json\/wp\/v2\/types\/product"}],"replies":[{"embeddable":true,"href":"https:\/\/antcube.shop\/ro\/wp-json\/wp\/v2\/comments?post=8853"}],"wp:featuredmedia":[{"embeddable":true,"href":"https:\/\/antcube.shop\/ro\/wp-json\/wp\/v2\/media\/8855"}],"wp:attachment":[{"href":"https:\/\/antcube.shop\/ro\/wp-json\/wp\/v2\/media?parent=8853"}],"wp:term":[{"taxonomy":"product_brand","embeddable":true,"href":"https:\/\/antcube.shop\/ro\/wp-json\/wp\/v2\/product_brand?post=8853"},{"taxonomy":"product_cat","embeddable":true,"href":"https:\/\/antcube.shop\/ro\/wp-json\/wp\/v2\/product_cat?post=8853"},{"taxonomy":"product_tag","embeddable":true,"href":"https:\/\/antcube.shop\/ro\/wp-json\/wp\/v2\/product_tag?post=8853"}],"curies":[{"name":"wp","href":"https:\/\/api.w.org\/{rel}","templated":true}]}}