{"id":8718,"date":"2024-07-22T15:43:52","date_gmt":"2024-07-22T13:43:52","guid":{"rendered":"https:\/\/antcube.shop\/product\/bonsai-tree-deko\/"},"modified":"2026-01-20T18:00:36","modified_gmt":"2026-01-20T17:00:36","slug":"bonsai-copac-deko","status":"publish","type":"product","link":"https:\/\/antcube.shop\/ro\/produs\/bonsai-copac-deko\/","title":{"rendered":"Bonsai-Tree"},"content":{"rendered":"<p>Dimensiune \/ \u00een\u0103l\u021bime 20 cm p\u00e2n\u0103 la 28 cm<br \/>\nDiametru ~ 10 cm -20 cm, ideal pentru arene de 30x30x30 cm \u0219i mai mari.<br \/>\nGreutatea variaz\u0103 \u00eentre 250 \u0219i 400 de grame<\/p>\n<p>Arborele nostru Bonsai este o decora\u021biune ideal\u0103 pentru formicariul dumneavoastr\u0103. Acesta poate fi utilizat at\u00e2t independent \u00eentr-un formicarium, c\u00e2t \u0219i \u00een vivarii plantate natural. Deoarece furnicile se pot ascunde sub sau \u00een bonsai, v\u0103 recomand\u0103m s\u0103 \u00eel utiliza\u021bi numai dup\u0103 ce colonia dvs. de furnici s-a mutat deja \u00een cuibul s\u0103u. \u00cen caz contrar, acestea \u00eel pot prefera ca loc de cuib\u0103rit \u0219i ve\u021bi pierde din vedere cuibul.<\/p>\n<p><strong>ATEN\u021aIE:<\/strong> V\u0103 rug\u0103m s\u0103 nu plasa\u021bi \u00een formicaria foarte umed\u0103 (peste 60% umiditate). Bonsaiul ar putea \u00eencepe s\u0103 muceg\u0103iasc\u0103. Cu o ventila\u021bie foarte bun\u0103, bonsaiul poate fi plasat \u0219i \u00een formicaria mai umed\u0103.<\/p>\n<p><span data-text-color=\"alert\"><strong>NOT\u0102 IMPORTANT\u0102 CU PRIVIRE LA ACEST ARTICOL:<\/strong><\/span><br \/>\nDeoarece acesta este un produs natural \/ unic, imaginile de aici nu sunt complet identice cu articolul pe care \u00eel ve\u021bi primi. Vor exista varia\u021bii \u00een ceea ce prive\u0219te dimensiunea, forma \u0219i culoarea mini-copilului, precum \u0219i a pl\u0103cii de baz\u0103 din ardezie de carier\u0103. Garant\u0103m doar \u00een\u0103l\u021bimea maxim\u0103 a articolului.<\/p>\n<p>Prin comandarea acestui articol, sunte\u021bi de acord \u0219i consim\u021bi\u021bi\u021bi la posibilele varia\u021bii de mai sus ale produsului \u00een ceea ce prive\u0219te dimensiunea, forma \u0219i culoarea la momentul achizi\u021biei.<\/p>","protected":false},"excerpt":{"rendered":"<p>Dimensiuni: 20-28 cm \u00een\u0103l\u021bime<\/p>","protected":false},"featured_media":8721,"comment_status":"open","ping_status":"closed","template":"","meta":{"_acf_changed":false,"content-type":"","_monsterinsights_skip_tracking":false,"_monsterinsights_sitenote_active":false,"_monsterinsights_sitenote_note":"","_monsterinsights_sitenote_category":0},"product_brand":[],"product_cat":[95,98],"product_tag":[],"class_list":{"0":"post-8718","1":"product","2":"type-product","3":"status-publish","4":"has-post-thumbnail","6":"product_cat-accessories-for-ants","7":"product_cat-decoration","9":"first","10":"outofstock","11":"taxable","12":"shipping-taxable","13":"purchasable","14":"product-type-simple"},"acf":[],"aioseo_notices":[],"jetpack_sharing_enabled":true,"_links":{"self":[{"href":"https:\/\/antcube.shop\/ro\/wp-json\/wp\/v2\/product\/8718","targetHints":{"allow":["GET"]}}],"collection":[{"href":"https:\/\/antcube.shop\/ro\/wp-json\/wp\/v2\/product"}],"about":[{"href":"https:\/\/antcube.shop\/ro\/wp-json\/wp\/v2\/types\/product"}],"replies":[{"embeddable":true,"href":"https:\/\/antcube.shop\/ro\/wp-json\/wp\/v2\/comments?post=8718"}],"wp:featuredmedia":[{"embeddable":true,"href":"https:\/\/antcube.shop\/ro\/wp-json\/wp\/v2\/media\/8721"}],"wp:attachment":[{"href":"https:\/\/antcube.shop\/ro\/wp-json\/wp\/v2\/media?parent=8718"}],"wp:term":[{"taxonomy":"product_brand","embeddable":true,"href":"https:\/\/antcube.shop\/ro\/wp-json\/wp\/v2\/product_brand?post=8718"},{"taxonomy":"product_cat","embeddable":true,"href":"https:\/\/antcube.shop\/ro\/wp-json\/wp\/v2\/product_cat?post=8718"},{"taxonomy":"product_tag","embeddable":true,"href":"https:\/\/antcube.shop\/ro\/wp-json\/wp\/v2\/product_tag?post=8718"}],"curies":[{"name":"wp","href":"https:\/\/api.w.org\/{rel}","templated":true}]}}