{"id":8518,"date":"2024-06-10T10:41:37","date_gmt":"2024-06-10T08:41:37","guid":{"rendered":"https:\/\/antcube.shop\/product\/poster\/"},"modified":"2025-09-30T10:22:23","modified_gmt":"2025-09-30T08:22:23","slug":"poster-anatomie","status":"publish","type":"product","link":"https:\/\/antcube.shop\/ro\/produs\/poster-anatomie\/","title":{"rendered":"Poster Anatomie"},"content":{"rendered":"<p>Postere de calitate muzeal\u0103 realizate pe h\u00e2rtie mat\u0103 groas\u0103. Ad\u0103uga\u021bi un accent minunat \u00een camera \u0219i biroul dvs. cu aceste postere care vor \u00eenveseli cu siguran\u021b\u0103 orice mediu.<\/p>\n<p>- Grosimea h\u00e2rtiei: 10.3 mil<br \/>\n- Greutatea h\u00e2rtiei: 189 g\/m\u00b2<br \/>\n- Opacitate: 94%<br \/>\n- Luminozitate ISO: 104%<br \/>\n- H\u00e2rtia provine din Japonia<\/p>\n<p>Acest produs este fabricat special pentru dumneavoastr\u0103 imediat ce plasa\u021bi o comand\u0103, motiv pentru care ne ia ceva mai mult timp s\u0103 vi-l livr\u0103m. Fabricarea produselor la cerere, \u00een loc de cele \u00een vrac, ajut\u0103 la reducerea supraproduc\u021biei, a\u0219a c\u0103 v\u0103 mul\u021bumim c\u0103 lua\u021bi decizii de cump\u0103rare atente!<\/p>","protected":false},"excerpt":{"rendered":"<p>Postere de calitate muzeal\u0103 realizate pe h\u00e2rtie mat\u0103 groas\u0103. Ad\u0103uga\u021bi un accent minunat \u00een camera \u0219i biroul dvs. cu aceste postere care vor \u00eenveseli cu siguran\u021b\u0103 orice mediu. - Grosimea h\u00e2rtiei: 10,3 mil - Greutatea h\u00e2rtiei: 189 g\/m\u00b2 - Opacitate: 94% - Luminozitate ISO: 104% - H\u00e2rtia provine din Japonia Acest produs este realizat special pentru","protected":false},"featured_media":8523,"comment_status":"open","ping_status":"closed","template":"","meta":{"_acf_changed":false,"content-type":"","_monsterinsights_skip_tracking":false,"_monsterinsights_sitenote_active":false,"_monsterinsights_sitenote_note":"","_monsterinsights_sitenote_category":0},"product_brand":[],"product_cat":[245],"product_tag":[],"class_list":{"0":"post-8518","1":"product","2":"type-product","3":"status-publish","4":"has-post-thumbnail","6":"product_cat-merchandise","8":"first","9":"instock","10":"taxable","11":"shipping-taxable","12":"purchasable","13":"product-type-variable"},"acf":[],"aioseo_notices":[],"jetpack_sharing_enabled":true,"_links":{"self":[{"href":"https:\/\/antcube.shop\/ro\/wp-json\/wp\/v2\/product\/8518","targetHints":{"allow":["GET"]}}],"collection":[{"href":"https:\/\/antcube.shop\/ro\/wp-json\/wp\/v2\/product"}],"about":[{"href":"https:\/\/antcube.shop\/ro\/wp-json\/wp\/v2\/types\/product"}],"replies":[{"embeddable":true,"href":"https:\/\/antcube.shop\/ro\/wp-json\/wp\/v2\/comments?post=8518"}],"wp:featuredmedia":[{"embeddable":true,"href":"https:\/\/antcube.shop\/ro\/wp-json\/wp\/v2\/media\/8523"}],"wp:attachment":[{"href":"https:\/\/antcube.shop\/ro\/wp-json\/wp\/v2\/media?parent=8518"}],"wp:term":[{"taxonomy":"product_brand","embeddable":true,"href":"https:\/\/antcube.shop\/ro\/wp-json\/wp\/v2\/product_brand?post=8518"},{"taxonomy":"product_cat","embeddable":true,"href":"https:\/\/antcube.shop\/ro\/wp-json\/wp\/v2\/product_cat?post=8518"},{"taxonomy":"product_tag","embeddable":true,"href":"https:\/\/antcube.shop\/ro\/wp-json\/wp\/v2\/product_tag?post=8518"}],"curies":[{"name":"wp","href":"https:\/\/api.w.org\/{rel}","templated":true}]}}