{"id":8505,"date":"2024-06-10T10:40:55","date_gmt":"2024-06-10T08:40:55","guid":{"rendered":"https:\/\/antcube.shop\/product\/sports-water-bottle\/"},"modified":"2025-12-03T21:47:07","modified_gmt":"2025-12-03T20:47:07","slug":"sticla-de-apa-pentru-sport","status":"publish","type":"product","link":"https:\/\/antcube.shop\/ro\/produs\/sticla-de-apa-pentru-sport\/","title":{"rendered":"Sticl\u0103 de ap\u0103 pentru sport"},"content":{"rendered":"<p>Ob\u021bine\u021bi o sticl\u0103 de ap\u0103 personalizat\u0103 \u0219i sport din plastic reciclat 50% pentru a v\u0103 hidrata cu stil. Rezistent\u0103 la pete, spargere \u0219i mirosuri, v\u0103 p\u0103streaz\u0103 b\u0103uturile proaspete, iar capacul antiversare \u0219i supapa de mu\u0219c\u0103tur\u0103 previn scurgerile. Dimensiunea foarte mare a acestei sticle este, de asemenea, potrivit\u0103 pentru orice sesiune lung\u0103 de gimnastic\u0103, munc\u0103 sau studiu! - 25<\/p>\n<p>- 25 oz (739 ml) <br \/>\n- Dimensiuni: 10\u2033 \u00d7 3\u2033 (25,4 \u00d7 7,62 cm)<br \/>\n- Material reciclat Eastman Tritan\u2122 Renew 50% f\u0103r\u0103 BPA <br \/>\n- Rezistent la pete, cioburi \u0219i mirosuri<br \/>\n- Capac \u00een\u0219urubat anti-deversare cu supap\u0103 de mu\u0219c\u0103tur\u0103<br \/>\n- M\u00e2ner de transport cu un singur deget<\/p>","protected":false},"excerpt":{"rendered":"<p>Ob\u021bine\u021bi o sticl\u0103 de ap\u0103 personalizat\u0103 \u0219i sport din plastic reciclat 50% pentru a v\u0103 hidrata cu stil. Rezistent\u0103 la pete, spargere \u0219i mirosuri, v\u0103 p\u0103streaz\u0103 b\u0103uturile proaspete, iar capacul antiversare \u0219i supapa de mu\u0219c\u0103tur\u0103 previn scurgerile. Dimensiunea foarte mare a acestei sticle este, de asemenea, potrivit\u0103 pentru orice sesiune lung\u0103 de gimnastic\u0103, munc\u0103 sau studiu! - 25","protected":false},"featured_media":0,"comment_status":"open","ping_status":"closed","template":"","meta":{"_acf_changed":false,"content-type":"","_monsterinsights_skip_tracking":false,"_monsterinsights_sitenote_active":false,"_monsterinsights_sitenote_note":"","_monsterinsights_sitenote_category":0},"product_brand":[],"product_cat":[245],"product_tag":[],"class_list":{"0":"post-8505","1":"product","2":"type-product","3":"status-publish","5":"product_cat-merchandise","7":"first","8":"outofstock","9":"taxable","10":"shipping-taxable","11":"product-type-variable"},"acf":[],"aioseo_notices":[],"jetpack_sharing_enabled":true,"_links":{"self":[{"href":"https:\/\/antcube.shop\/ro\/wp-json\/wp\/v2\/product\/8505","targetHints":{"allow":["GET"]}}],"collection":[{"href":"https:\/\/antcube.shop\/ro\/wp-json\/wp\/v2\/product"}],"about":[{"href":"https:\/\/antcube.shop\/ro\/wp-json\/wp\/v2\/types\/product"}],"replies":[{"embeddable":true,"href":"https:\/\/antcube.shop\/ro\/wp-json\/wp\/v2\/comments?post=8505"}],"wp:attachment":[{"href":"https:\/\/antcube.shop\/ro\/wp-json\/wp\/v2\/media?parent=8505"}],"wp:term":[{"taxonomy":"product_brand","embeddable":true,"href":"https:\/\/antcube.shop\/ro\/wp-json\/wp\/v2\/product_brand?post=8505"},{"taxonomy":"product_cat","embeddable":true,"href":"https:\/\/antcube.shop\/ro\/wp-json\/wp\/v2\/product_cat?post=8505"},{"taxonomy":"product_tag","embeddable":true,"href":"https:\/\/antcube.shop\/ro\/wp-json\/wp\/v2\/product_tag?post=8505"}],"curies":[{"name":"wp","href":"https:\/\/api.w.org\/{rel}","templated":true}]}}