{"id":8320,"date":"2024-06-10T10:36:48","date_gmt":"2024-06-10T08:36:48","guid":{"rendered":"https:\/\/antcube.shop\/product\/unisex-t-shirt-2\/"},"modified":"2024-12-12T11:08:12","modified_gmt":"2024-12-12T10:08:12","slug":"tricou-unisex-2","status":"publish","type":"product","link":"https:\/\/antcube.shop\/ro\/produs\/tricou-unisex-2\/","title":{"rendered":"Tricou unisex"},"content":{"rendered":"<p>Acest tricou este tot ceea ce ai visat \u0219i chiar mai mult. Se simte moale \u0219i u\u0219or, cu o cantitate potrivit\u0103 de elasticitate. Este confortabil \u0219i m\u0103gulitor pentru toate. <\/p>\n<p>- 100% bumbac piept\u0103nat \u0219i filat \u00een inele (culorile Heather con\u021bin poliester)<br \/>\n- Greutatea \u021bes\u0103turii: 4.2 oz.\/yd.\u00b2 (142 g\/m\u00b2)<br \/>\n- Tesatura pre-retractat\u0103<br \/>\n- Construc\u021bie cu cus\u0103turi laterale<br \/>\n- Bandaj de la um\u0103r la um\u0103r<br \/>\n- Produs gol provenit din Nicaragua, Mexic, Honduras sau SUA<\/p>\n<p>Acest produs este fabricat special pentru dumneavoastr\u0103 imediat ce plasa\u021bi o comand\u0103, motiv pentru care ne ia ceva mai mult timp s\u0103 vi-l livr\u0103m. Fabricarea produselor la cerere, \u00een loc de cele \u00een vrac, ajut\u0103 la reducerea supraproduc\u021biei, a\u0219a c\u0103 v\u0103 mul\u021bumim c\u0103 lua\u021bi decizii de cump\u0103rare atente!<\/p>","protected":false},"excerpt":{"rendered":"<p>Acest tricou este tot ceea ce ai visat \u0219i chiar mai mult. Se simte moale \u0219i u\u0219or, cu o cantitate potrivit\u0103 de elasticitate. Este confortabil \u0219i m\u0103gulitor pentru toate. - 100% bumbac piept\u0103nat \u0219i filat cu inele (culorile Heather con\u021bin poliester) - Greutate \u021bes\u0103tur\u0103: 4,2 oz.\/yd.\u00b2 (142 g\/m\u00b2) - \u021aes\u0103tur\u0103 pre\u00eencremenit\u0103 - Construc\u021bie cu cus\u0103turi laterale - Band\u0103 de la um\u0103r la um\u0103r - Produs alb","protected":false},"featured_media":8423,"comment_status":"open","ping_status":"closed","template":"","meta":{"_acf_changed":false,"content-type":"","_monsterinsights_skip_tracking":false,"_monsterinsights_sitenote_active":false,"_monsterinsights_sitenote_note":"","_monsterinsights_sitenote_category":0},"product_brand":[],"product_cat":[245],"product_tag":[],"class_list":{"0":"post-8320","1":"product","2":"type-product","3":"status-publish","4":"has-post-thumbnail","6":"product_cat-merchandise","8":"first","9":"instock","10":"taxable","11":"shipping-taxable","12":"purchasable","13":"product-type-variable"},"acf":[],"aioseo_notices":[],"jetpack_sharing_enabled":true,"_links":{"self":[{"href":"https:\/\/antcube.shop\/ro\/wp-json\/wp\/v2\/product\/8320","targetHints":{"allow":["GET"]}}],"collection":[{"href":"https:\/\/antcube.shop\/ro\/wp-json\/wp\/v2\/product"}],"about":[{"href":"https:\/\/antcube.shop\/ro\/wp-json\/wp\/v2\/types\/product"}],"replies":[{"embeddable":true,"href":"https:\/\/antcube.shop\/ro\/wp-json\/wp\/v2\/comments?post=8320"}],"wp:featuredmedia":[{"embeddable":true,"href":"https:\/\/antcube.shop\/ro\/wp-json\/wp\/v2\/media\/8423"}],"wp:attachment":[{"href":"https:\/\/antcube.shop\/ro\/wp-json\/wp\/v2\/media?parent=8320"}],"wp:term":[{"taxonomy":"product_brand","embeddable":true,"href":"https:\/\/antcube.shop\/ro\/wp-json\/wp\/v2\/product_brand?post=8320"},{"taxonomy":"product_cat","embeddable":true,"href":"https:\/\/antcube.shop\/ro\/wp-json\/wp\/v2\/product_cat?post=8320"},{"taxonomy":"product_tag","embeddable":true,"href":"https:\/\/antcube.shop\/ro\/wp-json\/wp\/v2\/product_tag?post=8320"}],"curies":[{"name":"wp","href":"https:\/\/api.w.org\/{rel}","templated":true}]}}