{"id":8185,"date":"2024-06-10T10:28:06","date_gmt":"2024-06-10T08:28:06","guid":{"rendered":"https:\/\/antcube.shop\/product\/boxer-briefs\/"},"modified":"2024-12-12T11:08:38","modified_gmt":"2024-12-12T10:08:38","slug":"chiloti-boxeri","status":"publish","type":"product","link":"https:\/\/antcube.shop\/ro\/produs\/chiloti-boxeri\/","title":{"rendered":"Boxeri Boxer Briefs"},"content":{"rendered":"<p>Ace\u0219ti boxeri sunt confec\u021biona\u021bi dintr-un material moale \u0219i elastic, care asigur\u0103 confort pe tot parcursul zilei. Boxerii nu au cus\u0103tur\u0103 la spate \u0219i sunt prev\u0103zu\u021bi cu o pung\u0103 frontal\u0103 c\u0103ptu\u0219it\u0103 pentru un plus de confort \u0219i sus\u021binere. <\/p>\n<p>- 95% poliester, 5% elastan (compozi\u021bia \u021bes\u0103turii poate varia \u00een func\u021bie de 1%)<br \/>\n- \u00cen\u0103l\u021bime medie<br \/>\n- Punga frontal\u0103 c\u0103ptu\u0219it\u0103 pentru suport suplimentar<br \/>\n- Band\u0103 elastic\u0103 de 4 cm l\u0103\u021bime acoperit\u0103 cu \u021bes\u0103tur\u0103<br \/>\n- Panoul de \u00eentre picioare <br \/>\n- Overlock \u0219i coverstitch <br \/>\n- F\u0103r\u0103 cus\u0103tur\u0103 \u00een spate pentru un confort sporit<br \/>\n- Componente de produse goale din UE provenite din Lituania<br \/>\n- Componente de produse goale din Mexic, provenite din SUA \u0219i China<\/p>","protected":false},"excerpt":{"rendered":"<p>Ace\u0219ti boxeri sunt confec\u021biona\u021bi dintr-un material moale \u0219i elastic, care asigur\u0103 confort pe tot parcursul zilei. Boxerii nu au cus\u0103tur\u0103 la spate \u0219i sunt prev\u0103zu\u021bi cu o pung\u0103 frontal\u0103 c\u0103ptu\u0219it\u0103 pentru un plus de confort \u0219i sus\u021binere. - 95% poliester, 5% elastan (compozi\u021bia \u021bes\u0103turii poate varia \u00een func\u021bie de 1%) - \u00cen\u0103l\u021bime medie - Buzunar frontal c\u0103ptu\u0219it pentru un plus de [...]","protected":false},"featured_media":8195,"comment_status":"open","ping_status":"closed","template":"","meta":{"_acf_changed":false,"content-type":"","_monsterinsights_skip_tracking":false,"_monsterinsights_sitenote_active":false,"_monsterinsights_sitenote_note":"","_monsterinsights_sitenote_category":0},"product_brand":[],"product_cat":[245],"product_tag":[],"class_list":{"0":"post-8185","1":"product","2":"type-product","3":"status-publish","4":"has-post-thumbnail","6":"product_cat-merchandise","8":"first","9":"instock","10":"taxable","11":"shipping-taxable","12":"purchasable","13":"product-type-variable"},"acf":[],"aioseo_notices":[],"jetpack_sharing_enabled":true,"_links":{"self":[{"href":"https:\/\/antcube.shop\/ro\/wp-json\/wp\/v2\/product\/8185","targetHints":{"allow":["GET"]}}],"collection":[{"href":"https:\/\/antcube.shop\/ro\/wp-json\/wp\/v2\/product"}],"about":[{"href":"https:\/\/antcube.shop\/ro\/wp-json\/wp\/v2\/types\/product"}],"replies":[{"embeddable":true,"href":"https:\/\/antcube.shop\/ro\/wp-json\/wp\/v2\/comments?post=8185"}],"wp:featuredmedia":[{"embeddable":true,"href":"https:\/\/antcube.shop\/ro\/wp-json\/wp\/v2\/media\/8195"}],"wp:attachment":[{"href":"https:\/\/antcube.shop\/ro\/wp-json\/wp\/v2\/media?parent=8185"}],"wp:term":[{"taxonomy":"product_brand","embeddable":true,"href":"https:\/\/antcube.shop\/ro\/wp-json\/wp\/v2\/product_brand?post=8185"},{"taxonomy":"product_cat","embeddable":true,"href":"https:\/\/antcube.shop\/ro\/wp-json\/wp\/v2\/product_cat?post=8185"},{"taxonomy":"product_tag","embeddable":true,"href":"https:\/\/antcube.shop\/ro\/wp-json\/wp\/v2\/product_tag?post=8185"}],"curies":[{"name":"wp","href":"https:\/\/api.w.org\/{rel}","templated":true}]}}