{"id":7997,"date":"2024-06-07T18:17:29","date_gmt":"2024-06-07T16:17:29","guid":{"rendered":"https:\/\/antcube.shop\/product\/unisex-hoodie\/"},"modified":"2024-12-12T11:08:58","modified_gmt":"2024-12-12T10:08:58","slug":"hanorac-unisex","status":"publish","type":"product","link":"https:\/\/antcube.shop\/ro\/produs\/hanorac-unisex\/","title":{"rendered":"Unisex Hoodie Hoodie"},"content":{"rendered":"<p>Toat\u0103 lumea are nevoie de un hanorac confortabil \u00een care s\u0103 se ghemuiasc\u0103, a\u0219a c\u0103 alege unul care este moale, neted \u0219i elegant. Este alegerea perfect\u0103 pentru serile mai r\u0103coroase!<\/p>\n<p>- 50% bumbac pre\u00eencordat, 50% poliester<br \/>\n- Greutatea \u021bes\u0103turii: 8.0 oz\/yd\u00b2 (271.25 g\/m\u00b2)<br \/>\n- Fire filate cu jet de aer, cu o senza\u021bie de moale \u0219i cu un nivel redus de pilling<br \/>\n- Glug\u0103 dublat\u0103 cu cordon de potrivire<br \/>\n- Corp \u00eentors pe un sfert pentru a evita o falie pe mijloc<br \/>\n- 1 \u00d7 1 man\u0219ete atletice tricotate cu nervuri \u0219i talie cu spandex<br \/>\n- Buzunar frontal de buzunar pung\u0103<br \/>\n- Guler, umeri, bra\u021be, man\u0219ete, man\u0219ete \u0219i tiv cusute cu dou\u0103 ace<br \/>\n- Produs gol provenit din Bangladesh, Nicaragua, Honduras sau El Salvador<\/p>\n<p>Acest produs este fabricat special pentru dumneavoastr\u0103 imediat ce plasa\u021bi o comand\u0103, motiv pentru care ne ia ceva mai mult timp s\u0103 vi-l livr\u0103m. Fabricarea produselor la cerere, \u00een loc de cele \u00een vrac, ajut\u0103 la reducerea supraproduc\u021biei, a\u0219a c\u0103 v\u0103 mul\u021bumim c\u0103 lua\u021bi decizii de cump\u0103rare atente!<\/p>","protected":false},"excerpt":{"rendered":"<p>Toat\u0103 lumea are nevoie de un hanorac confortabil \u00een care s\u0103 se ghemuiasc\u0103, a\u0219a c\u0103 alege unul care este moale, neted \u0219i elegant. Este alegerea perfect\u0103 pentru serile mai r\u0103coroase! - 50% bumbac pre-retractat, 50% poliester - Greutatea \u021bes\u0103turii: 8,0 oz\/yd\u00b2 (271,25 g\/m\u00b2) - Fire filate cu jet de aer cu o senza\u021bie de moliciune \u0219i cu un efect redus de pilling - Glug\u0103 cu c\u0103ptu\u0219eal\u0103 dubl\u0103 cu potrivire","protected":false},"featured_media":8060,"comment_status":"open","ping_status":"closed","template":"","meta":{"_acf_changed":false,"content-type":"","_monsterinsights_skip_tracking":false,"_monsterinsights_sitenote_active":false,"_monsterinsights_sitenote_note":"","_monsterinsights_sitenote_category":0},"product_brand":[],"product_cat":[245],"product_tag":[],"class_list":{"0":"post-7997","1":"product","2":"type-product","3":"status-publish","4":"has-post-thumbnail","6":"product_cat-merchandise","8":"first","9":"instock","10":"taxable","11":"shipping-taxable","12":"purchasable","13":"product-type-variable"},"acf":[],"aioseo_notices":[],"jetpack_sharing_enabled":true,"_links":{"self":[{"href":"https:\/\/antcube.shop\/ro\/wp-json\/wp\/v2\/product\/7997","targetHints":{"allow":["GET"]}}],"collection":[{"href":"https:\/\/antcube.shop\/ro\/wp-json\/wp\/v2\/product"}],"about":[{"href":"https:\/\/antcube.shop\/ro\/wp-json\/wp\/v2\/types\/product"}],"replies":[{"embeddable":true,"href":"https:\/\/antcube.shop\/ro\/wp-json\/wp\/v2\/comments?post=7997"}],"wp:featuredmedia":[{"embeddable":true,"href":"https:\/\/antcube.shop\/ro\/wp-json\/wp\/v2\/media\/8060"}],"wp:attachment":[{"href":"https:\/\/antcube.shop\/ro\/wp-json\/wp\/v2\/media?parent=7997"}],"wp:term":[{"taxonomy":"product_brand","embeddable":true,"href":"https:\/\/antcube.shop\/ro\/wp-json\/wp\/v2\/product_brand?post=7997"},{"taxonomy":"product_cat","embeddable":true,"href":"https:\/\/antcube.shop\/ro\/wp-json\/wp\/v2\/product_cat?post=7997"},{"taxonomy":"product_tag","embeddable":true,"href":"https:\/\/antcube.shop\/ro\/wp-json\/wp\/v2\/product_tag?post=7997"}],"curies":[{"name":"wp","href":"https:\/\/api.w.org\/{rel}","templated":true}]}}