{"id":7942,"date":"2024-05-29T15:42:05","date_gmt":"2024-05-29T13:42:05","guid":{"rendered":"https:\/\/antcube.shop\/product\/rote-abdeckplatte-20x20-liegend\/"},"modified":"2026-04-16T12:33:06","modified_gmt":"2026-04-16T10:33:06","slug":"placa-de-acoperire-rosie-20x20","status":"publish","type":"product","link":"https:\/\/antcube.shop\/ro\/produs\/placa-de-acoperire-rosie-20x20\/","title":{"rendered":"Plac\u0103 de acoperire ro\u0219ie 20\u00d720 - orizontal\u0103"},"content":{"rendered":"<p><strong>Dimensiuni:<\/strong> 180 x 180 mm,<br \/>\n<strong>Grosime:<\/strong> 3 mm<br \/>\nDimensiunea exterioar\u0103 a inelului cu gaur\u0103 de 56 mm - Dimensiunea interioar\u0103 a g\u0103urii de 33 mm<\/p>\n<p><strong>Material:<\/strong> PMMA<\/p>\n<p><strong>Culoare:<\/strong> ro\u0219u \u00eenchis, transparent<\/p>\n<p><strong>Con\u021binut:<\/strong> 1 buc.<\/p>\n<p><strong>Descriere:<\/strong> Placa de acoperire ro\u0219ie transparent\u0103 - orizontal\u0103, este folosit\u0103 pentru a da furnicilor senza\u021bia c\u0103 se afl\u0103 sub p\u0103m\u00e2nt. Prin urmare, recomand\u0103m utilizarea acestui produs cel pu\u021bin par\u021bial \u00een zona cuibului. Pute\u021bi vedea furnicile din cuib chiar \u0219i prin capac.<\/p>","protected":false},"excerpt":{"rendered":"<p>Dimensiuni: 180 x 180 mm, Grosime: 3 mm Dimensiunea exterioar\u0103 a inelului cu gaur\u0103 de 56 mm - dimensiunea interioar\u0103 a g\u0103urii de 33 mm Material: PMMA Culoare: ro\u0219u \u00eenchis, transparent Con\u021binut: ro\u0219u \u00eenchis, transparent: 1 buc. Descriere: 1 buc: Placa de acoperire ro\u0219ie transparent\u0103 - orizontal\u0103, este folosit\u0103 pentru a da furnicilor senza\u021bia de subteran. Prin urmare, recomand\u0103m utilizarea acestui produs cel pu\u021bin par\u021bial \u00een","protected":false},"featured_media":7945,"comment_status":"open","ping_status":"closed","template":"","meta":{"_acf_changed":false,"content-type":"","_monsterinsights_skip_tracking":false,"_monsterinsights_sitenote_active":false,"_monsterinsights_sitenote_note":"","_monsterinsights_sitenote_category":0},"product_brand":[],"product_cat":[119,239],"product_tag":[],"class_list":{"0":"post-7942","1":"product","2":"type-product","3":"status-publish","4":"has-post-thumbnail","6":"product_cat-formicarium-components","7":"product_cat-useful-additions","9":"first","10":"instock","11":"taxable","12":"shipping-taxable","13":"purchasable","14":"product-type-simple"},"acf":[],"aioseo_notices":[],"jetpack_sharing_enabled":true,"_links":{"self":[{"href":"https:\/\/antcube.shop\/ro\/wp-json\/wp\/v2\/product\/7942","targetHints":{"allow":["GET"]}}],"collection":[{"href":"https:\/\/antcube.shop\/ro\/wp-json\/wp\/v2\/product"}],"about":[{"href":"https:\/\/antcube.shop\/ro\/wp-json\/wp\/v2\/types\/product"}],"replies":[{"embeddable":true,"href":"https:\/\/antcube.shop\/ro\/wp-json\/wp\/v2\/comments?post=7942"}],"wp:featuredmedia":[{"embeddable":true,"href":"https:\/\/antcube.shop\/ro\/wp-json\/wp\/v2\/media\/7945"}],"wp:attachment":[{"href":"https:\/\/antcube.shop\/ro\/wp-json\/wp\/v2\/media?parent=7942"}],"wp:term":[{"taxonomy":"product_brand","embeddable":true,"href":"https:\/\/antcube.shop\/ro\/wp-json\/wp\/v2\/product_brand?post=7942"},{"taxonomy":"product_cat","embeddable":true,"href":"https:\/\/antcube.shop\/ro\/wp-json\/wp\/v2\/product_cat?post=7942"},{"taxonomy":"product_tag","embeddable":true,"href":"https:\/\/antcube.shop\/ro\/wp-json\/wp\/v2\/product_tag?post=7942"}],"curies":[{"name":"wp","href":"https:\/\/api.w.org\/{rel}","templated":true}]}}